{"id":603,"date":"2019-03-12T04:46:34","date_gmt":"2019-03-12T04:46:34","guid":{"rendered":"https:\/\/pamg.bv6bm9j6-liquidwebsites.com\/?page_id=603"},"modified":"2019-04-06T12:04:11","modified_gmt":"2019-04-06T12:04:11","slug":"titan-skin-tightening","status":"publish","type":"page","link":"https:\/\/precisionaestheticsmg.com\/es\/cosmetic-procedures-santa-ana\/titan-skin-tightening\/","title":{"rendered":"Titan Skin Tightening"},"content":{"rendered":"<div class=\"fusion-fullwidth fullwidth-box fusion-builder-row-1 nonhundred-percent-fullwidth non-hundred-percent-height-scrolling\" style=\"--awb-border-radius-top-left:0px;--awb-border-radius-top-right:0px;--awb-border-radius-bottom-right:0px;--awb-border-radius-bottom-left:0px;--awb-flex-wrap:wrap;\" ><div class=\"fusion-builder-row fusion-row\"><div class=\"fusion-layout-column fusion_builder_column fusion-builder-column-0 fusion_builder_column_1_1 1_1 fusion-one-full fusion-column-first fusion-column-last\" style=\"--awb-bg-size:cover;\"><div class=\"fusion-column-wrapper fusion-flex-column-wrapper-legacy\"><div class=\"fusion-text fusion-text-1\"><h1>Cutera\u00ae Titan\u2122 en Santa Ana\/Irvine<\/h1>\n<p><img data-recalc-dims=\"1\" decoding=\"async\" class=\"alignright wp-image-499 size-full\" title=\"Skin Tightening Santa Ana &amp; Irvine\" src=\"https:\/\/i0.wp.com\/precisionaestheticsmg.com\/wp-content\/uploads\/2019\/01\/titan-skin-tightening-santa-ana.png?resize=301%2C224\" alt=\"Titan Skin Tightening Santa Ana\" width=\"301\" height=\"224\" srcset=\"https:\/\/i0.wp.com\/precisionaestheticsmg.com\/wp-content\/uploads\/2019\/01\/titan-skin-tightening-santa-ana.png?resize=200%2C149&amp;ssl=1 200w, https:\/\/i0.wp.com\/precisionaestheticsmg.com\/wp-content\/uploads\/2019\/01\/titan-skin-tightening-santa-ana.png?resize=300%2C223&amp;ssl=1 300w, https:\/\/i0.wp.com\/precisionaestheticsmg.com\/wp-content\/uploads\/2019\/01\/titan-skin-tightening-santa-ana.png?fit=301%2C224&amp;ssl=1 301w\" sizes=\"(max-width: 301px) 100vw, 301px\" \/>La laxitud de la piel y la p\u00e9rdida de elasticidad es una parte inevitable del proceso de envejecimiento. En estos d\u00edas, la lucha contra las l\u00edneas finas, las arrugas y la piel flacidez suelta nunca ha sido tan f\u00e1cil. El sistema de estiramiento cut\u00e1neo Cutera\u00ae Titan\u2122 permite a los pacientes revertir signos molestos de envejecimiento y evitar que se formen preocupaciones futuras. Hombres y mujeres por igual se est\u00e1n convirtiendo en el procedimiento no invasivo para recuperar su apariencia juvenil del pasado sin cirug\u00eda, inyecciones, o un tiempo de recuperaci\u00f3n extenso.<\/p>\n<h2>La diferencia Titan\u2122<\/h2>\n<p>Su especialista en cuidado de la piel utilizar\u00e1 un dispositivo de mano para distribuir suavemente la luz infrarroja debajo de la superficie de la piel. A medida que el calor penetra en la dermis, causa contracci\u00f3n inmediata del col\u00e1geno mientras deja el tejido circundante ileso. Los tratamientos Titan\u2122 utilizan una tecnolog\u00eda de enfriamiento continuo para que el procedimiento sea c\u00f3modo. Cutera\u00ae Titan\u2122 es una forma segura y eficaz para los pacientes con todo tipo de piel para lograr una tez m\u00e1s suave.<\/p>\n<\/div>[fusion_youtube id=\u00bbhttps:\/\/youtu.be\/aQF5jKVQt9A\u00bb alignment=\u00bbcenter\u00bb width=\u00bb600&#8243; height=\u00bb350&#8243; autoplay=\u00bbfalse\u00bb api_params=\u00bb &amp;rel=0&#8243; hide_on_mobile=\u00bbsmall-visibility,medium-visibility,large-visibility\u00bb class=\u00bb\u00bb \/]<div class=\"fusion-sep-clear\"><\/div><div class=\"fusion-separator fusion-full-width-sep\" style=\"margin-left: auto;margin-right: auto;margin-top:20px;width:100%;\"><\/div><div class=\"fusion-sep-clear\"><\/div><div class=\"fusion-text fusion-text-2\"><p style=\"text-align: center;\">* Los resultados individuales pueden variar.<\/p>\n<\/div><div class=\"fusion-text fusion-text-3\"><h2>Preguntas Frecuentes de Titan\u2122<\/h2>\n<h3>\u00bfQu\u00e9 \u00e1reas se pueden tratar?<\/h3>\n<p>El procedimiento no invasivo se puede utilizar para minimizar la apariencia de l\u00edneas finas, arrugas, pliegues faciales y laxitud excesiva de la piel. Los tratamientos Titan\u2122 se pueden realizar en cualquier parte del cuerpo. Sin embargo, se suelen hacer en la cara, los brazos, el abdomen y las piernas.<\/p>\n<h3>\u00bfCu\u00e1ntos tratamientos necesitar\u00e9? *<\/h3>\n<p>Eso depende de la severidad de tus inquietudes est\u00e9ticas. En la mayor\u00eda de los casos, los pacientes requieren una serie de varios tratamientos separados alrededor de un mes para cumplir con sus objetivos finales. Una vez que haya alcanzado su resultado \u00f3ptimo, los tratamientos de mantenimiento se pueden hacer anualmente o seg\u00fan sea necesario.<\/p>\n<h3>\u00bfQu\u00e9 sucede despu\u00e9s del tratamiento?<\/h3>\n<p>Es posible que pueda ver algunos resultados iniciales inmediatamente despu\u00e9s de la sesi\u00f3n de Cutera\u00ae Titan\u2122. El aumento de la producci\u00f3n y contracci\u00f3n del col\u00e1geno seguir\u00e1 ocurriendo gradualmente durante 3-6 meses. Durante este tiempo, su apariencia facial mejorar\u00e1 constantemente.<\/p>\n<h3>\u00bfHay alguna restricci\u00f3n en mi actividad despu\u00e9s del tratamiento?<\/h3>\n<p>No hay tiempo de inactividad asociado con sus tratamientos Titan\u2122. Los pacientes son libres de ir sobre sus actividades normales despu\u00e9s de su cita.<\/p>\n<h3>\u00bfCu\u00e1les son los posibles efectos secundarios? *<\/h3>\n<p>Muy pocos efectos secundarios se reportan con el procedimiento no invasivo. Usted puede notar un leve enrojecimiento o hinchaz\u00f3n (similar a la de una quemadura de sol) que se disipara varias horas despu\u00e9s de su tratamiento.<\/p>\n<p>* Los resultados individuales pueden variar.<\/p>\n<h2>Financiamiento Est\u00e9tico<\/h2>\n<p>En la Est\u00e9tica de Precisi\u00f3n, aceptamos CareCredit para su conveniencia. Te ayudamos a lucir y sentirte lo mejor posible proporcionando tratamientos de bienestar y belleza con cuotas mensuales sencillas. Con CareCredit, usted puede comprar un solo tratamiento, m\u00faltiples tratamientos en un paquete del mismo d\u00eda, o mantener la l\u00ednea de cr\u00e9dito abierta para sus servicios favoritos sobre una base m\u00e1s frecuente. Registrarse es f\u00e1cil, y usted es libre de usar sus beneficios de CareCredit inmediatamente despu\u00e9s de la aprobaci\u00f3n.<\/p>\n<p>Sin embargo, tenga en cuenta que el financiamiento de su (s) tratamiento (es) utilizando CareCredit requiere un monto m\u00ednimo de compra. P\u00f3ngase en contacto con precisi\u00f3n est\u00e9tica para obtener m\u00e1s detalles.<\/p>\n<h2>Tome el Primer Paso<\/h2>\n<p>\u00bfListo para aprender m\u00e1s sobre Cutera\u00ae Titan\u2122? Programe una consulta con la est\u00e9tica de precisi\u00f3n en Santa Ana\/Irvine California rellenando la solicitud de un formulario de consulta en esta p\u00e1gina o llamando al <a href=\"tel:\">(949) 477-9740<\/a>. La est\u00e9tica de la precisi\u00f3n est\u00e1 situada en la frontera de Santa Ana y de Irvine, California en proximidad cercana a las autopistas sin peaje 55, 5, 73 &amp; 405.<\/p>\n<\/div><div class=\"fusion-clearfix\"><\/div><\/div><\/div><\/div><\/div>\n","protected":false},"excerpt":{"rendered":"","protected":false},"author":5,"featured_media":0,"parent":578,"menu_order":0,"comment_status":"closed","ping_status":"closed","template":"","meta":{"footnotes":""},"class_list":["post-603","page","type-page","status-publish","hentry"],"yoast_head":"<!-- This site is optimized with the Yoast SEO plugin v27.3 - https:\/\/yoast.com\/product\/yoast-seo-wordpress\/ -->\n<title>Titan Skin Tightening - Precision Aesthetics Medical Group - Cosmetic Specialists Orange County, CA<\/title>\n<meta name=\"description\" content=\"\u00bfSufre de laxitud de la piel en la cara, los brazos, el abdomen o las piernas? Precision Aesthetics ofrece el ajuste de la piel con Cutera\u00ae Titan \u2122 para tensar la piel en \u00e1reas que han comenzado a ceder con la edad. Al servicio de Santa Ana e Irvine, CA.\" \/>\n<meta name=\"robots\" content=\"index, follow, max-snippet:-1, max-image-preview:large, max-video-preview:-1\" \/>\n<link rel=\"canonical\" href=\"https:\/\/precisionaestheticsmg.com\/es\/cosmetic-procedures-santa-ana\/titan-skin-tightening\/\" \/>\n<meta name=\"twitter:label1\" content=\"Tiempo de lectura\" \/>\n\t<meta name=\"twitter:data1\" content=\"4 minutos\" \/>\n<script type=\"application\/ld+json\" class=\"yoast-schema-graph\">{\"@context\":\"https:\\\/\\\/schema.org\",\"@graph\":[{\"@type\":\"WebPage\",\"@id\":\"https:\\\/\\\/precisionaestheticsmg.com\\\/es\\\/cosmetic-procedures-santa-ana\\\/titan-skin-tightening\\\/\",\"url\":\"https:\\\/\\\/precisionaestheticsmg.com\\\/es\\\/cosmetic-procedures-santa-ana\\\/titan-skin-tightening\\\/\",\"name\":\"Titan Skin Tightening - Precision Aesthetics Medical Group - Cosmetic Specialists Orange County, CA\",\"isPartOf\":{\"@id\":\"https:\\\/\\\/precisionaestheticsmg.com\\\/#website\"},\"primaryImageOfPage\":{\"@id\":\"https:\\\/\\\/precisionaestheticsmg.com\\\/es\\\/cosmetic-procedures-santa-ana\\\/titan-skin-tightening\\\/#primaryimage\"},\"image\":{\"@id\":\"https:\\\/\\\/precisionaestheticsmg.com\\\/es\\\/cosmetic-procedures-santa-ana\\\/titan-skin-tightening\\\/#primaryimage\"},\"thumbnailUrl\":\"http:\\\/\\\/precisionaestheticsmg.com\\\/wp-content\\\/uploads\\\/2019\\\/01\\\/titan-skin-tightening-santa-ana.png\",\"datePublished\":\"2019-03-12T04:46:34+00:00\",\"dateModified\":\"2019-04-06T12:04:11+00:00\",\"description\":\"\u00bfSufre de laxitud de la piel en la cara, los brazos, el abdomen o las piernas? Precision Aesthetics ofrece el ajuste de la piel con Cutera\u00ae Titan \u2122 para tensar la piel en \u00e1reas que han comenzado a ceder con la edad. Al servicio de Santa Ana e Irvine, CA.\",\"breadcrumb\":{\"@id\":\"https:\\\/\\\/precisionaestheticsmg.com\\\/es\\\/cosmetic-procedures-santa-ana\\\/titan-skin-tightening\\\/#breadcrumb\"},\"inLanguage\":\"es\",\"potentialAction\":[{\"@type\":\"ReadAction\",\"target\":[\"https:\\\/\\\/precisionaestheticsmg.com\\\/es\\\/cosmetic-procedures-santa-ana\\\/titan-skin-tightening\\\/\"]}]},{\"@type\":\"ImageObject\",\"inLanguage\":\"es\",\"@id\":\"https:\\\/\\\/precisionaestheticsmg.com\\\/es\\\/cosmetic-procedures-santa-ana\\\/titan-skin-tightening\\\/#primaryimage\",\"url\":\"http:\\\/\\\/precisionaestheticsmg.com\\\/wp-content\\\/uploads\\\/2019\\\/01\\\/titan-skin-tightening-santa-ana.png\",\"contentUrl\":\"http:\\\/\\\/precisionaestheticsmg.com\\\/wp-content\\\/uploads\\\/2019\\\/01\\\/titan-skin-tightening-santa-ana.png\"},{\"@type\":\"BreadcrumbList\",\"@id\":\"https:\\\/\\\/precisionaestheticsmg.com\\\/es\\\/cosmetic-procedures-santa-ana\\\/titan-skin-tightening\\\/#breadcrumb\",\"itemListElement\":[{\"@type\":\"ListItem\",\"position\":1,\"name\":\"Home\",\"item\":\"https:\\\/\\\/precisionaestheticsmg.com\\\/es\\\/\"},{\"@type\":\"ListItem\",\"position\":2,\"name\":\"PROCEDURES\",\"item\":\"https:\\\/\\\/precisionaestheticsmg.com\\\/es\\\/cosmetic-procedures-santa-ana\\\/\"},{\"@type\":\"ListItem\",\"position\":3,\"name\":\"Titan Skin Tightening\"}]},{\"@type\":\"WebSite\",\"@id\":\"https:\\\/\\\/precisionaestheticsmg.com\\\/#website\",\"url\":\"https:\\\/\\\/precisionaestheticsmg.com\\\/\",\"name\":\"Precision Aesthetics Medical Group - Cosmetic Specialists Orange County, CA\",\"description\":\"BOTOX Specialists Santa Ana, Wrinkle Reduction Irvine, Dermal Fillers Orange County, CA\",\"publisher\":{\"@id\":\"https:\\\/\\\/precisionaestheticsmg.com\\\/#organization\"},\"potentialAction\":[{\"@type\":\"SearchAction\",\"target\":{\"@type\":\"EntryPoint\",\"urlTemplate\":\"https:\\\/\\\/precisionaestheticsmg.com\\\/?s={search_term_string}\"},\"query-input\":{\"@type\":\"PropertyValueSpecification\",\"valueRequired\":true,\"valueName\":\"search_term_string\"}}],\"inLanguage\":\"es\"},{\"@type\":\"Organization\",\"@id\":\"https:\\\/\\\/precisionaestheticsmg.com\\\/#organization\",\"name\":\"Precision Aesthetics Medical Group\",\"url\":\"https:\\\/\\\/precisionaestheticsmg.com\\\/\",\"logo\":{\"@type\":\"ImageObject\",\"inLanguage\":\"es\",\"@id\":\"https:\\\/\\\/precisionaestheticsmg.com\\\/#\\\/schema\\\/logo\\\/image\\\/\",\"url\":\"https:\\\/\\\/precisionaestheticsmg.com\\\/wp-content\\\/uploads\\\/2018\\\/04\\\/logo-1.png\",\"contentUrl\":\"https:\\\/\\\/precisionaestheticsmg.com\\\/wp-content\\\/uploads\\\/2018\\\/04\\\/logo-1.png\",\"width\":348,\"height\":99,\"caption\":\"Precision Aesthetics Medical Group\"},\"image\":{\"@id\":\"https:\\\/\\\/precisionaestheticsmg.com\\\/#\\\/schema\\\/logo\\\/image\\\/\"}}]}<\/script>\n<!-- \/ Yoast SEO plugin. -->","yoast_head_json":{"title":"Titan Skin Tightening - Precision Aesthetics Medical Group - Cosmetic Specialists Orange County, CA","description":"\u00bfSufre de laxitud de la piel en la cara, los brazos, el abdomen o las piernas? Precision Aesthetics ofrece el ajuste de la piel con Cutera\u00ae Titan \u2122 para tensar la piel en \u00e1reas que han comenzado a ceder con la edad. Al servicio de Santa Ana e Irvine, CA.","robots":{"index":"index","follow":"follow","max-snippet":"max-snippet:-1","max-image-preview":"max-image-preview:large","max-video-preview":"max-video-preview:-1"},"canonical":"https:\/\/precisionaestheticsmg.com\/es\/cosmetic-procedures-santa-ana\/titan-skin-tightening\/","twitter_misc":{"Tiempo de lectura":"4 minutos"},"schema":{"@context":"https:\/\/schema.org","@graph":[{"@type":"WebPage","@id":"https:\/\/precisionaestheticsmg.com\/es\/cosmetic-procedures-santa-ana\/titan-skin-tightening\/","url":"https:\/\/precisionaestheticsmg.com\/es\/cosmetic-procedures-santa-ana\/titan-skin-tightening\/","name":"Titan Skin Tightening - Precision Aesthetics Medical Group - Cosmetic Specialists Orange County, CA","isPartOf":{"@id":"https:\/\/precisionaestheticsmg.com\/#website"},"primaryImageOfPage":{"@id":"https:\/\/precisionaestheticsmg.com\/es\/cosmetic-procedures-santa-ana\/titan-skin-tightening\/#primaryimage"},"image":{"@id":"https:\/\/precisionaestheticsmg.com\/es\/cosmetic-procedures-santa-ana\/titan-skin-tightening\/#primaryimage"},"thumbnailUrl":"http:\/\/precisionaestheticsmg.com\/wp-content\/uploads\/2019\/01\/titan-skin-tightening-santa-ana.png","datePublished":"2019-03-12T04:46:34+00:00","dateModified":"2019-04-06T12:04:11+00:00","description":"\u00bfSufre de laxitud de la piel en la cara, los brazos, el abdomen o las piernas? Precision Aesthetics ofrece el ajuste de la piel con Cutera\u00ae Titan \u2122 para tensar la piel en \u00e1reas que han comenzado a ceder con la edad. Al servicio de Santa Ana e Irvine, CA.","breadcrumb":{"@id":"https:\/\/precisionaestheticsmg.com\/es\/cosmetic-procedures-santa-ana\/titan-skin-tightening\/#breadcrumb"},"inLanguage":"es","potentialAction":[{"@type":"ReadAction","target":["https:\/\/precisionaestheticsmg.com\/es\/cosmetic-procedures-santa-ana\/titan-skin-tightening\/"]}]},{"@type":"ImageObject","inLanguage":"es","@id":"https:\/\/precisionaestheticsmg.com\/es\/cosmetic-procedures-santa-ana\/titan-skin-tightening\/#primaryimage","url":"http:\/\/precisionaestheticsmg.com\/wp-content\/uploads\/2019\/01\/titan-skin-tightening-santa-ana.png","contentUrl":"http:\/\/precisionaestheticsmg.com\/wp-content\/uploads\/2019\/01\/titan-skin-tightening-santa-ana.png"},{"@type":"BreadcrumbList","@id":"https:\/\/precisionaestheticsmg.com\/es\/cosmetic-procedures-santa-ana\/titan-skin-tightening\/#breadcrumb","itemListElement":[{"@type":"ListItem","position":1,"name":"Home","item":"https:\/\/precisionaestheticsmg.com\/es\/"},{"@type":"ListItem","position":2,"name":"PROCEDURES","item":"https:\/\/precisionaestheticsmg.com\/es\/cosmetic-procedures-santa-ana\/"},{"@type":"ListItem","position":3,"name":"Titan Skin Tightening"}]},{"@type":"WebSite","@id":"https:\/\/precisionaestheticsmg.com\/#website","url":"https:\/\/precisionaestheticsmg.com\/","name":"Precision Aesthetics Medical Group - Cosmetic Specialists Orange County, CA","description":"BOTOX Specialists Santa Ana, Wrinkle Reduction Irvine, Dermal Fillers Orange County, CA","publisher":{"@id":"https:\/\/precisionaestheticsmg.com\/#organization"},"potentialAction":[{"@type":"SearchAction","target":{"@type":"EntryPoint","urlTemplate":"https:\/\/precisionaestheticsmg.com\/?s={search_term_string}"},"query-input":{"@type":"PropertyValueSpecification","valueRequired":true,"valueName":"search_term_string"}}],"inLanguage":"es"},{"@type":"Organization","@id":"https:\/\/precisionaestheticsmg.com\/#organization","name":"Precision Aesthetics Medical Group","url":"https:\/\/precisionaestheticsmg.com\/","logo":{"@type":"ImageObject","inLanguage":"es","@id":"https:\/\/precisionaestheticsmg.com\/#\/schema\/logo\/image\/","url":"https:\/\/precisionaestheticsmg.com\/wp-content\/uploads\/2018\/04\/logo-1.png","contentUrl":"https:\/\/precisionaestheticsmg.com\/wp-content\/uploads\/2018\/04\/logo-1.png","width":348,"height":99,"caption":"Precision Aesthetics Medical Group"},"image":{"@id":"https:\/\/precisionaestheticsmg.com\/#\/schema\/logo\/image\/"}}]}},"jetpack_sharing_enabled":true,"_links":{"self":[{"href":"https:\/\/precisionaestheticsmg.com\/es\/wp-json\/wp\/v2\/pages\/603","targetHints":{"allow":["GET"]}}],"collection":[{"href":"https:\/\/precisionaestheticsmg.com\/es\/wp-json\/wp\/v2\/pages"}],"about":[{"href":"https:\/\/precisionaestheticsmg.com\/es\/wp-json\/wp\/v2\/types\/page"}],"author":[{"embeddable":true,"href":"https:\/\/precisionaestheticsmg.com\/es\/wp-json\/wp\/v2\/users\/5"}],"replies":[{"embeddable":true,"href":"https:\/\/precisionaestheticsmg.com\/es\/wp-json\/wp\/v2\/comments?post=603"}],"version-history":[{"count":0,"href":"https:\/\/precisionaestheticsmg.com\/es\/wp-json\/wp\/v2\/pages\/603\/revisions"}],"up":[{"embeddable":true,"href":"https:\/\/precisionaestheticsmg.com\/es\/wp-json\/wp\/v2\/pages\/578"}],"wp:attachment":[{"href":"https:\/\/precisionaestheticsmg.com\/es\/wp-json\/wp\/v2\/media?parent=603"}],"curies":[{"name":"wp","href":"https:\/\/api.w.org\/{rel}","templated":true}]}}