{"id":587,"date":"2019-03-05T05:54:46","date_gmt":"2019-03-05T05:54:46","guid":{"rendered":"https:\/\/pamg.bv6bm9j6-liquidwebsites.com\/?page_id=587"},"modified":"2019-04-06T12:00:10","modified_gmt":"2019-04-06T12:00:10","slug":"juvederm-xc","status":"publish","type":"page","link":"https:\/\/precisionaestheticsmg.com\/es\/cosmetic-procedures-santa-ana\/juvederm-xc\/","title":{"rendered":"JUV\u00c9DERM\u00ae ULTRA PLUS XC"},"content":{"rendered":"<div class=\"fusion-fullwidth fullwidth-box fusion-builder-row-1 nonhundred-percent-fullwidth non-hundred-percent-height-scrolling\" style=\"--awb-border-radius-top-left:0px;--awb-border-radius-top-right:0px;--awb-border-radius-bottom-right:0px;--awb-border-radius-bottom-left:0px;--awb-flex-wrap:wrap;\" ><div class=\"fusion-builder-row fusion-row\"><div class=\"fusion-layout-column fusion_builder_column fusion-builder-column-0 fusion_builder_column_1_1 1_1 fusion-one-full fusion-column-first fusion-column-last\" style=\"--awb-bg-size:cover;\"><div class=\"fusion-column-wrapper fusion-flex-column-wrapper-legacy\"><div class=\"fusion-text fusion-text-1\"><h1><span class=\"custom-head1\">JUV\u00c9DERM\u00ae Ultra Plus XC en Santa Ana\/Irvine<\/span><\/h1>\n<p><span style=\"font-weight: 400;\">Los hombres y las mujeres que buscan revertir los signos comunes de envejecimiento sin el tiempo de inactividad asociado con procedimientos m\u00e1s invasivos pueden querer considerar la inclusi\u00f3n de la ayuda de rellenos d\u00e9rmicos. En precisi\u00f3n est\u00e9tica en Santa Ana, usamos JUV\u00c9DERM\u00ae Ultra Plus XC para corregir arrugas y pliegues de moderada a severa al a\u00f1adir volumen temporalmente. El procedimiento es seguro, eficaz y pr\u00e1cticamente sin dolor. <\/span><\/p>\n<h2><span style=\"font-weight: 400;\">La diferencia de JUV\u00c9DERM\u00ae Ultra Plus XC<\/span><\/h2>\n<p><span style=\"font-weight: 400;\">JUV\u00c9DERM\u00ae Ultra Plus XC es un relleno de gel suave aprobado por la FDA que su m\u00e9dico utiliza para suavizar instant\u00e1neamente las arrugas alrededor de la boca y la nariz. Con un solo tratamiento, obtendr\u00e1 resultados suaves y de aspecto natural que duran hasta un a\u00f1o. <\/span><\/p>\n<p><span style=\"font-weight: 400;\">JUV\u00c9DERM\u00ae Ultra Plus XC se fabrica utilizando la tecnolog\u00eda HYLACROSS\u2122, creando un gel de consistencia suave. Se infunde con lidoca\u00edna para mejorar la comodidad durante el tratamiento. Con JUV\u00c9DERM\u00ae Ultra Plus XC obtendr\u00e1 los resultados suaves que espera, con la comodidad mejorada que desea.<\/span><\/p>\n<p><span style=\"font-weight: 400;\">Todo el mundo se dar\u00e1 cuenta, pero nadie lo sabr\u00e1. <\/span><\/p>\n<\/div>[fusion_youtube id=\u00bbhttps:\/\/youtu.be\/Psoiq7VixiI\u00bb alignment=\u00bbcenter\u00bb width=\u00bb600&#8243; height=\u00bb350&#8243; autoplay=\u00bbfalse\u00bb api_params=\u00bb &amp;rel=0&#8243; hide_on_mobile=\u00bbsmall-visibility,medium-visibility,large-visibility\u00bb class=\u00bb\u00bb \/]<div class=\"fusion-sep-clear\"><\/div><div class=\"fusion-separator fusion-full-width-sep\" style=\"margin-left: auto;margin-right: auto;margin-top:20px;width:100%;\"><\/div><div class=\"fusion-sep-clear\"><\/div><div class=\"fusion-text fusion-text-2\"><p style=\"text-align: center;\">*Individual results may vary.<\/p>\n<\/div><div class=\"fusion-text fusion-text-3\"><h2><span style=\"font-weight: 400;\">Preguntas frecuentes sobre JUV\u00c9DERM\u00ae Ultra Plus XC<\/span><\/h2>\n<h3>\u00bfQu\u00e9 \u00e1reas se pueden tratar?<\/h3>\n<p><span style=\"font-weight: 400;\">La piel de todos envejece de manera diferente y JUV\u00c9DERM\u00ae Ultra Plus XC se puede utilizar para rejuvenecer m\u00faltiples \u00e1reas problem\u00e1ticas alrededor de la boca y la nariz. Desde l\u00edneas de sonrisa hasta l\u00edneas de labio verticales, puede suavizar las arrugas no deseadas, pliegues profundos y restaurar los contornos naturales. <\/span><\/p>\n<\/div><div class=\"fusion-text fusion-text-4\"><h3>Cu\u00e1ntos tratamientos necesitar\u00e9? *<\/h3>\n<p><span style=\"font-weight: 400;\">\u00a1S\u00f3lo una! Un tratamiento con JUV\u00c9DERM\u00ae Ultra Plus puede proporcionar los resultados que desea hasta un a\u00f1o cuando se administra correctamente. Muchos pacientes optan por un tratamiento de mantenimiento anual para mejorar la longevidad de su reci\u00e9n descubierta plentitude.<\/span><\/p>\n<h3>\u00bfCu\u00e1ndo voy a ver los resultados? *<\/h3>\n<p><span style=\"font-weight: 400;\">Es posible que vea algunos resultados iniciales inmediatamente despu\u00e9s de su tratamiento. Sin embargo, puede tomar m\u00e1s de varias semanas para que el enrojecimiento y la hinchaz\u00f3n se subside completamente. Durante este tiempo, usted ser\u00e1 capaz de ver las l\u00edneas finas y arrugas gradualmente desaparecen. <\/span><\/p>\n<\/div><div class=\"fusion-text fusion-text-5\"><h3>\u00bfHay alguna restricci\u00f3n en mi actividad despu\u00e9s del tratamiento?<\/h3>\n<p><span style=\"font-weight: 400;\">JUV\u00c9DERM\u00ae Ultra Plus XC no requiere ninguna recuperaci\u00f3n importante, y usted puede ir sobre su negocio normal directamente despu\u00e9s de su tratamiento. Se le puede pedir que evite el ejercicio extenuante, el alcohol y las temperaturas extremas durante las 24 horas posteriores al procedimiento. <\/span><\/p>\n<h3><span style=\"font-weight: 400;\">\u00bfDuele? *<\/span><\/h3>\n<p><span style=\"font-weight: 400;\">JUV\u00c9DERM\u00ae Ultra Plus XC es un inyectable mejorado con lidoca\u00edna, lo que hace que el procedimiento sea lo m\u00e1s c\u00f3modo posible. Su proveedor de al\u00e9rgenos de nivel Platinum conoce la profundidad y las t\u00e9cnicas precisas para minimizar los efectos secundarios, el dolor y el tiempo de inactividad. <\/span><\/p>\n<h3>\u00bfCu\u00e1les son los posibles efectos secundarios? *<\/h3>\n<p><span style=\"font-weight: 400;\">La mayor\u00eda de los efectos secundarios de JUV\u00c9DERM\u00ae Ultra Plus XC son leves, pero pueden incluir enrojecimiento, sensibilidad, hinchaz\u00f3n, bultos\/protuberancias y hematomas. Cualquier molestia puede administrarse f\u00e1cilmente con medicamentos de venta libre. Los efectos secundarios deben disiparte en menos de una semana. <\/span><\/p>\n<p>* Los resultados individuales pueden variar.<\/p>\n<\/div><div class=\"fusion-image-element fusion-image-align-center in-legacy-container\" style=\"text-align:center;--awb-caption-title-font-family:var(--h2_typography-font-family);--awb-caption-title-font-weight:var(--h2_typography-font-weight);--awb-caption-title-font-style:var(--h2_typography-font-style);--awb-caption-title-size:var(--h2_typography-font-size);--awb-caption-title-transform:var(--h2_typography-text-transform);--awb-caption-title-line-height:var(--h2_typography-line-height);--awb-caption-title-letter-spacing:var(--h2_typography-letter-spacing);\"><div class=\"imageframe-align-center\"><span class=\" fusion-imageframe imageframe-none imageframe-1 hover-type-none\"><img data-recalc-dims=\"1\" decoding=\"async\" width=\"770\" height=\"93\" alt=\"Juvederm XC Santa Ana\" title=\"Juvederm XC Santa Ana\" src=\"https:\/\/i0.wp.com\/precisionaestheticsmg.com\/wp-content\/uploads\/2019\/01\/juvederm-xc-before-after-santa-ana.png?resize=770%2C93\" class=\"img-responsive wp-image-496\" srcset=\"https:\/\/i0.wp.com\/precisionaestheticsmg.com\/wp-content\/uploads\/2019\/01\/juvederm-xc-before-after-santa-ana.png?resize=200%2C24&amp;ssl=1 200w, https:\/\/i0.wp.com\/precisionaestheticsmg.com\/wp-content\/uploads\/2019\/01\/juvederm-xc-before-after-santa-ana.png?resize=300%2C36&amp;ssl=1 300w, https:\/\/i0.wp.com\/precisionaestheticsmg.com\/wp-content\/uploads\/2019\/01\/juvederm-xc-before-after-santa-ana.png?resize=400%2C48&amp;ssl=1 400w, https:\/\/i0.wp.com\/precisionaestheticsmg.com\/wp-content\/uploads\/2019\/01\/juvederm-xc-before-after-santa-ana.png?resize=600%2C72&amp;ssl=1 600w, https:\/\/i0.wp.com\/precisionaestheticsmg.com\/wp-content\/uploads\/2019\/01\/juvederm-xc-before-after-santa-ana.png?resize=768%2C93&amp;ssl=1 768w, https:\/\/i0.wp.com\/precisionaestheticsmg.com\/wp-content\/uploads\/2019\/01\/juvederm-xc-before-after-santa-ana.png?fit=770%2C93&amp;ssl=1 770w\" sizes=\"(max-width: 800px) 100vw, 770px\" \/><\/span><\/div><\/div><div class=\"fusion-sep-clear\"><\/div><div class=\"fusion-separator fusion-full-width-sep\" style=\"margin-left: auto;margin-right: auto;margin-top:20px;width:100%;\"><\/div><div class=\"fusion-sep-clear\"><\/div><div class=\"fusion-text fusion-text-6\"><h2><span style=\"font-weight: 400;\">Financiamiento Est\u00e9tico <\/span><\/h2>\n<p>En la est\u00e9tica de precisi\u00f3n, aceptamos CareCredit para su conveniencia. Te ayudamos a lucir y sentirte lo mejor posible proporcionando tratamientos de bienestar y belleza con cuotas mensuales sencillas. Con CareCredit, usted puede comprar un solo tratamiento, m\u00faltiples tratamientos en un paquete del mismo d\u00eda, o mantener la l\u00ednea de cr\u00e9dito abierta para sus servicios favoritos sobre una base m\u00e1s frecuente. Registrarse es f\u00e1cil, y usted es libre de usar sus beneficios de CareCredit inmediatamente despu\u00e9s de la aprobaci\u00f3n.<\/p>\n<p>&nbsp;<\/p>\n<p><span style=\"font-weight: 400;\">Sin embargo, tenga en cuenta que el financiamiento de su (s) tratamiento (es) utilizando CareCredit requiere un monto m\u00ednimo de compra. P\u00f3ngase en contacto con precisi\u00f3n est\u00e9tica para obtener m\u00e1s detalles. <\/span><\/p>\n<h2><span style=\"font-weight: 400;\">Tome el primer paso <\/span><\/h2>\n<p><span style=\"font-weight: 400;\">\u00bfListo para aprender m\u00e1s sobre JUV\u00c9DERM\u00ae Ultra Plus XC? Programe una consulta con la est\u00e9tica de precisi\u00f3n en Santa Ana\/Irvine California rellenando la solicitud de un formulario de consulta en esta p\u00e1gina o llamando al <a href=\"tel:(949) 528-8457\">(949) 528-8457<\/a>. La est\u00e9tica de la precisi\u00f3n est\u00e1 situada en la frontera de Santa Ana y de Irvine, California en proximidad cercana a las autopistas sin peaje 55, 5, 73 &amp; 405. <\/span><\/p>\n<\/div><div class=\"fusion-clearfix\"><\/div><\/div><\/div><\/div><\/div>\n","protected":false},"excerpt":{"rendered":"","protected":false},"author":5,"featured_media":0,"parent":578,"menu_order":0,"comment_status":"closed","ping_status":"closed","template":"","meta":{"footnotes":""},"class_list":["post-587","page","type-page","status-publish","hentry"],"yoast_head":"<!-- This site is optimized with the Yoast SEO plugin v27.3 - https:\/\/yoast.com\/product\/yoast-seo-wordpress\/ -->\n<title>JUV\u00c9DERM\u00ae ULTRA PLUS XC - Precision Aesthetics Medical Group - Cosmetic Specialists Orange County, CA<\/title>\n<meta name=\"description\" content=\"\u00bfHa desarrollado pliegues profundos alrededor de la nariz y la boca que desea invertir? Precision Aesthetics ofrece Juvederm Ultra Plus XC, un relleno d\u00e9rmico dise\u00f1ado espec\u00edficamente para ayudar a reducir la aparici\u00f3n de arrugas definidas alrededor de su boca y nariz. Al servicio de Santa Ana e Irvine, CA.\" \/>\n<meta name=\"robots\" content=\"index, follow, max-snippet:-1, max-image-preview:large, max-video-preview:-1\" \/>\n<link rel=\"canonical\" href=\"https:\/\/precisionaestheticsmg.com\/es\/cosmetic-procedures-santa-ana\/juvederm-xc\/\" \/>\n<meta name=\"twitter:label1\" content=\"Tiempo de lectura\" \/>\n\t<meta name=\"twitter:data1\" content=\"5 minutos\" \/>\n<script type=\"application\/ld+json\" class=\"yoast-schema-graph\">{\"@context\":\"https:\\\/\\\/schema.org\",\"@graph\":[{\"@type\":\"WebPage\",\"@id\":\"https:\\\/\\\/precisionaestheticsmg.com\\\/es\\\/cosmetic-procedures-santa-ana\\\/juvederm-xc\\\/\",\"url\":\"https:\\\/\\\/precisionaestheticsmg.com\\\/es\\\/cosmetic-procedures-santa-ana\\\/juvederm-xc\\\/\",\"name\":\"JUV\u00c9DERM\u00ae ULTRA PLUS XC - Precision Aesthetics Medical Group - Cosmetic Specialists Orange County, CA\",\"isPartOf\":{\"@id\":\"https:\\\/\\\/precisionaestheticsmg.com\\\/#website\"},\"datePublished\":\"2019-03-05T05:54:46+00:00\",\"dateModified\":\"2019-04-06T12:00:10+00:00\",\"description\":\"\u00bfHa desarrollado pliegues profundos alrededor de la nariz y la boca que desea invertir? Precision Aesthetics ofrece Juvederm Ultra Plus XC, un relleno d\u00e9rmico dise\u00f1ado espec\u00edficamente para ayudar a reducir la aparici\u00f3n de arrugas definidas alrededor de su boca y nariz. Al servicio de Santa Ana e Irvine, CA.\",\"breadcrumb\":{\"@id\":\"https:\\\/\\\/precisionaestheticsmg.com\\\/es\\\/cosmetic-procedures-santa-ana\\\/juvederm-xc\\\/#breadcrumb\"},\"inLanguage\":\"es\",\"potentialAction\":[{\"@type\":\"ReadAction\",\"target\":[\"https:\\\/\\\/precisionaestheticsmg.com\\\/es\\\/cosmetic-procedures-santa-ana\\\/juvederm-xc\\\/\"]}]},{\"@type\":\"BreadcrumbList\",\"@id\":\"https:\\\/\\\/precisionaestheticsmg.com\\\/es\\\/cosmetic-procedures-santa-ana\\\/juvederm-xc\\\/#breadcrumb\",\"itemListElement\":[{\"@type\":\"ListItem\",\"position\":1,\"name\":\"Home\",\"item\":\"https:\\\/\\\/precisionaestheticsmg.com\\\/es\\\/\"},{\"@type\":\"ListItem\",\"position\":2,\"name\":\"PROCEDURES\",\"item\":\"https:\\\/\\\/precisionaestheticsmg.com\\\/es\\\/cosmetic-procedures-santa-ana\\\/\"},{\"@type\":\"ListItem\",\"position\":3,\"name\":\"JUV\u00c9DERM\u00ae ULTRA PLUS XC\"}]},{\"@type\":\"WebSite\",\"@id\":\"https:\\\/\\\/precisionaestheticsmg.com\\\/#website\",\"url\":\"https:\\\/\\\/precisionaestheticsmg.com\\\/\",\"name\":\"Precision Aesthetics Medical Group - Cosmetic Specialists Orange County, CA\",\"description\":\"BOTOX Specialists Santa Ana, Wrinkle Reduction Irvine, Dermal Fillers Orange County, CA\",\"publisher\":{\"@id\":\"https:\\\/\\\/precisionaestheticsmg.com\\\/#organization\"},\"potentialAction\":[{\"@type\":\"SearchAction\",\"target\":{\"@type\":\"EntryPoint\",\"urlTemplate\":\"https:\\\/\\\/precisionaestheticsmg.com\\\/?s={search_term_string}\"},\"query-input\":{\"@type\":\"PropertyValueSpecification\",\"valueRequired\":true,\"valueName\":\"search_term_string\"}}],\"inLanguage\":\"es\"},{\"@type\":\"Organization\",\"@id\":\"https:\\\/\\\/precisionaestheticsmg.com\\\/#organization\",\"name\":\"Precision Aesthetics Medical Group\",\"url\":\"https:\\\/\\\/precisionaestheticsmg.com\\\/\",\"logo\":{\"@type\":\"ImageObject\",\"inLanguage\":\"es\",\"@id\":\"https:\\\/\\\/precisionaestheticsmg.com\\\/#\\\/schema\\\/logo\\\/image\\\/\",\"url\":\"https:\\\/\\\/precisionaestheticsmg.com\\\/wp-content\\\/uploads\\\/2018\\\/04\\\/logo-1.png\",\"contentUrl\":\"https:\\\/\\\/precisionaestheticsmg.com\\\/wp-content\\\/uploads\\\/2018\\\/04\\\/logo-1.png\",\"width\":348,\"height\":99,\"caption\":\"Precision Aesthetics Medical Group\"},\"image\":{\"@id\":\"https:\\\/\\\/precisionaestheticsmg.com\\\/#\\\/schema\\\/logo\\\/image\\\/\"}}]}<\/script>\n<!-- \/ Yoast SEO plugin. -->","yoast_head_json":{"title":"JUV\u00c9DERM\u00ae ULTRA PLUS XC - Precision Aesthetics Medical Group - Cosmetic Specialists Orange County, CA","description":"\u00bfHa desarrollado pliegues profundos alrededor de la nariz y la boca que desea invertir? Precision Aesthetics ofrece Juvederm Ultra Plus XC, un relleno d\u00e9rmico dise\u00f1ado espec\u00edficamente para ayudar a reducir la aparici\u00f3n de arrugas definidas alrededor de su boca y nariz. Al servicio de Santa Ana e Irvine, CA.","robots":{"index":"index","follow":"follow","max-snippet":"max-snippet:-1","max-image-preview":"max-image-preview:large","max-video-preview":"max-video-preview:-1"},"canonical":"https:\/\/precisionaestheticsmg.com\/es\/cosmetic-procedures-santa-ana\/juvederm-xc\/","twitter_misc":{"Tiempo de lectura":"5 minutos"},"schema":{"@context":"https:\/\/schema.org","@graph":[{"@type":"WebPage","@id":"https:\/\/precisionaestheticsmg.com\/es\/cosmetic-procedures-santa-ana\/juvederm-xc\/","url":"https:\/\/precisionaestheticsmg.com\/es\/cosmetic-procedures-santa-ana\/juvederm-xc\/","name":"JUV\u00c9DERM\u00ae ULTRA PLUS XC - Precision Aesthetics Medical Group - Cosmetic Specialists Orange County, CA","isPartOf":{"@id":"https:\/\/precisionaestheticsmg.com\/#website"},"datePublished":"2019-03-05T05:54:46+00:00","dateModified":"2019-04-06T12:00:10+00:00","description":"\u00bfHa desarrollado pliegues profundos alrededor de la nariz y la boca que desea invertir? Precision Aesthetics ofrece Juvederm Ultra Plus XC, un relleno d\u00e9rmico dise\u00f1ado espec\u00edficamente para ayudar a reducir la aparici\u00f3n de arrugas definidas alrededor de su boca y nariz. Al servicio de Santa Ana e Irvine, CA.","breadcrumb":{"@id":"https:\/\/precisionaestheticsmg.com\/es\/cosmetic-procedures-santa-ana\/juvederm-xc\/#breadcrumb"},"inLanguage":"es","potentialAction":[{"@type":"ReadAction","target":["https:\/\/precisionaestheticsmg.com\/es\/cosmetic-procedures-santa-ana\/juvederm-xc\/"]}]},{"@type":"BreadcrumbList","@id":"https:\/\/precisionaestheticsmg.com\/es\/cosmetic-procedures-santa-ana\/juvederm-xc\/#breadcrumb","itemListElement":[{"@type":"ListItem","position":1,"name":"Home","item":"https:\/\/precisionaestheticsmg.com\/es\/"},{"@type":"ListItem","position":2,"name":"PROCEDURES","item":"https:\/\/precisionaestheticsmg.com\/es\/cosmetic-procedures-santa-ana\/"},{"@type":"ListItem","position":3,"name":"JUV\u00c9DERM\u00ae ULTRA PLUS XC"}]},{"@type":"WebSite","@id":"https:\/\/precisionaestheticsmg.com\/#website","url":"https:\/\/precisionaestheticsmg.com\/","name":"Precision Aesthetics Medical Group - Cosmetic Specialists Orange County, CA","description":"BOTOX Specialists Santa Ana, Wrinkle Reduction Irvine, Dermal Fillers Orange County, CA","publisher":{"@id":"https:\/\/precisionaestheticsmg.com\/#organization"},"potentialAction":[{"@type":"SearchAction","target":{"@type":"EntryPoint","urlTemplate":"https:\/\/precisionaestheticsmg.com\/?s={search_term_string}"},"query-input":{"@type":"PropertyValueSpecification","valueRequired":true,"valueName":"search_term_string"}}],"inLanguage":"es"},{"@type":"Organization","@id":"https:\/\/precisionaestheticsmg.com\/#organization","name":"Precision Aesthetics Medical Group","url":"https:\/\/precisionaestheticsmg.com\/","logo":{"@type":"ImageObject","inLanguage":"es","@id":"https:\/\/precisionaestheticsmg.com\/#\/schema\/logo\/image\/","url":"https:\/\/precisionaestheticsmg.com\/wp-content\/uploads\/2018\/04\/logo-1.png","contentUrl":"https:\/\/precisionaestheticsmg.com\/wp-content\/uploads\/2018\/04\/logo-1.png","width":348,"height":99,"caption":"Precision Aesthetics Medical Group"},"image":{"@id":"https:\/\/precisionaestheticsmg.com\/#\/schema\/logo\/image\/"}}]}},"jetpack_sharing_enabled":true,"_links":{"self":[{"href":"https:\/\/precisionaestheticsmg.com\/es\/wp-json\/wp\/v2\/pages\/587","targetHints":{"allow":["GET"]}}],"collection":[{"href":"https:\/\/precisionaestheticsmg.com\/es\/wp-json\/wp\/v2\/pages"}],"about":[{"href":"https:\/\/precisionaestheticsmg.com\/es\/wp-json\/wp\/v2\/types\/page"}],"author":[{"embeddable":true,"href":"https:\/\/precisionaestheticsmg.com\/es\/wp-json\/wp\/v2\/users\/5"}],"replies":[{"embeddable":true,"href":"https:\/\/precisionaestheticsmg.com\/es\/wp-json\/wp\/v2\/comments?post=587"}],"version-history":[{"count":0,"href":"https:\/\/precisionaestheticsmg.com\/es\/wp-json\/wp\/v2\/pages\/587\/revisions"}],"up":[{"embeddable":true,"href":"https:\/\/precisionaestheticsmg.com\/es\/wp-json\/wp\/v2\/pages\/578"}],"wp:attachment":[{"href":"https:\/\/precisionaestheticsmg.com\/es\/wp-json\/wp\/v2\/media?parent=587"}],"curies":[{"name":"wp","href":"https:\/\/api.w.org\/{rel}","templated":true}]}}