{"id":584,"date":"2019-03-05T05:19:52","date_gmt":"2019-03-05T05:19:52","guid":{"rendered":"https:\/\/pamg.bv6bm9j6-liquidwebsites.com\/?page_id=584"},"modified":"2019-04-06T11:58:11","modified_gmt":"2019-04-06T11:58:11","slug":"juvederm-vollure","status":"publish","type":"page","link":"https:\/\/precisionaestheticsmg.com\/es\/cosmetic-procedures-santa-ana\/juvederm-vollure\/","title":{"rendered":"JUV\u00c9DERM VOLLURE"},"content":{"rendered":"<h1><span style=\"font-weight: 400;\">JUV\u00c9DERM\u00ae Vollure en Santa Ana\/Irvine<\/span><\/h1>\n<p><span style=\"font-weight: 400;\">Una de las maneras m\u00e1s f\u00e1ciles de tomar a\u00f1os de su aspecto facial es reducir la apariencia de l\u00edneas, arrugas y pliegues molestos. Si est\u00e1 buscando una soluci\u00f3n no quir\u00fargica con resultados duraderos, es posible que desee considerar un relleno d\u00e9rmico. En precisi\u00f3n est\u00e9tica en Santa Ana, usamos JUV\u00c9DERM\u00ae Vollure para prevenir y combatir los signos visibles de envejecimiento tanto para hombres como para mujeres.<\/span><\/p>\n<h2><span style=\"font-weight: 400;\">La diferencia de Vollure de JUV\u00c9DERM\u00ae <\/span><\/h2>\n<p><span style=\"font-weight: 400;\">JUV\u00c9DERM\u00ae Vollure es un gel inyectable a base de \u00e1cido hialur\u00f3nico dise\u00f1ado para a\u00f1adir volumen a arrugas superficiales y pliegues no deseados. Los pacientes pueden beneficiarse de resultados a largo plazo con una simple visita en el consultorio. El procedimiento no requiere tiempo de inactividad, y debido a que JUV\u00c9DERM\u00ae Vollure XC contiene lidoca\u00edna, es virtualmente libre de dolor.<\/span><\/p>\n<p><img data-recalc-dims=\"1\" decoding=\"async\" class=\"size-medium wp-image-318 aligncenter\" src=\"https:\/\/i0.wp.com\/precisionaestheticsmg.com\/wp-content\/uploads\/2018\/05\/Lips-300x200.jpg?resize=300%2C200\" alt=\"JUV\u00c9DERM\u00ae Vollure Santa Ana &amp; Irvine\" width=\"300\" height=\"200\" srcset=\"https:\/\/i0.wp.com\/precisionaestheticsmg.com\/wp-content\/uploads\/2018\/05\/Lips.jpg?resize=200%2C133&amp;ssl=1 200w, https:\/\/i0.wp.com\/precisionaestheticsmg.com\/wp-content\/uploads\/2018\/05\/Lips.jpg?resize=300%2C200&amp;ssl=1 300w, https:\/\/i0.wp.com\/precisionaestheticsmg.com\/wp-content\/uploads\/2018\/05\/Lips.jpg?resize=400%2C267&amp;ssl=1 400w, https:\/\/i0.wp.com\/precisionaestheticsmg.com\/wp-content\/uploads\/2018\/05\/Lips.jpg?resize=600%2C400&amp;ssl=1 600w, https:\/\/i0.wp.com\/precisionaestheticsmg.com\/wp-content\/uploads\/2018\/05\/Lips.jpg?resize=768%2C512&amp;ssl=1 768w, https:\/\/i0.wp.com\/precisionaestheticsmg.com\/wp-content\/uploads\/2018\/05\/Lips.jpg?resize=800%2C533&amp;ssl=1 800w, https:\/\/i0.wp.com\/precisionaestheticsmg.com\/wp-content\/uploads\/2018\/05\/Lips.jpg?resize=1024%2C683&amp;ssl=1 1024w, https:\/\/i0.wp.com\/precisionaestheticsmg.com\/wp-content\/uploads\/2018\/05\/Lips.jpg?resize=1200%2C800&amp;ssl=1 1200w, https:\/\/i0.wp.com\/precisionaestheticsmg.com\/wp-content\/uploads\/2018\/05\/Lips.jpg?w=2560&amp;ssl=1 2560w, https:\/\/i0.wp.com\/precisionaestheticsmg.com\/wp-content\/uploads\/2018\/05\/Lips.jpg?w=3840&amp;ssl=1 3840w, https:\/\/i0.wp.com\/precisionaestheticsmg.com\/wp-content\/uploads\/2018\/05\/Lips.jpg?fit=5472%2C3648&amp;ssl=1 5472w\" sizes=\"(max-width: 300px) 100vw, 300px\" \/><\/p>\n<h2><span style=\"font-weight: 400;\">JUV\u00c9DERM\u00ae Vollure preguntas frecuentes<\/span><\/h2>\n<h3><span style=\"font-weight: 400;\">\u00bfQu\u00e9 \u00e1reas se pueden tratar? <\/span><\/h3>\n<p><span style=\"font-weight: 400;\">El relleno puede tratar temporalmente arrugas faciales moderadas a severas y pliegues alrededor de la nariz y la boca. Las l\u00edneas de par\u00e9ntesis y las l\u00edneas de sonrisa pueden ser suavizados con la ayuda de JUV\u00c9DERM\u00ae Vollure para pacientes mayores de 21 a\u00f1os.<\/span><\/p>\n<h3><span style=\"font-weight: 400;\">\u00bfCu\u00e1ndo voy a ver los resultados? *<\/span><\/h3>\n<p><span style=\"font-weight: 400;\">Ver\u00e1s algunos resultados iniciales inmediatamente despu\u00e9s de la consulta. Puede producirse una hinchaz\u00f3n que puede sesgar el resultado final. Puede tardar varios d\u00edas para ver completamente su nuevo, m\u00e1s joven-Self con JUV\u00c9DERM\u00ae Vollure XC. Los estudios cl\u00ednicos concluyeron una alta tasa de satisfacci\u00f3n del paciente hasta 18 meses despu\u00e9s del tratamiento. Los procedimientos de retoque se pueden hacer de forma segura seg\u00fan sea necesario.<\/span><\/p>\n<h3><span style=\"font-weight: 400;\">\u00bfHay alguna restricci\u00f3n en mi actividad despu\u00e9s del tratamiento? * <\/span><\/h3>\n<p><span style=\"font-weight: 400;\">No. Usted puede realizar sus actividades diarias despu\u00e9s de su tratamiento con JUV\u00c9DERM\u00ae. Sin embargo, se le pedir\u00e1 que Evite frotar o masajear la zona durante las primeras 24 horas. Tambi\u00e9n deben posponerse las actividades extremas, como el ejercicio extenuante. <\/span><\/p>\n<h3><span style=\"font-weight: 400;\">\u00bfCu\u00e1les son los posibles efectos secundarios? *<\/span><\/h3>\n<p><span style=\"font-weight: 400;\">Al igual que con cualquier relleno d\u00e9rmico, hay posibles efectos secundarios. Cuando es hecho por un inyector experto de Allergan, los efectos secundarios son m\u00ednimos y se disien a menudo r\u00e1pidamente. Algunos de los s\u00edntomas m\u00e1s comunes son los siguientes; firmeza, hinchaz\u00f3n, sensibilidad al tacto, bultos\/protuberancias y enrojecimiento.<\/span><\/p>\n<p><span style=\"font-weight: 400;\">* Los resultados individuales pueden variar.<\/span><\/p>\n<h2><span style=\"font-weight: 400;\">Financiamiento Est\u00e9tico<\/span><\/h2>\n<p><span style=\"font-weight: 400;\">En la est\u00e9tica de precisi\u00f3n, aceptamos CareCredit para su conveniencia. Te ayudamos a lucir y sentirte lo mejor posible proporcionando tratamientos de bienestar y belleza con cuotas mensuales sencillas. Con CareCredit, usted puede comprar un solo tratamiento, m\u00faltiples tratamientos en un paquete del mismo d\u00eda, o mantener la l\u00ednea de cr\u00e9dito abierta para sus servicios favoritos sobre una base m\u00e1s frecuente. Registrarse es f\u00e1cil, y usted es libre de usar sus beneficios de CareCredit inmediatamente despu\u00e9s de la aprobaci\u00f3n.<\/span><\/p>\n<p><span style=\"font-weight: 400;\">Sin embargo, tenga en cuenta que el financiamiento de su (s) tratamiento (es) utilizando CareCredit requiere un monto m\u00ednimo de compra. P\u00f3ngase en contacto con precisi\u00f3n est\u00e9tica para obtener m\u00e1s detalles.<\/span><\/p>\n<h2><span style=\"font-weight: 400;\">Tome el Primer Paso <\/span><\/h2>\n<p><span style=\"font-weight: 400;\">\u00bfListo para aprender m\u00e1s sobre JUV\u00c9DERM\u00ae Vollure? Programe una consulta con la est\u00e9tica de precisi\u00f3n en Santa Ana\/Irvine California rellenando la solicitud de un formulario de consulta en esta p\u00e1gina o llamando al <a href=\"tel:(949) 528-8457\">(949) 528-8457<\/a>. La est\u00e9tica de la precisi\u00f3n est\u00e1 situada en la frontera de Santa Ana y de Irvine, California en proximidad cercana a las autopistas sin peaje 55, 5, 73 &amp; 405.&amp; 405 freeways.<\/span><\/p>\n","protected":false},"excerpt":{"rendered":"<p>JUV\u00c9DERM\u00ae Vollure en Santa Ana\/Irvine Una de las maneras m\u00e1s f\u00e1ciles de tomar a\u00f1os de su aspecto facial es reducir la apariencia de l\u00edneas, arrugas y pliegues molestos. Si est\u00e1 buscando una soluci\u00f3n no quir\u00fargica con resultados duraderos, es posible que desee considerar un relleno d\u00e9rmico. En precisi\u00f3n est\u00e9tica en Santa Ana, usamos JUV\u00c9DERM\u00ae Vollure para prevenir y combatir los signos visibles de envejecimiento tanto para hombres como para mujeres. La diferencia de Vollure de JUV\u00c9DERM\u00ae  [&#8230;]<\/p>\n","protected":false},"author":5,"featured_media":0,"parent":578,"menu_order":0,"comment_status":"closed","ping_status":"closed","template":"","meta":{"footnotes":""},"class_list":["post-584","page","type-page","status-publish","hentry"],"yoast_head":"<!-- This site is optimized with the Yoast SEO plugin v27.3 - https:\/\/yoast.com\/product\/yoast-seo-wordpress\/ -->\n<title>JUV\u00c9DERM VOLLURE - Precision Aesthetics Medical Group - Cosmetic Specialists Orange County, CA<\/title>\n<meta name=\"description\" content=\"\u00bfEst\u00e1 buscando suavizar los pliegues y arrugas profundos alrededor de la nariz y la boca? Precision Aesthetics ofrece inyecciones de Juvederm Vollure para agregar espec\u00edficamente volumen a las arrugas profundas entre la nariz y la boca. Al servicio de Santa Ana e Irvine, CA.\" \/>\n<meta name=\"robots\" content=\"index, follow, max-snippet:-1, max-image-preview:large, max-video-preview:-1\" \/>\n<link rel=\"canonical\" href=\"https:\/\/precisionaestheticsmg.com\/es\/cosmetic-procedures-santa-ana\/juvederm-vollure\/\" \/>\n<meta name=\"twitter:label1\" content=\"Tiempo de lectura\" \/>\n\t<meta name=\"twitter:data1\" content=\"3 minutos\" \/>\n<script type=\"application\/ld+json\" class=\"yoast-schema-graph\">{\"@context\":\"https:\\\/\\\/schema.org\",\"@graph\":[{\"@type\":\"WebPage\",\"@id\":\"https:\\\/\\\/precisionaestheticsmg.com\\\/es\\\/cosmetic-procedures-santa-ana\\\/juvederm-vollure\\\/\",\"url\":\"https:\\\/\\\/precisionaestheticsmg.com\\\/es\\\/cosmetic-procedures-santa-ana\\\/juvederm-vollure\\\/\",\"name\":\"JUV\u00c9DERM VOLLURE - Precision Aesthetics Medical Group - Cosmetic Specialists Orange County, CA\",\"isPartOf\":{\"@id\":\"https:\\\/\\\/precisionaestheticsmg.com\\\/#website\"},\"primaryImageOfPage\":{\"@id\":\"https:\\\/\\\/precisionaestheticsmg.com\\\/es\\\/cosmetic-procedures-santa-ana\\\/juvederm-vollure\\\/#primaryimage\"},\"image\":{\"@id\":\"https:\\\/\\\/precisionaestheticsmg.com\\\/es\\\/cosmetic-procedures-santa-ana\\\/juvederm-vollure\\\/#primaryimage\"},\"thumbnailUrl\":\"http:\\\/\\\/precisionaestheticsmg.com\\\/wp-content\\\/uploads\\\/2018\\\/05\\\/Lips-300x200.jpg\",\"datePublished\":\"2019-03-05T05:19:52+00:00\",\"dateModified\":\"2019-04-06T11:58:11+00:00\",\"description\":\"\u00bfEst\u00e1 buscando suavizar los pliegues y arrugas profundos alrededor de la nariz y la boca? Precision Aesthetics ofrece inyecciones de Juvederm Vollure para agregar espec\u00edficamente volumen a las arrugas profundas entre la nariz y la boca. Al servicio de Santa Ana e Irvine, CA.\",\"breadcrumb\":{\"@id\":\"https:\\\/\\\/precisionaestheticsmg.com\\\/es\\\/cosmetic-procedures-santa-ana\\\/juvederm-vollure\\\/#breadcrumb\"},\"inLanguage\":\"es\",\"potentialAction\":[{\"@type\":\"ReadAction\",\"target\":[\"https:\\\/\\\/precisionaestheticsmg.com\\\/es\\\/cosmetic-procedures-santa-ana\\\/juvederm-vollure\\\/\"]}]},{\"@type\":\"ImageObject\",\"inLanguage\":\"es\",\"@id\":\"https:\\\/\\\/precisionaestheticsmg.com\\\/es\\\/cosmetic-procedures-santa-ana\\\/juvederm-vollure\\\/#primaryimage\",\"url\":\"http:\\\/\\\/precisionaestheticsmg.com\\\/wp-content\\\/uploads\\\/2018\\\/05\\\/Lips-300x200.jpg\",\"contentUrl\":\"http:\\\/\\\/precisionaestheticsmg.com\\\/wp-content\\\/uploads\\\/2018\\\/05\\\/Lips-300x200.jpg\"},{\"@type\":\"BreadcrumbList\",\"@id\":\"https:\\\/\\\/precisionaestheticsmg.com\\\/es\\\/cosmetic-procedures-santa-ana\\\/juvederm-vollure\\\/#breadcrumb\",\"itemListElement\":[{\"@type\":\"ListItem\",\"position\":1,\"name\":\"Home\",\"item\":\"https:\\\/\\\/precisionaestheticsmg.com\\\/es\\\/\"},{\"@type\":\"ListItem\",\"position\":2,\"name\":\"PROCEDURES\",\"item\":\"https:\\\/\\\/precisionaestheticsmg.com\\\/es\\\/cosmetic-procedures-santa-ana\\\/\"},{\"@type\":\"ListItem\",\"position\":3,\"name\":\"JUV\u00c9DERM VOLLURE\"}]},{\"@type\":\"WebSite\",\"@id\":\"https:\\\/\\\/precisionaestheticsmg.com\\\/#website\",\"url\":\"https:\\\/\\\/precisionaestheticsmg.com\\\/\",\"name\":\"Precision Aesthetics Medical Group - Cosmetic Specialists Orange County, CA\",\"description\":\"BOTOX Specialists Santa Ana, Wrinkle Reduction Irvine, Dermal Fillers Orange County, CA\",\"publisher\":{\"@id\":\"https:\\\/\\\/precisionaestheticsmg.com\\\/#organization\"},\"potentialAction\":[{\"@type\":\"SearchAction\",\"target\":{\"@type\":\"EntryPoint\",\"urlTemplate\":\"https:\\\/\\\/precisionaestheticsmg.com\\\/?s={search_term_string}\"},\"query-input\":{\"@type\":\"PropertyValueSpecification\",\"valueRequired\":true,\"valueName\":\"search_term_string\"}}],\"inLanguage\":\"es\"},{\"@type\":\"Organization\",\"@id\":\"https:\\\/\\\/precisionaestheticsmg.com\\\/#organization\",\"name\":\"Precision Aesthetics Medical Group\",\"url\":\"https:\\\/\\\/precisionaestheticsmg.com\\\/\",\"logo\":{\"@type\":\"ImageObject\",\"inLanguage\":\"es\",\"@id\":\"https:\\\/\\\/precisionaestheticsmg.com\\\/#\\\/schema\\\/logo\\\/image\\\/\",\"url\":\"https:\\\/\\\/precisionaestheticsmg.com\\\/wp-content\\\/uploads\\\/2018\\\/04\\\/logo-1.png\",\"contentUrl\":\"https:\\\/\\\/precisionaestheticsmg.com\\\/wp-content\\\/uploads\\\/2018\\\/04\\\/logo-1.png\",\"width\":348,\"height\":99,\"caption\":\"Precision Aesthetics Medical Group\"},\"image\":{\"@id\":\"https:\\\/\\\/precisionaestheticsmg.com\\\/#\\\/schema\\\/logo\\\/image\\\/\"}}]}<\/script>\n<!-- \/ Yoast SEO plugin. -->","yoast_head_json":{"title":"JUV\u00c9DERM VOLLURE - Precision Aesthetics Medical Group - Cosmetic Specialists Orange County, CA","description":"\u00bfEst\u00e1 buscando suavizar los pliegues y arrugas profundos alrededor de la nariz y la boca? Precision Aesthetics ofrece inyecciones de Juvederm Vollure para agregar espec\u00edficamente volumen a las arrugas profundas entre la nariz y la boca. Al servicio de Santa Ana e Irvine, CA.","robots":{"index":"index","follow":"follow","max-snippet":"max-snippet:-1","max-image-preview":"max-image-preview:large","max-video-preview":"max-video-preview:-1"},"canonical":"https:\/\/precisionaestheticsmg.com\/es\/cosmetic-procedures-santa-ana\/juvederm-vollure\/","twitter_misc":{"Tiempo de lectura":"3 minutos"},"schema":{"@context":"https:\/\/schema.org","@graph":[{"@type":"WebPage","@id":"https:\/\/precisionaestheticsmg.com\/es\/cosmetic-procedures-santa-ana\/juvederm-vollure\/","url":"https:\/\/precisionaestheticsmg.com\/es\/cosmetic-procedures-santa-ana\/juvederm-vollure\/","name":"JUV\u00c9DERM VOLLURE - Precision Aesthetics Medical Group - Cosmetic Specialists Orange County, CA","isPartOf":{"@id":"https:\/\/precisionaestheticsmg.com\/#website"},"primaryImageOfPage":{"@id":"https:\/\/precisionaestheticsmg.com\/es\/cosmetic-procedures-santa-ana\/juvederm-vollure\/#primaryimage"},"image":{"@id":"https:\/\/precisionaestheticsmg.com\/es\/cosmetic-procedures-santa-ana\/juvederm-vollure\/#primaryimage"},"thumbnailUrl":"http:\/\/precisionaestheticsmg.com\/wp-content\/uploads\/2018\/05\/Lips-300x200.jpg","datePublished":"2019-03-05T05:19:52+00:00","dateModified":"2019-04-06T11:58:11+00:00","description":"\u00bfEst\u00e1 buscando suavizar los pliegues y arrugas profundos alrededor de la nariz y la boca? Precision Aesthetics ofrece inyecciones de Juvederm Vollure para agregar espec\u00edficamente volumen a las arrugas profundas entre la nariz y la boca. Al servicio de Santa Ana e Irvine, CA.","breadcrumb":{"@id":"https:\/\/precisionaestheticsmg.com\/es\/cosmetic-procedures-santa-ana\/juvederm-vollure\/#breadcrumb"},"inLanguage":"es","potentialAction":[{"@type":"ReadAction","target":["https:\/\/precisionaestheticsmg.com\/es\/cosmetic-procedures-santa-ana\/juvederm-vollure\/"]}]},{"@type":"ImageObject","inLanguage":"es","@id":"https:\/\/precisionaestheticsmg.com\/es\/cosmetic-procedures-santa-ana\/juvederm-vollure\/#primaryimage","url":"http:\/\/precisionaestheticsmg.com\/wp-content\/uploads\/2018\/05\/Lips-300x200.jpg","contentUrl":"http:\/\/precisionaestheticsmg.com\/wp-content\/uploads\/2018\/05\/Lips-300x200.jpg"},{"@type":"BreadcrumbList","@id":"https:\/\/precisionaestheticsmg.com\/es\/cosmetic-procedures-santa-ana\/juvederm-vollure\/#breadcrumb","itemListElement":[{"@type":"ListItem","position":1,"name":"Home","item":"https:\/\/precisionaestheticsmg.com\/es\/"},{"@type":"ListItem","position":2,"name":"PROCEDURES","item":"https:\/\/precisionaestheticsmg.com\/es\/cosmetic-procedures-santa-ana\/"},{"@type":"ListItem","position":3,"name":"JUV\u00c9DERM VOLLURE"}]},{"@type":"WebSite","@id":"https:\/\/precisionaestheticsmg.com\/#website","url":"https:\/\/precisionaestheticsmg.com\/","name":"Precision Aesthetics Medical Group - Cosmetic Specialists Orange County, CA","description":"BOTOX Specialists Santa Ana, Wrinkle Reduction Irvine, Dermal Fillers Orange County, CA","publisher":{"@id":"https:\/\/precisionaestheticsmg.com\/#organization"},"potentialAction":[{"@type":"SearchAction","target":{"@type":"EntryPoint","urlTemplate":"https:\/\/precisionaestheticsmg.com\/?s={search_term_string}"},"query-input":{"@type":"PropertyValueSpecification","valueRequired":true,"valueName":"search_term_string"}}],"inLanguage":"es"},{"@type":"Organization","@id":"https:\/\/precisionaestheticsmg.com\/#organization","name":"Precision Aesthetics Medical Group","url":"https:\/\/precisionaestheticsmg.com\/","logo":{"@type":"ImageObject","inLanguage":"es","@id":"https:\/\/precisionaestheticsmg.com\/#\/schema\/logo\/image\/","url":"https:\/\/precisionaestheticsmg.com\/wp-content\/uploads\/2018\/04\/logo-1.png","contentUrl":"https:\/\/precisionaestheticsmg.com\/wp-content\/uploads\/2018\/04\/logo-1.png","width":348,"height":99,"caption":"Precision Aesthetics Medical Group"},"image":{"@id":"https:\/\/precisionaestheticsmg.com\/#\/schema\/logo\/image\/"}}]}},"jetpack_sharing_enabled":true,"_links":{"self":[{"href":"https:\/\/precisionaestheticsmg.com\/es\/wp-json\/wp\/v2\/pages\/584","targetHints":{"allow":["GET"]}}],"collection":[{"href":"https:\/\/precisionaestheticsmg.com\/es\/wp-json\/wp\/v2\/pages"}],"about":[{"href":"https:\/\/precisionaestheticsmg.com\/es\/wp-json\/wp\/v2\/types\/page"}],"author":[{"embeddable":true,"href":"https:\/\/precisionaestheticsmg.com\/es\/wp-json\/wp\/v2\/users\/5"}],"replies":[{"embeddable":true,"href":"https:\/\/precisionaestheticsmg.com\/es\/wp-json\/wp\/v2\/comments?post=584"}],"version-history":[{"count":0,"href":"https:\/\/precisionaestheticsmg.com\/es\/wp-json\/wp\/v2\/pages\/584\/revisions"}],"up":[{"embeddable":true,"href":"https:\/\/precisionaestheticsmg.com\/es\/wp-json\/wp\/v2\/pages\/578"}],"wp:attachment":[{"href":"https:\/\/precisionaestheticsmg.com\/es\/wp-json\/wp\/v2\/media?parent=584"}],"curies":[{"name":"wp","href":"https:\/\/api.w.org\/{rel}","templated":true}]}}