{"id":582,"date":"2019-03-05T05:18:58","date_gmt":"2019-03-05T05:18:58","guid":{"rendered":"https:\/\/pamg.bv6bm9j6-liquidwebsites.com\/?page_id=582"},"modified":"2019-04-06T11:57:12","modified_gmt":"2019-04-06T11:57:12","slug":"juvederm-volbella","status":"publish","type":"page","link":"https:\/\/precisionaestheticsmg.com\/es\/cosmetic-procedures-santa-ana\/juvederm-volbella\/","title":{"rendered":"JUV\u00c9DERM VOLBELLA"},"content":{"rendered":"<h1><span style=\"font-weight: 400;\">JUV\u00c9DERM\u00ae Volbella en Santa Ana\/Irvine<\/span><\/h1>\n<p><span style=\"font-weight: 400;\">En estos d\u00edas, muchos pacientes est\u00e1n buscando opciones no quir\u00fargicas para corregir sus inquietudes cosm\u00e9ticas. Si sus labios se han desinflado con el tiempo o son delgados como resultado de la gen\u00e9tica, JUV\u00c9DERM\u00ae Volbella puede ser la soluci\u00f3n que ha estado buscando. En la est\u00e9tica de la precisi\u00f3n en Santa Ana, utilizamos el llenador temporal para traer un aspecto naturalmente equilibrado a su aspecto facial.<\/span><\/p>\n<h2><span style=\"font-weight: 400;\">La diferencia de Volbella de JUV\u00c9DERM\u00ae<\/span><\/h2>\n<p><span style=\"font-weight: 400;\">JUV\u00c9DERM\u00ae Volbella proporciona resultados a largo plazo sin las cicatrices, complicaciones o tiempo de inactividad asociados con procedimientos m\u00e1s invasivos. Su especialista en JUV\u00c9DERM\u00ae puede completar su tratamiento en tan solo unos minutos, haci\u00e9ndolo perfecto para aquellos con estilos de vida ocupados. Una aguja ultra fina y una f\u00f3rmula mejorada con lidoca\u00edna ayudan a que el procedimiento sea muy bien tolerado. <\/span><\/p>\n<p><img data-recalc-dims=\"1\" decoding=\"async\" class=\"aligncenter wp-image-320 size-medium\" title=\"Juvederm Volbella Santa Ana &amp; Irvine\" src=\"https:\/\/i0.wp.com\/precisionaestheticsmg.com\/wp-content\/uploads\/2018\/05\/Depositphotos_176341000_original-300x200.jpg?resize=300%2C200\" alt=\"Juvederm Volbella Santa Ana &amp; Irvine\" width=\"300\" height=\"200\" srcset=\"https:\/\/i0.wp.com\/precisionaestheticsmg.com\/wp-content\/uploads\/2018\/05\/Depositphotos_176341000_original.jpg?resize=200%2C133&amp;ssl=1 200w, https:\/\/i0.wp.com\/precisionaestheticsmg.com\/wp-content\/uploads\/2018\/05\/Depositphotos_176341000_original.jpg?resize=300%2C200&amp;ssl=1 300w, https:\/\/i0.wp.com\/precisionaestheticsmg.com\/wp-content\/uploads\/2018\/05\/Depositphotos_176341000_original.jpg?resize=400%2C267&amp;ssl=1 400w, https:\/\/i0.wp.com\/precisionaestheticsmg.com\/wp-content\/uploads\/2018\/05\/Depositphotos_176341000_original.jpg?resize=600%2C400&amp;ssl=1 600w, https:\/\/i0.wp.com\/precisionaestheticsmg.com\/wp-content\/uploads\/2018\/05\/Depositphotos_176341000_original.jpg?resize=768%2C512&amp;ssl=1 768w, https:\/\/i0.wp.com\/precisionaestheticsmg.com\/wp-content\/uploads\/2018\/05\/Depositphotos_176341000_original.jpg?resize=800%2C533&amp;ssl=1 800w, https:\/\/i0.wp.com\/precisionaestheticsmg.com\/wp-content\/uploads\/2018\/05\/Depositphotos_176341000_original.jpg?resize=1024%2C683&amp;ssl=1 1024w, https:\/\/i0.wp.com\/precisionaestheticsmg.com\/wp-content\/uploads\/2018\/05\/Depositphotos_176341000_original.jpg?resize=1200%2C800&amp;ssl=1 1200w, https:\/\/i0.wp.com\/precisionaestheticsmg.com\/wp-content\/uploads\/2018\/05\/Depositphotos_176341000_original.jpg?w=2560&amp;ssl=1 2560w, https:\/\/i0.wp.com\/precisionaestheticsmg.com\/wp-content\/uploads\/2018\/05\/Depositphotos_176341000_original.jpg?w=3840&amp;ssl=1 3840w, https:\/\/i0.wp.com\/precisionaestheticsmg.com\/wp-content\/uploads\/2018\/05\/Depositphotos_176341000_original.jpg?fit=5760%2C3840&amp;ssl=1 5760w\" sizes=\"(max-width: 300px) 100vw, 300px\" \/><\/p>\n<h2><span style=\"font-weight: 400;\">Preguntas frecuentes sobre JUV\u00c9DERM\u00ae Volbella <\/span><\/h2>\n<h3><span style=\"font-weight: 400;\">\u00bfQu\u00e9 \u00e1reas se pueden tratar?<\/span><\/h3>\n<p><span style=\"font-weight: 400;\">El gel cristalino a\u00f1ade un volumen sutil a las l\u00edneas de &#8216; pintalabios &#8216; y &#8216; fumadores &#8216;. Tambi\u00e9n hace un gran aumento no quir\u00fargico del labio que puede realzar la plenitud del labio superior o m\u00e1s bajo y mejorar la proporci\u00f3n total de su aspecto facial. JUV\u00c9DERM\u00ae Volbella est\u00e1 aprobado por la FDA para pacientes mayores de 21 a\u00f1os. <\/span><\/p>\n<h3><span style=\"font-weight: 400;\">\u00bfCu\u00e1ndo voy a ver los resultados? *<\/span><\/h3>\n<p><span style=\"font-weight: 400;\">Los labios aparecer\u00e1n m\u00e1s llenos instant\u00e1neamente, y las arrugas se pueden suavizar inmediatamente despu\u00e9s de su tratamiento con JUV\u00c9DERM\u00ae Volbella. Los resultados a largo plazo pueden ser vistos hacia arriba de 1 a\u00f1o. Los tratamientos de mantenimiento son seguros y efectivos cuando se realizan anualmente o seg\u00fan sea necesario.<\/span><\/p>\n<h3><span style=\"font-weight: 400;\">\u00bfHay alguna restricci\u00f3n en mi actividad despu\u00e9s del tratamiento? * <\/span><\/h3>\n<p><span style=\"font-weight: 400;\">No hay restricciones en su actividad despu\u00e9s de su tratamiento. JUV\u00c9DERM\u00ae Volbella hace un excelente &#8216; procedimiento de almuerzo &#8216; porque usted puede volver a las actividades normales directamente despu\u00e9s de su cita en la oficina.<\/span><\/p>\n<h3><span style=\"font-weight: 400;\">\u00bfCu\u00e1les son los posibles efectos secundarios? * <\/span><\/h3>\n<p>Usted puede experimentar reacciones temporales en el lugar de la inyecci\u00f3n que pueden durar varios d\u00edas a varias semanas. T\u00edpicamente, los efectos secundarios se encuentran para ser de leve a moderada, si existe, y se pueden ocultar f\u00e1cilmente con una capa delgada de maquillaje. Los efectos secundarios comunes pueden incluir sensibilidad, hinchaz\u00f3n, firmeza, bultos\/protuberancias, hematomas o decoloraci\u00f3n.<\/p>\n<p>&nbsp;<\/p>\n<p><span style=\"font-weight: 400;\">* Los resultados individuales pueden variar.<\/span><\/p>\n<h2><span style=\"font-weight: 400;\">Financiamiento Est\u00e9tico<\/span><\/h2>\n<p><span style=\"font-weight: 400;\">En la Est\u00e9tica de Precisi\u00f3n, aceptamos CareCredit para su conveniencia. Te ayudamos a lucir y sentirte lo mejor posible proporcionando tratamientos de bienestar y belleza con cuotas mensuales sencillas. Con CareCredit, usted puede comprar un solo tratamiento, m\u00faltiples tratamientos en un paquete del mismo d\u00eda, o mantener la l\u00ednea de cr\u00e9dito abierta para sus servicios favoritos sobre una base m\u00e1s frecuente. Registrarse es f\u00e1cil, y usted es libre de usar sus beneficios de CareCredit inmediatamente despu\u00e9s de la aprobaci\u00f3n.<\/span><\/p>\n<p><span style=\"font-weight: 400;\">Sin embargo, tenga en cuenta que el financiamiento de su (s) tratamiento (es) utilizando CareCredit requiere un monto m\u00ednimo de compra. P\u00f3ngase en contacto con Precisi\u00f3n Est\u00e9tica para obtener m\u00e1s detalles.<\/span><\/p>\n<h2><span style=\"font-weight: 400;\">Tome el Primer Paso <\/span><\/h2>\n<p>\u00bfListo para aprender m\u00e1s sobre JUV\u00c9DERM\u00ae Volbella? Programe una consulta con la est\u00e9tica de precisi\u00f3n en Santa Ana\/Irvine California rellenando la solicitud de un formulario de consulta en esta p\u00e1gina o llamando al <a href=\"tel:(949)528-8457\">(949)528-8457<\/a>. La est\u00e9tica de la precisi\u00f3n est\u00e1 situada en la frontera de Santa Ana y de Irvine, California en proximidad cercana a las autopistas sin peaje 55, 5, 73 &amp; 405<\/p>\n<p>&nbsp;<\/p>\n","protected":false},"excerpt":{"rendered":"<p>JUV\u00c9DERM\u00ae Volbella en Santa Ana\/Irvine En estos d\u00edas, muchos pacientes est\u00e1n buscando opciones no quir\u00fargicas para corregir sus inquietudes cosm\u00e9ticas. Si sus labios se han desinflado con el tiempo o son delgados como resultado de la gen\u00e9tica, JUV\u00c9DERM\u00ae Volbella puede ser la soluci\u00f3n que ha estado buscando. En la est\u00e9tica de la precisi\u00f3n en Santa Ana, utilizamos el llenador temporal para traer un aspecto naturalmente equilibrado a su aspecto facial. La diferencia de Volbella de JUV\u00c9DERM\u00ae  [&#8230;]<\/p>\n","protected":false},"author":5,"featured_media":0,"parent":578,"menu_order":0,"comment_status":"closed","ping_status":"closed","template":"","meta":{"footnotes":""},"class_list":["post-582","page","type-page","status-publish","hentry"],"yoast_head":"<!-- This site is optimized with the Yoast SEO plugin v27.3 - https:\/\/yoast.com\/product\/yoast-seo-wordpress\/ -->\n<title>JUV\u00c9DERM VOLBELLA - Precision Aesthetics Medical Group - Cosmetic Specialists Orange County, CA<\/title>\n<meta name=\"description\" content=\"\u00bfEst\u00e1s buscando mejorar tus labios superiores e inferiores? Precision Aesthetics ofrece las inyecciones de Juvederm Volbella para agregar volumen a los labios y reducir la apariencia de las l\u00edneas del fumador. Al servicio de Santa Ana e Irvine, CA.\" \/>\n<meta name=\"robots\" content=\"index, follow, max-snippet:-1, max-image-preview:large, max-video-preview:-1\" \/>\n<link rel=\"canonical\" href=\"https:\/\/precisionaestheticsmg.com\/es\/cosmetic-procedures-santa-ana\/juvederm-volbella\/\" \/>\n<meta name=\"twitter:label1\" content=\"Tiempo de lectura\" \/>\n\t<meta name=\"twitter:data1\" content=\"3 minutos\" \/>\n<script type=\"application\/ld+json\" class=\"yoast-schema-graph\">{\"@context\":\"https:\\\/\\\/schema.org\",\"@graph\":[{\"@type\":\"WebPage\",\"@id\":\"https:\\\/\\\/precisionaestheticsmg.com\\\/es\\\/cosmetic-procedures-santa-ana\\\/juvederm-volbella\\\/\",\"url\":\"https:\\\/\\\/precisionaestheticsmg.com\\\/es\\\/cosmetic-procedures-santa-ana\\\/juvederm-volbella\\\/\",\"name\":\"JUV\u00c9DERM VOLBELLA - Precision Aesthetics Medical Group - Cosmetic Specialists Orange County, CA\",\"isPartOf\":{\"@id\":\"https:\\\/\\\/precisionaestheticsmg.com\\\/#website\"},\"primaryImageOfPage\":{\"@id\":\"https:\\\/\\\/precisionaestheticsmg.com\\\/es\\\/cosmetic-procedures-santa-ana\\\/juvederm-volbella\\\/#primaryimage\"},\"image\":{\"@id\":\"https:\\\/\\\/precisionaestheticsmg.com\\\/es\\\/cosmetic-procedures-santa-ana\\\/juvederm-volbella\\\/#primaryimage\"},\"thumbnailUrl\":\"http:\\\/\\\/precisionaestheticsmg.com\\\/wp-content\\\/uploads\\\/2018\\\/05\\\/Depositphotos_176341000_original-300x200.jpg\",\"datePublished\":\"2019-03-05T05:18:58+00:00\",\"dateModified\":\"2019-04-06T11:57:12+00:00\",\"description\":\"\u00bfEst\u00e1s buscando mejorar tus labios superiores e inferiores? Precision Aesthetics ofrece las inyecciones de Juvederm Volbella para agregar volumen a los labios y reducir la apariencia de las l\u00edneas del fumador. Al servicio de Santa Ana e Irvine, CA.\",\"breadcrumb\":{\"@id\":\"https:\\\/\\\/precisionaestheticsmg.com\\\/es\\\/cosmetic-procedures-santa-ana\\\/juvederm-volbella\\\/#breadcrumb\"},\"inLanguage\":\"es\",\"potentialAction\":[{\"@type\":\"ReadAction\",\"target\":[\"https:\\\/\\\/precisionaestheticsmg.com\\\/es\\\/cosmetic-procedures-santa-ana\\\/juvederm-volbella\\\/\"]}]},{\"@type\":\"ImageObject\",\"inLanguage\":\"es\",\"@id\":\"https:\\\/\\\/precisionaestheticsmg.com\\\/es\\\/cosmetic-procedures-santa-ana\\\/juvederm-volbella\\\/#primaryimage\",\"url\":\"http:\\\/\\\/precisionaestheticsmg.com\\\/wp-content\\\/uploads\\\/2018\\\/05\\\/Depositphotos_176341000_original-300x200.jpg\",\"contentUrl\":\"http:\\\/\\\/precisionaestheticsmg.com\\\/wp-content\\\/uploads\\\/2018\\\/05\\\/Depositphotos_176341000_original-300x200.jpg\"},{\"@type\":\"BreadcrumbList\",\"@id\":\"https:\\\/\\\/precisionaestheticsmg.com\\\/es\\\/cosmetic-procedures-santa-ana\\\/juvederm-volbella\\\/#breadcrumb\",\"itemListElement\":[{\"@type\":\"ListItem\",\"position\":1,\"name\":\"Home\",\"item\":\"https:\\\/\\\/precisionaestheticsmg.com\\\/es\\\/\"},{\"@type\":\"ListItem\",\"position\":2,\"name\":\"PROCEDURES\",\"item\":\"https:\\\/\\\/precisionaestheticsmg.com\\\/es\\\/cosmetic-procedures-santa-ana\\\/\"},{\"@type\":\"ListItem\",\"position\":3,\"name\":\"JUV\u00c9DERM VOLBELLA\"}]},{\"@type\":\"WebSite\",\"@id\":\"https:\\\/\\\/precisionaestheticsmg.com\\\/#website\",\"url\":\"https:\\\/\\\/precisionaestheticsmg.com\\\/\",\"name\":\"Precision Aesthetics Medical Group - Cosmetic Specialists Orange County, CA\",\"description\":\"BOTOX Specialists Santa Ana, Wrinkle Reduction Irvine, Dermal Fillers Orange County, CA\",\"publisher\":{\"@id\":\"https:\\\/\\\/precisionaestheticsmg.com\\\/#organization\"},\"potentialAction\":[{\"@type\":\"SearchAction\",\"target\":{\"@type\":\"EntryPoint\",\"urlTemplate\":\"https:\\\/\\\/precisionaestheticsmg.com\\\/?s={search_term_string}\"},\"query-input\":{\"@type\":\"PropertyValueSpecification\",\"valueRequired\":true,\"valueName\":\"search_term_string\"}}],\"inLanguage\":\"es\"},{\"@type\":\"Organization\",\"@id\":\"https:\\\/\\\/precisionaestheticsmg.com\\\/#organization\",\"name\":\"Precision Aesthetics Medical Group\",\"url\":\"https:\\\/\\\/precisionaestheticsmg.com\\\/\",\"logo\":{\"@type\":\"ImageObject\",\"inLanguage\":\"es\",\"@id\":\"https:\\\/\\\/precisionaestheticsmg.com\\\/#\\\/schema\\\/logo\\\/image\\\/\",\"url\":\"https:\\\/\\\/precisionaestheticsmg.com\\\/wp-content\\\/uploads\\\/2018\\\/04\\\/logo-1.png\",\"contentUrl\":\"https:\\\/\\\/precisionaestheticsmg.com\\\/wp-content\\\/uploads\\\/2018\\\/04\\\/logo-1.png\",\"width\":348,\"height\":99,\"caption\":\"Precision Aesthetics Medical Group\"},\"image\":{\"@id\":\"https:\\\/\\\/precisionaestheticsmg.com\\\/#\\\/schema\\\/logo\\\/image\\\/\"}}]}<\/script>\n<!-- \/ Yoast SEO plugin. -->","yoast_head_json":{"title":"JUV\u00c9DERM VOLBELLA - Precision Aesthetics Medical Group - Cosmetic Specialists Orange County, CA","description":"\u00bfEst\u00e1s buscando mejorar tus labios superiores e inferiores? Precision Aesthetics ofrece las inyecciones de Juvederm Volbella para agregar volumen a los labios y reducir la apariencia de las l\u00edneas del fumador. Al servicio de Santa Ana e Irvine, CA.","robots":{"index":"index","follow":"follow","max-snippet":"max-snippet:-1","max-image-preview":"max-image-preview:large","max-video-preview":"max-video-preview:-1"},"canonical":"https:\/\/precisionaestheticsmg.com\/es\/cosmetic-procedures-santa-ana\/juvederm-volbella\/","twitter_misc":{"Tiempo de lectura":"3 minutos"},"schema":{"@context":"https:\/\/schema.org","@graph":[{"@type":"WebPage","@id":"https:\/\/precisionaestheticsmg.com\/es\/cosmetic-procedures-santa-ana\/juvederm-volbella\/","url":"https:\/\/precisionaestheticsmg.com\/es\/cosmetic-procedures-santa-ana\/juvederm-volbella\/","name":"JUV\u00c9DERM VOLBELLA - Precision Aesthetics Medical Group - Cosmetic Specialists Orange County, CA","isPartOf":{"@id":"https:\/\/precisionaestheticsmg.com\/#website"},"primaryImageOfPage":{"@id":"https:\/\/precisionaestheticsmg.com\/es\/cosmetic-procedures-santa-ana\/juvederm-volbella\/#primaryimage"},"image":{"@id":"https:\/\/precisionaestheticsmg.com\/es\/cosmetic-procedures-santa-ana\/juvederm-volbella\/#primaryimage"},"thumbnailUrl":"http:\/\/precisionaestheticsmg.com\/wp-content\/uploads\/2018\/05\/Depositphotos_176341000_original-300x200.jpg","datePublished":"2019-03-05T05:18:58+00:00","dateModified":"2019-04-06T11:57:12+00:00","description":"\u00bfEst\u00e1s buscando mejorar tus labios superiores e inferiores? Precision Aesthetics ofrece las inyecciones de Juvederm Volbella para agregar volumen a los labios y reducir la apariencia de las l\u00edneas del fumador. Al servicio de Santa Ana e Irvine, CA.","breadcrumb":{"@id":"https:\/\/precisionaestheticsmg.com\/es\/cosmetic-procedures-santa-ana\/juvederm-volbella\/#breadcrumb"},"inLanguage":"es","potentialAction":[{"@type":"ReadAction","target":["https:\/\/precisionaestheticsmg.com\/es\/cosmetic-procedures-santa-ana\/juvederm-volbella\/"]}]},{"@type":"ImageObject","inLanguage":"es","@id":"https:\/\/precisionaestheticsmg.com\/es\/cosmetic-procedures-santa-ana\/juvederm-volbella\/#primaryimage","url":"http:\/\/precisionaestheticsmg.com\/wp-content\/uploads\/2018\/05\/Depositphotos_176341000_original-300x200.jpg","contentUrl":"http:\/\/precisionaestheticsmg.com\/wp-content\/uploads\/2018\/05\/Depositphotos_176341000_original-300x200.jpg"},{"@type":"BreadcrumbList","@id":"https:\/\/precisionaestheticsmg.com\/es\/cosmetic-procedures-santa-ana\/juvederm-volbella\/#breadcrumb","itemListElement":[{"@type":"ListItem","position":1,"name":"Home","item":"https:\/\/precisionaestheticsmg.com\/es\/"},{"@type":"ListItem","position":2,"name":"PROCEDURES","item":"https:\/\/precisionaestheticsmg.com\/es\/cosmetic-procedures-santa-ana\/"},{"@type":"ListItem","position":3,"name":"JUV\u00c9DERM VOLBELLA"}]},{"@type":"WebSite","@id":"https:\/\/precisionaestheticsmg.com\/#website","url":"https:\/\/precisionaestheticsmg.com\/","name":"Precision Aesthetics Medical Group - Cosmetic Specialists Orange County, CA","description":"BOTOX Specialists Santa Ana, Wrinkle Reduction Irvine, Dermal Fillers Orange County, CA","publisher":{"@id":"https:\/\/precisionaestheticsmg.com\/#organization"},"potentialAction":[{"@type":"SearchAction","target":{"@type":"EntryPoint","urlTemplate":"https:\/\/precisionaestheticsmg.com\/?s={search_term_string}"},"query-input":{"@type":"PropertyValueSpecification","valueRequired":true,"valueName":"search_term_string"}}],"inLanguage":"es"},{"@type":"Organization","@id":"https:\/\/precisionaestheticsmg.com\/#organization","name":"Precision Aesthetics Medical Group","url":"https:\/\/precisionaestheticsmg.com\/","logo":{"@type":"ImageObject","inLanguage":"es","@id":"https:\/\/precisionaestheticsmg.com\/#\/schema\/logo\/image\/","url":"https:\/\/precisionaestheticsmg.com\/wp-content\/uploads\/2018\/04\/logo-1.png","contentUrl":"https:\/\/precisionaestheticsmg.com\/wp-content\/uploads\/2018\/04\/logo-1.png","width":348,"height":99,"caption":"Precision Aesthetics Medical Group"},"image":{"@id":"https:\/\/precisionaestheticsmg.com\/#\/schema\/logo\/image\/"}}]}},"jetpack_sharing_enabled":true,"_links":{"self":[{"href":"https:\/\/precisionaestheticsmg.com\/es\/wp-json\/wp\/v2\/pages\/582","targetHints":{"allow":["GET"]}}],"collection":[{"href":"https:\/\/precisionaestheticsmg.com\/es\/wp-json\/wp\/v2\/pages"}],"about":[{"href":"https:\/\/precisionaestheticsmg.com\/es\/wp-json\/wp\/v2\/types\/page"}],"author":[{"embeddable":true,"href":"https:\/\/precisionaestheticsmg.com\/es\/wp-json\/wp\/v2\/users\/5"}],"replies":[{"embeddable":true,"href":"https:\/\/precisionaestheticsmg.com\/es\/wp-json\/wp\/v2\/comments?post=582"}],"version-history":[{"count":0,"href":"https:\/\/precisionaestheticsmg.com\/es\/wp-json\/wp\/v2\/pages\/582\/revisions"}],"up":[{"embeddable":true,"href":"https:\/\/precisionaestheticsmg.com\/es\/wp-json\/wp\/v2\/pages\/578"}],"wp:attachment":[{"href":"https:\/\/precisionaestheticsmg.com\/es\/wp-json\/wp\/v2\/media?parent=582"}],"curies":[{"name":"wp","href":"https:\/\/api.w.org\/{rel}","templated":true}]}}