{"id":579,"date":"2019-03-05T05:13:51","date_gmt":"2019-03-05T05:13:51","guid":{"rendered":"https:\/\/pamg.bv6bm9j6-liquidwebsites.com\/?page_id=579"},"modified":"2019-04-06T11:54:06","modified_gmt":"2019-04-06T11:54:06","slug":"juvederm-ultra","status":"publish","type":"page","link":"https:\/\/precisionaestheticsmg.com\/es\/cosmetic-procedures-santa-ana\/juvederm-ultra\/","title":{"rendered":"JUV\u00c9DERM ULTRA"},"content":{"rendered":"<h1><span style=\"font-weight: 400;\">JUV\u00c9DERM\u00ae Ultra en Santa Ana\/Irvine<\/span><\/h1>\n<p><span style=\"font-weight: 400;\">Cada vez m\u00e1s pacientes buscan la ayuda de t\u00e9cnicas no quir\u00fargicas para restaurar una apariencia m\u00e1s juvenil. Ya sea que te molesten los labios delgados naturalmente, la p\u00e9rdida de volumen relacionada con la edad o que te guste suavizar las l\u00edneas finas y las arrugas, JUV\u00c9DERM\u00ae Ultra puede ser justo lo que necesitas. En la est\u00e9tica de precisi\u00f3n en Santa Ana, usamos el relleno para ayudar a los pacientes a lograr un aspecto suave y natural.<\/span><\/p>\n<h2><span style=\"font-weight: 400;\">La Diferencia de JUV\u00c9DERM\u00ae Ultra<\/span><\/h2>\n<p><span style=\"font-weight: 400;\">JUV\u00c9DERM\u00ae Ultra es ideal para hombres y mujeres que quieren contornear instant\u00e1neamente y a\u00f1adir volumen a su cara inferior. El tratamiento es duradero y se puede hacer en la oficina en cuesti\u00f3n de minutos permitiendo a los pacientes volver r\u00e1pidamente a su rutina diaria. JUV\u00c9DERM\u00ae Ultra XC es mejorada con lidoca\u00edna, lo que hace que el procedimiento sea pr\u00e1cticamente indoloro.<\/span><\/p>\n<p><img data-recalc-dims=\"1\" decoding=\"async\" class=\"aligncenter size-600 wp-image-333\" src=\"https:\/\/i0.wp.com\/precisionaestheticsmg.com\/wp-content\/uploads\/2018\/05\/Juvederm-Ultra-XC-600x229.jpg?resize=600%2C229\" alt=\"Juvederm Ultra Santa Ana &amp; Irvine\" width=\"600\" height=\"229\" srcset=\"https:\/\/i0.wp.com\/precisionaestheticsmg.com\/wp-content\/uploads\/2018\/05\/Juvederm-Ultra-XC.jpg?resize=200%2C76&amp;ssl=1 200w, https:\/\/i0.wp.com\/precisionaestheticsmg.com\/wp-content\/uploads\/2018\/05\/Juvederm-Ultra-XC.jpg?resize=300%2C114&amp;ssl=1 300w, https:\/\/i0.wp.com\/precisionaestheticsmg.com\/wp-content\/uploads\/2018\/05\/Juvederm-Ultra-XC.jpg?resize=400%2C153&amp;ssl=1 400w, https:\/\/i0.wp.com\/precisionaestheticsmg.com\/wp-content\/uploads\/2018\/05\/Juvederm-Ultra-XC.jpg?resize=600%2C229&amp;ssl=1 600w, https:\/\/i0.wp.com\/precisionaestheticsmg.com\/wp-content\/uploads\/2018\/05\/Juvederm-Ultra-XC.jpg?resize=768%2C293&amp;ssl=1 768w, https:\/\/i0.wp.com\/precisionaestheticsmg.com\/wp-content\/uploads\/2018\/05\/Juvederm-Ultra-XC.jpg?resize=800%2C305&amp;ssl=1 800w, https:\/\/i0.wp.com\/precisionaestheticsmg.com\/wp-content\/uploads\/2018\/05\/Juvederm-Ultra-XC.jpg?resize=1024%2C391&amp;ssl=1 1024w, https:\/\/i0.wp.com\/precisionaestheticsmg.com\/wp-content\/uploads\/2018\/05\/Juvederm-Ultra-XC.jpg?resize=1200%2C458&amp;ssl=1 1200w, https:\/\/i0.wp.com\/precisionaestheticsmg.com\/wp-content\/uploads\/2018\/05\/Juvederm-Ultra-XC.jpg?fit=1964%2C749&amp;ssl=1 1964w\" sizes=\"(max-width: 600px) 100vw, 600px\" \/><\/p>\n<p style=\"text-align: center;\">*Individual results may vary.<\/p>\n<h2><span style=\"font-weight: 400;\">La Diferencia de JUV\u00c9DERM\u00ae Ultra<\/span><\/h2>\n<p>JUV\u00c9DERM\u00ae Ultra es ideal para hombres y mujeres que quieren contornear instant\u00e1neamente y a\u00f1adir volumen a su cara inferior. El tratamiento es duradero y se puede hacer en la oficina en cuesti\u00f3n de minutos permitiendo a los pacientes volver r\u00e1pidamente a su rutina diaria. JUV\u00c9DERM\u00ae Ultra XC es mejorada con lidoca\u00edna, lo que hace que el procedimiento sea pr\u00e1cticamente indoloro.<\/p>\n<h2><span style=\"font-weight: 400;\">Preguntas frecuentes de JUV\u00c9DERM\u00ae Ultra <\/span><\/h2>\n<h3><span style=\"font-weight: 400;\">\u00bfQu\u00e9 \u00e1reas se pueden tratar? <\/span><\/h3>\n<p><span style=\"font-weight: 400;\">JUV\u00c9DERM\u00ae Ultra es un llenador d\u00e9rmico extremadamente vers\u00e1til. Puede ser utilizado para los aumentos del labio que dan a pacientes los labios m\u00e1s llenos, m\u00e1s voluptuoso. El relleno tambi\u00e9n se puede aplicar para corregir las l\u00edneas de sonrisa de moderada a severa alrededor de la nariz y la boca para los pacientes de 21 a\u00f1os o m\u00e1s. <\/span><\/p>\n<h3><span style=\"font-weight: 400;\">\u00bfCu\u00e1ndo voy a ver los resultados? *<\/span><\/h3>\n<p><span style=\"font-weight: 400;\">El gel inyectable proporciona resultados instant\u00e1neos de larga duraci\u00f3n cuando se aplica correctamente. JUV\u00c9DERM\u00ae Ultra XC t\u00edpicamente tiene una alta tasa de satisfacci\u00f3n del paciente incluso despu\u00e9s de 1 a\u00f1o. Los tratamientos de mantenimiento se pueden hacer de forma segura anualmente o seg\u00fan sea necesario.<\/span><\/p>\n<h2><span style=\"font-weight: 400;\">Financiamiento Est\u00e9tico <\/span><\/h2>\n<p><span style=\"font-weight: 400;\">En la est\u00e9tica de precisi\u00f3n, aceptamos CareCredit para su conveniencia. Te ayudamos a lucir y sentirte lo mejor posible proporcionando tratamientos de bienestar y belleza con cuotas mensuales sencillas. Con CareCredit, usted puede comprar un solo tratamiento, m\u00faltiples tratamientos en un paquete del mismo d\u00eda, o mantener la l\u00ednea de cr\u00e9dito abierta para sus servicios favoritos sobre una base m\u00e1s frecuente. Registrarse es f\u00e1cil, y usted es libre de usar sus beneficios de CareCredit inmediatamente despu\u00e9s de la aprobaci\u00f3n. <\/span><\/p>\n<p><span style=\"font-weight: 400;\">Sin embargo, tenga en cuenta que el financiamiento de su (s) tratamiento (es) utilizando CareCredit requiere un monto m\u00ednimo de compra. P\u00f3ngase en contacto con precisi\u00f3n est\u00e9tica para obtener m\u00e1s detalles. <\/span><\/p>\n<h2><span style=\"font-weight: 400;\">Tome el Primer Paso<\/span><\/h2>\n<p><span style=\"font-weight: 400;\">\u00bfListo para aprender m\u00e1s sobre JUV\u00c9DERM\u00ae Ultra? Programe una consulta con la Est\u00e9tica de Precisi\u00f3n en Santa Ana\/Irvine California rellenando la solicitud de un formulario de consulta en esta p\u00e1gina o llamando al <a href=\"tel:(949) 528-8457\">(949) 528-8457<\/a>. La est\u00e9tica de la precisi\u00f3n est\u00e1 situada en la frontera de Santa Ana y de Irvine, California en proximidad cercana a las autopistas sin peaje 55, 5, 73 &amp; 405. <\/span><\/p>\n","protected":false},"excerpt":{"rendered":"<p>JUV\u00c9DERM\u00ae Ultra en Santa Ana\/Irvine Cada vez m\u00e1s pacientes buscan la ayuda de t\u00e9cnicas no quir\u00fargicas para restaurar una apariencia m\u00e1s juvenil. Ya sea que te molesten los labios delgados naturalmente, la p\u00e9rdida de volumen relacionada con la edad o que te guste suavizar las l\u00edneas finas y las arrugas, JUV\u00c9DERM\u00ae Ultra puede ser justo lo que necesitas. En la est\u00e9tica de precisi\u00f3n en Santa Ana, usamos el relleno para ayudar a los pacientes a lograr  [&#8230;]<\/p>\n","protected":false},"author":5,"featured_media":0,"parent":578,"menu_order":0,"comment_status":"closed","ping_status":"closed","template":"","meta":{"footnotes":""},"class_list":["post-579","page","type-page","status-publish","hentry"],"yoast_head":"<!-- This site is optimized with the Yoast SEO plugin v27.3 - https:\/\/yoast.com\/product\/yoast-seo-wordpress\/ -->\n<title>JUV\u00c9DERM ULTRA - Precision Aesthetics Medical Group - Cosmetic Specialists Orange County, CA<\/title>\n<meta name=\"description\" content=\"\u00bfEst\u00e1s buscando agregar volumen a tus labios o suavizar las l\u00edneas de la sonrisa? Precision Aesthetics ofrece inyecciones de Juvederm Ultra para mejorar espec\u00edficamente los labios y reducir las arrugas alrededor de la boca. Al servicio de Santa Ana e Irvine, CA.\" \/>\n<meta name=\"robots\" content=\"index, follow, max-snippet:-1, max-image-preview:large, max-video-preview:-1\" \/>\n<link rel=\"canonical\" href=\"https:\/\/precisionaestheticsmg.com\/es\/cosmetic-procedures-santa-ana\/juvederm-ultra\/\" \/>\n<meta name=\"twitter:label1\" content=\"Tiempo de lectura\" \/>\n\t<meta name=\"twitter:data1\" content=\"3 minutos\" \/>\n<script type=\"application\/ld+json\" class=\"yoast-schema-graph\">{\"@context\":\"https:\\\/\\\/schema.org\",\"@graph\":[{\"@type\":\"WebPage\",\"@id\":\"https:\\\/\\\/precisionaestheticsmg.com\\\/es\\\/cosmetic-procedures-santa-ana\\\/juvederm-ultra\\\/\",\"url\":\"https:\\\/\\\/precisionaestheticsmg.com\\\/es\\\/cosmetic-procedures-santa-ana\\\/juvederm-ultra\\\/\",\"name\":\"JUV\u00c9DERM ULTRA - Precision Aesthetics Medical Group - Cosmetic Specialists Orange County, CA\",\"isPartOf\":{\"@id\":\"https:\\\/\\\/precisionaestheticsmg.com\\\/#website\"},\"primaryImageOfPage\":{\"@id\":\"https:\\\/\\\/precisionaestheticsmg.com\\\/es\\\/cosmetic-procedures-santa-ana\\\/juvederm-ultra\\\/#primaryimage\"},\"image\":{\"@id\":\"https:\\\/\\\/precisionaestheticsmg.com\\\/es\\\/cosmetic-procedures-santa-ana\\\/juvederm-ultra\\\/#primaryimage\"},\"thumbnailUrl\":\"http:\\\/\\\/precisionaestheticsmg.com\\\/wp-content\\\/uploads\\\/2018\\\/05\\\/Juvederm-Ultra-XC-600x229.jpg\",\"datePublished\":\"2019-03-05T05:13:51+00:00\",\"dateModified\":\"2019-04-06T11:54:06+00:00\",\"description\":\"\u00bfEst\u00e1s buscando agregar volumen a tus labios o suavizar las l\u00edneas de la sonrisa? Precision Aesthetics ofrece inyecciones de Juvederm Ultra para mejorar espec\u00edficamente los labios y reducir las arrugas alrededor de la boca. Al servicio de Santa Ana e Irvine, CA.\",\"breadcrumb\":{\"@id\":\"https:\\\/\\\/precisionaestheticsmg.com\\\/es\\\/cosmetic-procedures-santa-ana\\\/juvederm-ultra\\\/#breadcrumb\"},\"inLanguage\":\"es\",\"potentialAction\":[{\"@type\":\"ReadAction\",\"target\":[\"https:\\\/\\\/precisionaestheticsmg.com\\\/es\\\/cosmetic-procedures-santa-ana\\\/juvederm-ultra\\\/\"]}]},{\"@type\":\"ImageObject\",\"inLanguage\":\"es\",\"@id\":\"https:\\\/\\\/precisionaestheticsmg.com\\\/es\\\/cosmetic-procedures-santa-ana\\\/juvederm-ultra\\\/#primaryimage\",\"url\":\"http:\\\/\\\/precisionaestheticsmg.com\\\/wp-content\\\/uploads\\\/2018\\\/05\\\/Juvederm-Ultra-XC-600x229.jpg\",\"contentUrl\":\"http:\\\/\\\/precisionaestheticsmg.com\\\/wp-content\\\/uploads\\\/2018\\\/05\\\/Juvederm-Ultra-XC-600x229.jpg\"},{\"@type\":\"BreadcrumbList\",\"@id\":\"https:\\\/\\\/precisionaestheticsmg.com\\\/es\\\/cosmetic-procedures-santa-ana\\\/juvederm-ultra\\\/#breadcrumb\",\"itemListElement\":[{\"@type\":\"ListItem\",\"position\":1,\"name\":\"Home\",\"item\":\"https:\\\/\\\/precisionaestheticsmg.com\\\/es\\\/\"},{\"@type\":\"ListItem\",\"position\":2,\"name\":\"PROCEDURES\",\"item\":\"https:\\\/\\\/precisionaestheticsmg.com\\\/es\\\/cosmetic-procedures-santa-ana\\\/\"},{\"@type\":\"ListItem\",\"position\":3,\"name\":\"JUV\u00c9DERM ULTRA\"}]},{\"@type\":\"WebSite\",\"@id\":\"https:\\\/\\\/precisionaestheticsmg.com\\\/#website\",\"url\":\"https:\\\/\\\/precisionaestheticsmg.com\\\/\",\"name\":\"Precision Aesthetics Medical Group - Cosmetic Specialists Orange County, CA\",\"description\":\"BOTOX Specialists Santa Ana, Wrinkle Reduction Irvine, Dermal Fillers Orange County, CA\",\"publisher\":{\"@id\":\"https:\\\/\\\/precisionaestheticsmg.com\\\/#organization\"},\"potentialAction\":[{\"@type\":\"SearchAction\",\"target\":{\"@type\":\"EntryPoint\",\"urlTemplate\":\"https:\\\/\\\/precisionaestheticsmg.com\\\/?s={search_term_string}\"},\"query-input\":{\"@type\":\"PropertyValueSpecification\",\"valueRequired\":true,\"valueName\":\"search_term_string\"}}],\"inLanguage\":\"es\"},{\"@type\":\"Organization\",\"@id\":\"https:\\\/\\\/precisionaestheticsmg.com\\\/#organization\",\"name\":\"Precision Aesthetics Medical Group\",\"url\":\"https:\\\/\\\/precisionaestheticsmg.com\\\/\",\"logo\":{\"@type\":\"ImageObject\",\"inLanguage\":\"es\",\"@id\":\"https:\\\/\\\/precisionaestheticsmg.com\\\/#\\\/schema\\\/logo\\\/image\\\/\",\"url\":\"https:\\\/\\\/precisionaestheticsmg.com\\\/wp-content\\\/uploads\\\/2018\\\/04\\\/logo-1.png\",\"contentUrl\":\"https:\\\/\\\/precisionaestheticsmg.com\\\/wp-content\\\/uploads\\\/2018\\\/04\\\/logo-1.png\",\"width\":348,\"height\":99,\"caption\":\"Precision Aesthetics Medical Group\"},\"image\":{\"@id\":\"https:\\\/\\\/precisionaestheticsmg.com\\\/#\\\/schema\\\/logo\\\/image\\\/\"}}]}<\/script>\n<!-- \/ Yoast SEO plugin. -->","yoast_head_json":{"title":"JUV\u00c9DERM ULTRA - Precision Aesthetics Medical Group - Cosmetic Specialists Orange County, CA","description":"\u00bfEst\u00e1s buscando agregar volumen a tus labios o suavizar las l\u00edneas de la sonrisa? Precision Aesthetics ofrece inyecciones de Juvederm Ultra para mejorar espec\u00edficamente los labios y reducir las arrugas alrededor de la boca. Al servicio de Santa Ana e Irvine, CA.","robots":{"index":"index","follow":"follow","max-snippet":"max-snippet:-1","max-image-preview":"max-image-preview:large","max-video-preview":"max-video-preview:-1"},"canonical":"https:\/\/precisionaestheticsmg.com\/es\/cosmetic-procedures-santa-ana\/juvederm-ultra\/","twitter_misc":{"Tiempo de lectura":"3 minutos"},"schema":{"@context":"https:\/\/schema.org","@graph":[{"@type":"WebPage","@id":"https:\/\/precisionaestheticsmg.com\/es\/cosmetic-procedures-santa-ana\/juvederm-ultra\/","url":"https:\/\/precisionaestheticsmg.com\/es\/cosmetic-procedures-santa-ana\/juvederm-ultra\/","name":"JUV\u00c9DERM ULTRA - Precision Aesthetics Medical Group - Cosmetic Specialists Orange County, CA","isPartOf":{"@id":"https:\/\/precisionaestheticsmg.com\/#website"},"primaryImageOfPage":{"@id":"https:\/\/precisionaestheticsmg.com\/es\/cosmetic-procedures-santa-ana\/juvederm-ultra\/#primaryimage"},"image":{"@id":"https:\/\/precisionaestheticsmg.com\/es\/cosmetic-procedures-santa-ana\/juvederm-ultra\/#primaryimage"},"thumbnailUrl":"http:\/\/precisionaestheticsmg.com\/wp-content\/uploads\/2018\/05\/Juvederm-Ultra-XC-600x229.jpg","datePublished":"2019-03-05T05:13:51+00:00","dateModified":"2019-04-06T11:54:06+00:00","description":"\u00bfEst\u00e1s buscando agregar volumen a tus labios o suavizar las l\u00edneas de la sonrisa? Precision Aesthetics ofrece inyecciones de Juvederm Ultra para mejorar espec\u00edficamente los labios y reducir las arrugas alrededor de la boca. Al servicio de Santa Ana e Irvine, CA.","breadcrumb":{"@id":"https:\/\/precisionaestheticsmg.com\/es\/cosmetic-procedures-santa-ana\/juvederm-ultra\/#breadcrumb"},"inLanguage":"es","potentialAction":[{"@type":"ReadAction","target":["https:\/\/precisionaestheticsmg.com\/es\/cosmetic-procedures-santa-ana\/juvederm-ultra\/"]}]},{"@type":"ImageObject","inLanguage":"es","@id":"https:\/\/precisionaestheticsmg.com\/es\/cosmetic-procedures-santa-ana\/juvederm-ultra\/#primaryimage","url":"http:\/\/precisionaestheticsmg.com\/wp-content\/uploads\/2018\/05\/Juvederm-Ultra-XC-600x229.jpg","contentUrl":"http:\/\/precisionaestheticsmg.com\/wp-content\/uploads\/2018\/05\/Juvederm-Ultra-XC-600x229.jpg"},{"@type":"BreadcrumbList","@id":"https:\/\/precisionaestheticsmg.com\/es\/cosmetic-procedures-santa-ana\/juvederm-ultra\/#breadcrumb","itemListElement":[{"@type":"ListItem","position":1,"name":"Home","item":"https:\/\/precisionaestheticsmg.com\/es\/"},{"@type":"ListItem","position":2,"name":"PROCEDURES","item":"https:\/\/precisionaestheticsmg.com\/es\/cosmetic-procedures-santa-ana\/"},{"@type":"ListItem","position":3,"name":"JUV\u00c9DERM ULTRA"}]},{"@type":"WebSite","@id":"https:\/\/precisionaestheticsmg.com\/#website","url":"https:\/\/precisionaestheticsmg.com\/","name":"Precision Aesthetics Medical Group - Cosmetic Specialists Orange County, CA","description":"BOTOX Specialists Santa Ana, Wrinkle Reduction Irvine, Dermal Fillers Orange County, CA","publisher":{"@id":"https:\/\/precisionaestheticsmg.com\/#organization"},"potentialAction":[{"@type":"SearchAction","target":{"@type":"EntryPoint","urlTemplate":"https:\/\/precisionaestheticsmg.com\/?s={search_term_string}"},"query-input":{"@type":"PropertyValueSpecification","valueRequired":true,"valueName":"search_term_string"}}],"inLanguage":"es"},{"@type":"Organization","@id":"https:\/\/precisionaestheticsmg.com\/#organization","name":"Precision Aesthetics Medical Group","url":"https:\/\/precisionaestheticsmg.com\/","logo":{"@type":"ImageObject","inLanguage":"es","@id":"https:\/\/precisionaestheticsmg.com\/#\/schema\/logo\/image\/","url":"https:\/\/precisionaestheticsmg.com\/wp-content\/uploads\/2018\/04\/logo-1.png","contentUrl":"https:\/\/precisionaestheticsmg.com\/wp-content\/uploads\/2018\/04\/logo-1.png","width":348,"height":99,"caption":"Precision Aesthetics Medical Group"},"image":{"@id":"https:\/\/precisionaestheticsmg.com\/#\/schema\/logo\/image\/"}}]}},"jetpack_sharing_enabled":true,"_links":{"self":[{"href":"https:\/\/precisionaestheticsmg.com\/es\/wp-json\/wp\/v2\/pages\/579","targetHints":{"allow":["GET"]}}],"collection":[{"href":"https:\/\/precisionaestheticsmg.com\/es\/wp-json\/wp\/v2\/pages"}],"about":[{"href":"https:\/\/precisionaestheticsmg.com\/es\/wp-json\/wp\/v2\/types\/page"}],"author":[{"embeddable":true,"href":"https:\/\/precisionaestheticsmg.com\/es\/wp-json\/wp\/v2\/users\/5"}],"replies":[{"embeddable":true,"href":"https:\/\/precisionaestheticsmg.com\/es\/wp-json\/wp\/v2\/comments?post=579"}],"version-history":[{"count":0,"href":"https:\/\/precisionaestheticsmg.com\/es\/wp-json\/wp\/v2\/pages\/579\/revisions"}],"up":[{"embeddable":true,"href":"https:\/\/precisionaestheticsmg.com\/es\/wp-json\/wp\/v2\/pages\/578"}],"wp:attachment":[{"href":"https:\/\/precisionaestheticsmg.com\/es\/wp-json\/wp\/v2\/media?parent=579"}],"curies":[{"name":"wp","href":"https:\/\/api.w.org\/{rel}","templated":true}]}}