{"id":576,"date":"2019-03-05T05:06:36","date_gmt":"2019-03-05T05:06:36","guid":{"rendered":"https:\/\/pamg.bv6bm9j6-liquidwebsites.com\/?page_id=576"},"modified":"2019-04-06T12:01:07","modified_gmt":"2019-04-06T12:01:07","slug":"juvederm","status":"publish","type":"page","link":"https:\/\/precisionaestheticsmg.com\/es\/cosmetic-procedures-santa-ana\/juvederm\/","title":{"rendered":"JUV\u00c9DERM"},"content":{"rendered":"<h1><span style=\"font-weight: 400;\">JUV\u00c9DERM\u00ae en Santa Ana\/Irvine<\/span><\/h1>\n<p style=\"text-align: center;\"><img data-recalc-dims=\"1\" decoding=\"async\" class=\"alignnone size-full wp-image-282\" src=\"https:\/\/i0.wp.com\/precisionaestheticsmg.com\/wp-content\/uploads\/2018\/05\/Juvederm-Logo.png?resize=342%2C135\" alt=\"Juvederm Santa Ana &amp; Irvine\" width=\"342\" height=\"135\" srcset=\"https:\/\/i0.wp.com\/precisionaestheticsmg.com\/wp-content\/uploads\/2018\/05\/Juvederm-Logo.png?resize=200%2C79&amp;ssl=1 200w, https:\/\/i0.wp.com\/precisionaestheticsmg.com\/wp-content\/uploads\/2018\/05\/Juvederm-Logo.png?resize=300%2C118&amp;ssl=1 300w, https:\/\/i0.wp.com\/precisionaestheticsmg.com\/wp-content\/uploads\/2018\/05\/Juvederm-Logo.png?fit=342%2C135&amp;ssl=1 342w\" sizes=\"(max-width: 342px) 100vw, 342px\" \/><\/p>\n<h3><strong>Juvederm<\/strong><\/h3>\n<p><strong>Familia de Rellenos<\/strong><\/p>\n<p><span style=\"font-weight: 400;\">Los rellenos d\u00e9rmicos pueden ayudar a disminuir los signos comunes de envejecimiento y restaurar los contornos juveniles del pasado. Es posible que desee considerar los rellenos de JUV\u00c9DERM\u00ae si desea lucir a\u00f1os m\u00e1s j\u00f3venes sin el uso de m\u00e9todos m\u00e1s invasivos que pueden tener tiempos de recuperaci\u00f3n prolongados, cicatrices y complicaciones potenciales. JUV\u00c9DERM\u00ae es seguro y eficaz para casi todos los tipos de piel.<\/span><\/p>\n<h2><span style=\"font-weight: 400;\">La diferencia JUV\u00c9DERM\u00ae<\/span><\/h2>\n<p><span style=\"font-weight: 400;\">Los productos JUV\u00c9DERM\u00ae son una l\u00ednea avanzada de rellenos d\u00e9rmicos que proporcionan resultados instant\u00e1neos y duraderos. El procedimiento m\u00ednimamente invasivo se puede hacer en tan s\u00f3lo 10 minutos para darle una apariencia natural. JUV\u00c9DERM\u00ae se ha mejorado con lidoca\u00edna para que el procedimiento sea lo m\u00e1s c\u00f3modo posible.<\/span><\/p>\n<h2><span style=\"font-weight: 400;\">\u00bfQu\u00e9 productos de JUV\u00c9DERM\u00ae ofreces?<\/span><\/h2>\n<p><span style=\"font-weight: 400;\">En Precisi\u00f3n Est\u00e9tica en Santa Ana\/Irvine, California, ofrecemos 5 niveles de formulaciones de JUV\u00c9DERM\u00ae para corregir una amplia variedad de preocupaciones cosm\u00e9ticas. Estamos orgullosos de ser un proveedor de al\u00e9rgenos de nivel Platinum y contamos con profesionales m\u00e9dicos capacitados en el personal para asegurar que el procedimiento tenga un resultado \u00f3ptimo con la menor cantidad de efectos secundarios y tiempo de inactividad posible.<\/span><\/p>\n<ul>\n<li><b>JUV\u00c9DERM\u00ae Ultra: <\/b>una mezcla altamente vers\u00e1til de \u00e1cido hialur\u00f3nico que puede contornear y volumizar arrugas y pliegues faciales. Esta f\u00f3rmula puede durar m\u00e1s de 1 a\u00f1o.<\/li>\n<\/ul>\n<ul>\n<li><b>JUV\u00c9DERM\u00ae Ultra Plus XC:<span style=\"font-weight: 400;\"> una f\u00f3rmula m\u00e1s robusta de \u00e1cido hialur\u00f3nico y lidoca\u00edna destinada a tratar pliegues y arrugas m\u00e1s profundos alrededor de la boca y la nariz. En los ensayos cl\u00ednicos, ultra Plus se ha demostrado que dura alrededor de 1 a\u00f1o.<br \/>\n<\/span><\/b><\/li>\n<\/ul>\n<ul>\n<li><b>JUV\u00c9DERM\u00ae Voluma:<\/b>Voluma es el \u00fanico inyectable aprobado por la FDA para corregir la p\u00e9rdida de volumen de la cara media relacionada con la edad. Las mejillas pueden ser apost\u00f3 por casi 2 a\u00f1os con esta f\u00f3rmula<\/li>\n<\/ul>\n<ul>\n<li><b>JUV\u00c9DERM\u00ae Vollure: <\/b>esta f\u00f3rmula est\u00e1 dise\u00f1ada espec\u00edficamente para rellenar l\u00edneas y arrugas alrededor de la boca, incluyendo l\u00edneas de marioneta y l\u00edneas de risa por hasta 18 meses.<\/li>\n<\/ul>\n<ul>\n<li><b>JUV\u00c9DERM\u00ae Volbella:<span style=\"font-weight: 400;\"> Volbella ayuda a restaurar el volumen perdido a los labios y hace un relleno ideal para los aumentos de labios. Espere que esta f\u00f3rmula dure alrededor de 1 a\u00f1o<br \/>\n<\/span><\/b><\/li>\n<\/ul>\n<h2><span style=\"font-weight: 400;\">Preguntas frecuentes de JUV\u00c9DERM\u00ae<\/span><\/h2>\n<h3>\u00bfQu\u00e9 \u00e1reas se pueden tratar?<\/h3>\n<p><span style=\"font-weight: 400;\">JUV\u00c9DERM\u00ae se puede utilizar para todo, desde la mejilla y el realce de los labios hasta reducir la apariencia de l\u00edneas finas, arrugas y pliegues faciales profundos. En su consulta inicial, su especialista completar\u00e1 una evaluaci\u00f3n facial completa para determinar qu\u00e9 producto podr\u00eda adaptarse mejor a sus necesidades individuales.<\/span><\/p>\n<h3>\u00bfCu\u00e1ndo puedo ver los resultados? *<\/h3>\n<p><span style=\"font-weight: 400;\">Los resultados iniciales de JUV\u00c9DERM\u00ae son instant\u00e1neos. La mejor\u00eda gradual continuar\u00e1 ocurriendo como enrojecimiento e hinchaz\u00f3n en el transcurso de una semana o dos. Los resultados son duraderos y var\u00edan desde 1-2 a\u00f1os en funci\u00f3n del relleno que se utilice.<\/span><\/p>\n<h3>\u00bfCu\u00e1ntos tratamientos necesitar\u00e9? *<\/h3>\n<p><span style=\"font-weight: 400;\">En la mayor\u00eda de los casos, los pacientes son capaces de obtener sus objetivos finales con un solo tratamiento corto de JUV\u00c9DERM\u00ae. Los procedimientos de retoque pueden realizarse anualmente o seg\u00fan sea necesario.<\/span><\/p>\n<h3>\u00bfHay alguna restricci\u00f3n en mi actividad despu\u00e9s del tratamiento?<\/h3>\n<p><span style=\"font-weight: 400;\">Los productos JUV\u00c9DERM\u00ae no requieren mucho tiempo de inactividad, si los hay. Inmediatamente despu\u00e9s de su tratamiento, usted puede ir sobre sus actividades diarias. Se le puede pedir que minimice el contacto o masajear la zona de tratamiento. <\/span><\/p>\n<h3>Cu\u00e1les son los posibles efectos secundarios?<\/h3>\n<p>Los efectos secundarios comunes son t\u00edpicamente leves a moderados y pueden incluir reacciones temporales en el sitio de tratamiento tales como sensibilidad, hinchaz\u00f3n, firmeza, bultos\/protuberancias, hematomas, dolor, enrojecimiento, decoloraci\u00f3n y picaz\u00f3n. Si los efectos secundarios duran m\u00e1s de 1 semana, consulte a su profesional de JUV\u00c9DERM\u00ae.<\/p>\n<p>* Los resultados individuales pueden variar.<\/p>\n<h2><span style=\"font-weight: 400;\">Financiamiento Est\u00e9tico <\/span><\/h2>\n<p><span style=\"font-weight: 400;\">En la Est\u00e9tica de Precisi\u00f3n, aceptamos CareCredit para su conveniencia. Te ayudamos a lucir y sentirte lo mejor posible proporcionando tratamientos de bienestar y belleza con cuotas mensuales sencillas. Con CareCredit, usted puede comprar un solo tratamiento, m\u00faltiples tratamientos en un paquete del mismo d\u00eda, o mantener la l\u00ednea de cr\u00e9dito abierta para sus servicios favoritos sobre una base m\u00e1s frecuente. Registrarse es f\u00e1cil, y usted es libre de usar sus beneficios de CareCredit inmediatamente despu\u00e9s de la aprobaci\u00f3n. <\/span><\/p>\n<p><span style=\"font-weight: 400;\">Sin embargo, tenga en cuenta que el financiamiento de su (s) tratamiento (es) utilizando CareCredit requiere un monto m\u00ednimo de compra. P\u00f3ngase en contacto con precisi\u00f3n est\u00e9tica para obtener m\u00e1s detalles.<\/span><\/p>\n<h2><span style=\"font-weight: 400;\">Tome el Primer Paso<\/span><\/h2>\n<p><span style=\"font-weight: 400;\">\u00bfListo para aprender m\u00e1s sobre los productos JUV\u00c9DERM\u00ae? Programe una consulta con la Est\u00e9tica de Precisi\u00f3n en Santa Ana\/Irvine California rellenando la solicitud de un formulario de consulta en esta p\u00e1gina o llamando al <a href=\"tel:(949) 528-8457\">(949) 528-8457<\/a>. La Est\u00e9tica de la Precisi\u00f3n est\u00e1 situada en la frontera de Santa Ana y de Irvine, California en proximidad cercana a las autopistas sin peaje 55, 5, 73 &amp; 405. <\/span><\/p>\n","protected":false},"excerpt":{"rendered":"<p>JUV\u00c9DERM\u00ae en Santa Ana\/Irvine Juvederm Familia de Rellenos Los rellenos d\u00e9rmicos pueden ayudar a disminuir los signos comunes de envejecimiento y restaurar los contornos juveniles del pasado. Es posible que desee considerar los rellenos de JUV\u00c9DERM\u00ae si desea lucir a\u00f1os m\u00e1s j\u00f3venes sin el uso de m\u00e9todos m\u00e1s invasivos que pueden tener tiempos de recuperaci\u00f3n prolongados, cicatrices y complicaciones potenciales. JUV\u00c9DERM\u00ae es seguro y eficaz para casi todos los tipos de piel. La diferencia JUV\u00c9DERM\u00ae Los  [&#8230;]<\/p>\n","protected":false},"author":5,"featured_media":0,"parent":578,"menu_order":0,"comment_status":"closed","ping_status":"closed","template":"","meta":{"footnotes":""},"class_list":["post-576","page","type-page","status-publish","hentry"],"yoast_head":"<!-- This site is optimized with the Yoast SEO plugin v27.3 - https:\/\/yoast.com\/product\/yoast-seo-wordpress\/ -->\n<title>JUV\u00c9DERM - Precision Aesthetics Medical Group - Cosmetic Specialists Orange County, CA<\/title>\n<meta name=\"description\" content=\"La familia de rellenos d\u00e9rmicos Juvederm est\u00e1 dise\u00f1ada para ayudar a eliminar los signos comunes del envejecimiento y restaurar los contornos juveniles. Hable con Precision Aesthetics para averiguar qu\u00e9 relleno Juvederm es el adecuado para sus necesidades. Al servicio de Santa Ana e Irvine, CA.\" \/>\n<meta name=\"robots\" content=\"index, follow, max-snippet:-1, max-image-preview:large, max-video-preview:-1\" \/>\n<link rel=\"canonical\" href=\"https:\/\/precisionaestheticsmg.com\/es\/cosmetic-procedures-santa-ana\/juvederm\/\" \/>\n<meta name=\"twitter:label1\" content=\"Tiempo de lectura\" \/>\n\t<meta name=\"twitter:data1\" content=\"4 minutos\" \/>\n<script type=\"application\/ld+json\" class=\"yoast-schema-graph\">{\"@context\":\"https:\\\/\\\/schema.org\",\"@graph\":[{\"@type\":\"WebPage\",\"@id\":\"https:\\\/\\\/precisionaestheticsmg.com\\\/es\\\/cosmetic-procedures-santa-ana\\\/juvederm\\\/\",\"url\":\"https:\\\/\\\/precisionaestheticsmg.com\\\/es\\\/cosmetic-procedures-santa-ana\\\/juvederm\\\/\",\"name\":\"JUV\u00c9DERM - Precision Aesthetics Medical Group - Cosmetic Specialists Orange County, CA\",\"isPartOf\":{\"@id\":\"https:\\\/\\\/precisionaestheticsmg.com\\\/#website\"},\"primaryImageOfPage\":{\"@id\":\"https:\\\/\\\/precisionaestheticsmg.com\\\/es\\\/cosmetic-procedures-santa-ana\\\/juvederm\\\/#primaryimage\"},\"image\":{\"@id\":\"https:\\\/\\\/precisionaestheticsmg.com\\\/es\\\/cosmetic-procedures-santa-ana\\\/juvederm\\\/#primaryimage\"},\"thumbnailUrl\":\"http:\\\/\\\/precisionaestheticsmg.com\\\/wp-content\\\/uploads\\\/2018\\\/05\\\/Juvederm-Logo.png\",\"datePublished\":\"2019-03-05T05:06:36+00:00\",\"dateModified\":\"2019-04-06T12:01:07+00:00\",\"description\":\"La familia de rellenos d\u00e9rmicos Juvederm est\u00e1 dise\u00f1ada para ayudar a eliminar los signos comunes del envejecimiento y restaurar los contornos juveniles. Hable con Precision Aesthetics para averiguar qu\u00e9 relleno Juvederm es el adecuado para sus necesidades. Al servicio de Santa Ana e Irvine, CA.\",\"breadcrumb\":{\"@id\":\"https:\\\/\\\/precisionaestheticsmg.com\\\/es\\\/cosmetic-procedures-santa-ana\\\/juvederm\\\/#breadcrumb\"},\"inLanguage\":\"es\",\"potentialAction\":[{\"@type\":\"ReadAction\",\"target\":[\"https:\\\/\\\/precisionaestheticsmg.com\\\/es\\\/cosmetic-procedures-santa-ana\\\/juvederm\\\/\"]}]},{\"@type\":\"ImageObject\",\"inLanguage\":\"es\",\"@id\":\"https:\\\/\\\/precisionaestheticsmg.com\\\/es\\\/cosmetic-procedures-santa-ana\\\/juvederm\\\/#primaryimage\",\"url\":\"http:\\\/\\\/precisionaestheticsmg.com\\\/wp-content\\\/uploads\\\/2018\\\/05\\\/Juvederm-Logo.png\",\"contentUrl\":\"http:\\\/\\\/precisionaestheticsmg.com\\\/wp-content\\\/uploads\\\/2018\\\/05\\\/Juvederm-Logo.png\"},{\"@type\":\"BreadcrumbList\",\"@id\":\"https:\\\/\\\/precisionaestheticsmg.com\\\/es\\\/cosmetic-procedures-santa-ana\\\/juvederm\\\/#breadcrumb\",\"itemListElement\":[{\"@type\":\"ListItem\",\"position\":1,\"name\":\"Home\",\"item\":\"https:\\\/\\\/precisionaestheticsmg.com\\\/es\\\/\"},{\"@type\":\"ListItem\",\"position\":2,\"name\":\"PROCEDURES\",\"item\":\"https:\\\/\\\/precisionaestheticsmg.com\\\/es\\\/cosmetic-procedures-santa-ana\\\/\"},{\"@type\":\"ListItem\",\"position\":3,\"name\":\"JUV\u00c9DERM\"}]},{\"@type\":\"WebSite\",\"@id\":\"https:\\\/\\\/precisionaestheticsmg.com\\\/#website\",\"url\":\"https:\\\/\\\/precisionaestheticsmg.com\\\/\",\"name\":\"Precision Aesthetics Medical Group - Cosmetic Specialists Orange County, CA\",\"description\":\"BOTOX Specialists Santa Ana, Wrinkle Reduction Irvine, Dermal Fillers Orange County, CA\",\"publisher\":{\"@id\":\"https:\\\/\\\/precisionaestheticsmg.com\\\/#organization\"},\"potentialAction\":[{\"@type\":\"SearchAction\",\"target\":{\"@type\":\"EntryPoint\",\"urlTemplate\":\"https:\\\/\\\/precisionaestheticsmg.com\\\/?s={search_term_string}\"},\"query-input\":{\"@type\":\"PropertyValueSpecification\",\"valueRequired\":true,\"valueName\":\"search_term_string\"}}],\"inLanguage\":\"es\"},{\"@type\":\"Organization\",\"@id\":\"https:\\\/\\\/precisionaestheticsmg.com\\\/#organization\",\"name\":\"Precision Aesthetics Medical Group\",\"url\":\"https:\\\/\\\/precisionaestheticsmg.com\\\/\",\"logo\":{\"@type\":\"ImageObject\",\"inLanguage\":\"es\",\"@id\":\"https:\\\/\\\/precisionaestheticsmg.com\\\/#\\\/schema\\\/logo\\\/image\\\/\",\"url\":\"https:\\\/\\\/precisionaestheticsmg.com\\\/wp-content\\\/uploads\\\/2018\\\/04\\\/logo-1.png\",\"contentUrl\":\"https:\\\/\\\/precisionaestheticsmg.com\\\/wp-content\\\/uploads\\\/2018\\\/04\\\/logo-1.png\",\"width\":348,\"height\":99,\"caption\":\"Precision Aesthetics Medical Group\"},\"image\":{\"@id\":\"https:\\\/\\\/precisionaestheticsmg.com\\\/#\\\/schema\\\/logo\\\/image\\\/\"}}]}<\/script>\n<!-- \/ Yoast SEO plugin. -->","yoast_head_json":{"title":"JUV\u00c9DERM - Precision Aesthetics Medical Group - Cosmetic Specialists Orange County, CA","description":"La familia de rellenos d\u00e9rmicos Juvederm est\u00e1 dise\u00f1ada para ayudar a eliminar los signos comunes del envejecimiento y restaurar los contornos juveniles. Hable con Precision Aesthetics para averiguar qu\u00e9 relleno Juvederm es el adecuado para sus necesidades. Al servicio de Santa Ana e Irvine, CA.","robots":{"index":"index","follow":"follow","max-snippet":"max-snippet:-1","max-image-preview":"max-image-preview:large","max-video-preview":"max-video-preview:-1"},"canonical":"https:\/\/precisionaestheticsmg.com\/es\/cosmetic-procedures-santa-ana\/juvederm\/","twitter_misc":{"Tiempo de lectura":"4 minutos"},"schema":{"@context":"https:\/\/schema.org","@graph":[{"@type":"WebPage","@id":"https:\/\/precisionaestheticsmg.com\/es\/cosmetic-procedures-santa-ana\/juvederm\/","url":"https:\/\/precisionaestheticsmg.com\/es\/cosmetic-procedures-santa-ana\/juvederm\/","name":"JUV\u00c9DERM - Precision Aesthetics Medical Group - Cosmetic Specialists Orange County, CA","isPartOf":{"@id":"https:\/\/precisionaestheticsmg.com\/#website"},"primaryImageOfPage":{"@id":"https:\/\/precisionaestheticsmg.com\/es\/cosmetic-procedures-santa-ana\/juvederm\/#primaryimage"},"image":{"@id":"https:\/\/precisionaestheticsmg.com\/es\/cosmetic-procedures-santa-ana\/juvederm\/#primaryimage"},"thumbnailUrl":"http:\/\/precisionaestheticsmg.com\/wp-content\/uploads\/2018\/05\/Juvederm-Logo.png","datePublished":"2019-03-05T05:06:36+00:00","dateModified":"2019-04-06T12:01:07+00:00","description":"La familia de rellenos d\u00e9rmicos Juvederm est\u00e1 dise\u00f1ada para ayudar a eliminar los signos comunes del envejecimiento y restaurar los contornos juveniles. Hable con Precision Aesthetics para averiguar qu\u00e9 relleno Juvederm es el adecuado para sus necesidades. Al servicio de Santa Ana e Irvine, CA.","breadcrumb":{"@id":"https:\/\/precisionaestheticsmg.com\/es\/cosmetic-procedures-santa-ana\/juvederm\/#breadcrumb"},"inLanguage":"es","potentialAction":[{"@type":"ReadAction","target":["https:\/\/precisionaestheticsmg.com\/es\/cosmetic-procedures-santa-ana\/juvederm\/"]}]},{"@type":"ImageObject","inLanguage":"es","@id":"https:\/\/precisionaestheticsmg.com\/es\/cosmetic-procedures-santa-ana\/juvederm\/#primaryimage","url":"http:\/\/precisionaestheticsmg.com\/wp-content\/uploads\/2018\/05\/Juvederm-Logo.png","contentUrl":"http:\/\/precisionaestheticsmg.com\/wp-content\/uploads\/2018\/05\/Juvederm-Logo.png"},{"@type":"BreadcrumbList","@id":"https:\/\/precisionaestheticsmg.com\/es\/cosmetic-procedures-santa-ana\/juvederm\/#breadcrumb","itemListElement":[{"@type":"ListItem","position":1,"name":"Home","item":"https:\/\/precisionaestheticsmg.com\/es\/"},{"@type":"ListItem","position":2,"name":"PROCEDURES","item":"https:\/\/precisionaestheticsmg.com\/es\/cosmetic-procedures-santa-ana\/"},{"@type":"ListItem","position":3,"name":"JUV\u00c9DERM"}]},{"@type":"WebSite","@id":"https:\/\/precisionaestheticsmg.com\/#website","url":"https:\/\/precisionaestheticsmg.com\/","name":"Precision Aesthetics Medical Group - Cosmetic Specialists Orange County, CA","description":"BOTOX Specialists Santa Ana, Wrinkle Reduction Irvine, Dermal Fillers Orange County, CA","publisher":{"@id":"https:\/\/precisionaestheticsmg.com\/#organization"},"potentialAction":[{"@type":"SearchAction","target":{"@type":"EntryPoint","urlTemplate":"https:\/\/precisionaestheticsmg.com\/?s={search_term_string}"},"query-input":{"@type":"PropertyValueSpecification","valueRequired":true,"valueName":"search_term_string"}}],"inLanguage":"es"},{"@type":"Organization","@id":"https:\/\/precisionaestheticsmg.com\/#organization","name":"Precision Aesthetics Medical Group","url":"https:\/\/precisionaestheticsmg.com\/","logo":{"@type":"ImageObject","inLanguage":"es","@id":"https:\/\/precisionaestheticsmg.com\/#\/schema\/logo\/image\/","url":"https:\/\/precisionaestheticsmg.com\/wp-content\/uploads\/2018\/04\/logo-1.png","contentUrl":"https:\/\/precisionaestheticsmg.com\/wp-content\/uploads\/2018\/04\/logo-1.png","width":348,"height":99,"caption":"Precision Aesthetics Medical Group"},"image":{"@id":"https:\/\/precisionaestheticsmg.com\/#\/schema\/logo\/image\/"}}]}},"jetpack_sharing_enabled":true,"_links":{"self":[{"href":"https:\/\/precisionaestheticsmg.com\/es\/wp-json\/wp\/v2\/pages\/576","targetHints":{"allow":["GET"]}}],"collection":[{"href":"https:\/\/precisionaestheticsmg.com\/es\/wp-json\/wp\/v2\/pages"}],"about":[{"href":"https:\/\/precisionaestheticsmg.com\/es\/wp-json\/wp\/v2\/types\/page"}],"author":[{"embeddable":true,"href":"https:\/\/precisionaestheticsmg.com\/es\/wp-json\/wp\/v2\/users\/5"}],"replies":[{"embeddable":true,"href":"https:\/\/precisionaestheticsmg.com\/es\/wp-json\/wp\/v2\/comments?post=576"}],"version-history":[{"count":0,"href":"https:\/\/precisionaestheticsmg.com\/es\/wp-json\/wp\/v2\/pages\/576\/revisions"}],"up":[{"embeddable":true,"href":"https:\/\/precisionaestheticsmg.com\/es\/wp-json\/wp\/v2\/pages\/578"}],"wp:attachment":[{"href":"https:\/\/precisionaestheticsmg.com\/es\/wp-json\/wp\/v2\/media?parent=576"}],"curies":[{"name":"wp","href":"https:\/\/api.w.org\/{rel}","templated":true}]}}