{"id":439,"date":"2018-11-01T12:33:52","date_gmt":"2018-11-01T12:33:52","guid":{"rendered":"https:\/\/pamg.bv6bm9j6-liquidwebsites.com\/?page_id=439"},"modified":"2019-03-01T07:33:28","modified_gmt":"2019-03-01T07:33:28","slug":"testimonios","status":"publish","type":"page","link":"https:\/\/precisionaestheticsmg.com\/es\/botox-specialists-santa-ana\/testimonios\/","title":{"rendered":"TESTIMONIOS"},"content":{"rendered":"<div class=\"fusion-fullwidth fullwidth-box fusion-builder-row-1 nonhundred-percent-fullwidth non-hundred-percent-height-scrolling\" style=\"--awb-border-radius-top-left:0px;--awb-border-radius-top-right:0px;--awb-border-radius-bottom-right:0px;--awb-border-radius-bottom-left:0px;--awb-flex-wrap:wrap;\" ><div class=\"fusion-builder-row fusion-row\"><div class=\"fusion-layout-column fusion_builder_column fusion-builder-column-0 fusion_builder_column_1_1 1_1 fusion-one-full fusion-column-first fusion-column-last\" style=\"--awb-bg-size:cover;\"><div class=\"fusion-column-wrapper fusion-flex-column-wrapper-legacy\"><div class=\"fusion-text fusion-text-1\"><h1>Testimonios de Ast\u00e9tica de Precisi\u00f3n y Comentarios <span class=\"custom-head1\">\u00a0en Santa Ana\/Irvine <\/span><\/h1>\n<div class=\"testimonial-content\">\n<h2>Personal Professional<\/h2>\n<p>5 estrellas \u2013 Escrito el 9 de Septiembre de 2018<\/p>\n<p>* Desde el momento en que entr\u00e9 en la puerta hasta el momento en que me fui, el personal era muy profesional y cort\u00e9s.<\/p>\n<p>de <em><strong> James R.<\/strong><\/em><\/p>\n<\/div>\n<hr \/>\n<div class=\"testimonial-content\">\n<h2>Experiencia positiva<\/h2>\n<p>5 estrellas \u2013 Escrito el 19 de Julio de 2018<\/p>\n<p>* Tengo una experiencia muy positiva con todo el mundo desde el m\u00e9dico a Marisa y todos los dem\u00e1s en la oficina.<\/p>\n<p>de <em><strong>Miriam P.<\/strong><\/em><\/p>\n<\/div>\n<hr \/>\n<div class=\"testimonial-content\">\n<h2>\u00a1Gran!<\/h2>\n<p>5 estrellas \u2013 Escrito el 6 de Julio de 2018<\/p>\n<p>* Excelente lugar y un gran servicio!<\/p>\n<p>de <em><strong>Veronica C.<\/strong><\/em><\/p>\n<\/div>\n<hr \/>\n<div class=\"testimonial-content\">\n<h2>Atenci\u00f3n personal<\/h2>\n<p>5 estrellas \u2013 Escrito el 14 de Mayo de 2018<\/p>\n<p>* La atenci\u00f3n de la persona fue genial!<\/p>\n<p>de <em><strong>Lisette S.<\/strong><\/em><\/p>\n<div class=\"testimonial-content\">\u00a0<\/div>\n<hr \/>\n<div class=\"testimonial-content\">\n<h2>Este es el mejor lugar para tener Botox hecho<\/h2>\n<p>5 estrellas \u2013 Escrito el 17 de enero de 2017<\/p>\n<p>* Este es el mejor lugar para tener Botox hecho entras y 2 se\u00f1oras saludarte con amabilidad y luego te encontrar\u00e1s Eva gran dama muy feliz persona ama lo que hace entonces no es Beth entiende su necesidad y sale de su camino para usted voy a seguir volviendo.<\/p>\n<p>de\u00a0<em><b>Theresa R.<\/b><\/em><\/p>\n<\/div>\n<hr \/>\n<div class=\"testimonial-content\">\n<h2>Definitivamente recomend\u00e1ndoles<\/h2>\n<p>5 estrellas \u2013 Escrito el 14 de enero de 2017<\/p>\n<p>* Tuve Botox hecho alrededor de mis ojos y la frente. Realmente no creo que lo necesitaba y siempre fue esc\u00e9ptico que Botox hizo que tu cara parezca congelada.. \u00a1Me equivoqu\u00e9! \u00a1 Qu\u00e9 diferencia ha hecho! Estoy en mis primeros 30. Esto es sin duda un gran preventivo.. Tuve tantos elogios que me pareci\u00f3 diferente.. bueno diferente. pero nadie pod\u00eda imaginar lo que era.. Y yo tampoco he tenido mucho de eso.. el personal es muy atento y no est\u00e1 tratando de venderle en todos sus productos. Definitivamente recomend\u00e1ndolos a familiares y amigos.<\/p>\n<p>de\u00a0<em><b>Juanita G<\/b><\/em><\/p>\n<\/div>\n<hr \/>\n<div class=\"testimonial-content\">\n<h2>Eva ha ofrecido un servicio ejemplar<\/h2>\n<p>5 estrellas \u2013 Escrito el 5 de Enero de 2017<\/p>\n<p>* Eva ha proporcionado un servicio ejemplar. Ella es experta, paciente, comprensiva y muy amable. Se toma el tiempo necesario para explicar, y tranquiio, si es necesario, todos los procedimientos a hacer. Ella es profesional y amigable, lo que definitivamente pone a los pacientes a gusto. Estoy 100% satisfecho con Eva! Los asistentes son siempre amables y servicial.<\/p>\n<p>de\u00a0<em><b>Julie B.<\/b><\/em><\/p>\n<\/div>\n<hr \/>\n<div class=\"testimonial-content\">\n<h2>Me qued\u00e9 impresionado por el servicio de atenci\u00f3n al cliente aqu\u00ed<\/h2>\n<p>5 estrellas \u2013 Escrito el 18 de Diciembre de 2016<\/p>\n<p>* Me qued\u00e9 impresionado por el servicio de atenci\u00f3n al cliente aqu\u00ed.. Eva est\u00e1 tan abajo a la tierra y me sent\u00ed c\u00f3modo con ella inmediatamente. Esta es mi primera vez recibiendo Botox en mi cara.. Me siento tan satisfecho y no puedo esperar a ver mis resultados.<\/p>\n<p>de\u00a0<em><b>Nikki S<\/b><\/em><\/p>\n<\/div>\n<hr \/>\n<div class=\"testimonial-content\">\n<h2>Siempre un placer<\/h2>\n<p>5 estrellas \u2013 Escrito el 18 de diciembre de 2016<\/p>\n<p>* Siempre es un placer ver a Eva Hern\u00e1ndez para el tratamiento. La he visto desde hace a\u00f1os y aprecio su amabilidad y conocimiento profundo de su campo.<\/p>\n<p>de\u00a0<em><b>Reik P.<\/b><\/em><\/p>\n<\/div>\n<hr \/>\n<div class=\"testimonial-content\">\n<h2>Experiencia incre\u00edble!<\/h2>\n<p>5 estrellas \u2013 Escrito el 16 de Diciembre de 2016<\/p>\n<p>* Experiencia incre\u00edble! El personal de recepci\u00f3n es muy servicial, amable y profesional. El Dr. Bamshad, que hizo el Botox fue incre\u00edble! Se tom\u00f3 el tiempo para consultarme correctamente, as\u00ed como respondi\u00f3 a todas mis preguntas. Era m\u00e1s gentil que nadie antes. \u00a1 Estoy desafiantemente volviendo!<\/p>\n<p>de\u00a0<em><b>Debbie L.<\/b><\/em><\/p>\n<\/div>\n<hr \/>\n<div class=\"testimonial-content\">\n<h2>Los resultados son fant\u00e1sticos<\/h2>\n<p>5 estrellas \u2013 Escrito el 14 de Noviembre de 2016<\/p>\n<p>* Yo estaba buscando un lugar para tener mi Botox y me encontr\u00e9 con Yelp. Esta fue mi segunda vez recibiendo Botox y yo inicialmente fuimos para ese procedimiento. Carol fue muy informativo y pas\u00f3 tiempo hablando conmigo sobre Botox y respondi\u00f3 a mis preguntas sobre otros procedimientos que me interesaba. Termin\u00e9 recibiendo rellenos de labio con Juv\u00e9derm y Botox. Todo el tiempo Carol explic\u00f3 paso a paso lo que estaba haciendo y me hizo sentir muy c\u00f3modo. Los resultados son fant\u00e1sticos, gracias por el gran servicio!!! Vida del cliente.<\/p>\n<p>de\u00a0<em><b>Dee D.<\/b><\/em><\/p>\n<\/div>\n<hr \/>\n<div class=\"testimonial-content\">\n<p>5 estrellas \u2013 Escrito el 17 de Octubre de 2016<\/p>\n<p>* He estado viniendo a Eva para un procedimiento del laser por una cierta hora y planeo continuar mientras que ayuda. Eva es una persona incre\u00edble. Ella es conocedora de su trabajo, completamente profesional, as\u00ed como ser agradable. Conf\u00edo en su juicio. Gracias Eva!<\/p>\n<p>de\u00a0<em><b>Dianna H.<\/b><\/em><\/p>\n<\/div>\n<hr \/>\n<div class=\"testimonial-content\">\n<h2>El personal muy amable!!!<\/h2>\n<p>5 estrellas \u2013 Escrito el 4 de Septiembre de 2016<\/p>\n<p>* El personal muy amable!!! \u00a1 Yo estaba dentro y fuera r\u00e1pidamente! Eva fue genial! Ella fue muy honesta y dio grandes sugerencias. No era agresiva y trataba de venderme. Ella quer\u00eda que yo hiciera mis propias decisiones, para que me aleje sinti\u00e9ndome c\u00f3moda y feliz. Sin duda voy a volver!&#8230;. oh y tienen excelentes precios!<\/p>\n<p>de\u00a0<em><b>Jacinda L.<\/b><\/em><\/p>\n<\/div>\n<hr \/>\n<div class=\"testimonial-content\">\n<h2>El personal es siempre el mejor<\/h2>\n<p>5 estrellas \u2013 Escrito el 2 de Septiembre de 2016<\/p>\n<p>* El personal es siempre el mejor. Servicio igualmente. Eva es simplemente la mejor, bar ninguno. Conf\u00edo completamente y valoro su juicio de mi piel y tratamiento.<\/p>\n<p>de\u00a0<em><b>James T.<\/b><\/em><\/p>\n<\/div>\n<hr \/>\n<div class=\"testimonial-content\">\n<h2>Gran<\/h2>\n<p>5 estrellas \u2013 escrito el 29 de Agosto de 2016<\/p>\n<p>* Genial, Eva me hace sentir m\u00e1s como un amigo que un paciente.<\/p>\n<p>de\u00a0<em><b>Glen G.<\/b><\/em><\/p>\n<\/div>\n<hr \/>\n<div class=\"testimonial-content\">\n<h2>Siempre excelente con Eva<\/h2>\n<p>5 estrellas \u2013 Escrito el 28 de Agosto de 2016<\/p>\n<p>* Siempre excelente con Eva. Ella se preocupa por sus pacientes y es la raz\u00f3n por la que vengo aqu\u00ed.<\/p>\n<p>de\u00a0<em><b>J. Garrison<\/b><\/em><\/p>\n<\/div>\n<hr \/>\n<div class=\"testimonial-content\">\n<h2>Excelente atenci\u00f3n al cliente<\/h2>\n<p>5 estrellas \u2013 Escrito el 15 de Agosto de 2016<\/p>\n<p>* Muy buen personal y excelente servicio al cliente.<\/p>\n<p>be\u00a0<em><b>Jeanete M.<\/b><\/em><\/p>\n<\/div>\n<hr \/>\n<div class=\"testimonial-content\">\n<h2>Eva y el personal era incre\u00edble<\/h2>\n<p>5 estrellas \u2013 Escrito el 23 de Julio de 2016<\/p>\n<p>* Eva y el personal era incre\u00edble, muy profesional y agradable, estoy muy contento con mis resultados y volveremos. \u00a1 Les recomiendo encarecidamente! Estoy en la industria de la hospitalidad y apreciar la forma en que me trataron! \u00a1 Gracias de nuevo!<\/p>\n<p>de\u00a0<em><b>Lorilynn G.<\/b><\/em><\/p>\n<\/div>\n<hr \/>\n<div class=\"testimonial-content\">\n<h2>Extremadamente agradable y profesional<\/h2>\n<p>5 estrellas \u2013 Escrito el 9 de Julio de 2016<\/p>\n<p>* El personal era muy agradable y profesional! Sin duda recomendar\u00eda a un amigo!<\/p>\n<p>de\u00a0<em><b>Melissa A.<\/b><\/em><\/p>\n<\/div>\n<hr \/>\n<div class=\"testimonial-content\">\n<h2>Excelente personal!<\/h2>\n<p>5 estrellas \u2013 Escrito el 16 de Junio de 2016<\/p>\n<p>* Excelente personal! Gran trabajo&#8217;<\/p>\n<p>de\u00a0<em><b>Barbara W.<\/b><\/em><\/p>\n<\/div>\n<hr \/>\n<div class=\"testimonial-content\">\n<h2>Muy competente y tiene grandes habilidades de la gente!<\/h2>\n<p>5 estrellas \u2013 Escrito el 7 de Junio de 2016<\/p>\n<p>* Hemos estado viniendo aqu\u00ed durante a\u00f1os y han tenido una experiencia maravillosa con Eva Hernandez como nuestro proveedor de cuidado! Ella es muy competente y tiene grandes habilidades de la gente!<\/p>\n<p>de\u00a0<em><b>S. Donaldson<\/b><\/em><\/p>\n<\/div>\n<hr \/>\n<div class=\"testimonial-content\">\n<h2>Excelente servicio y atenci\u00f3n!<\/h2>\n<p>5 estrellas \u2013 Escrito el 4 de Junio de 2016<\/p>\n<p>* gran servicio y cuidado!<\/p>\n<p>de\u00a0<em><b>Mitra M.<\/b><\/em><\/p>\n<\/div>\n<hr \/>\n<div class=\"testimonial-content\">\n<h2>Muy buen servicio y relaci\u00f3n calidad-precio.<\/h2>\n<p>5 estrellas \u2013 Escrito el 4 de Junio de 2016<\/p>\n<p>* Muy buen servicio y valor. Buena oficina y personal. Apreciamos que no intentan para arriba me venden en otros servicios. Tienen un buen folleto que muestra los otros servicios que ofrecen.<\/p>\n<p>de\u00a0<em><b>Barbara K.<\/b><\/em><\/p>\n<\/div>\n<hr \/>\n<div class=\"testimonial-content\">\n<h2>Fant\u00e1stica experiencia en general!<\/h2>\n<p>5 estrellas \u2013 Escrito el 13 de Mayo de 2016<\/p>\n<p>* El grupo m\u00e9dico de la est\u00e9tica de la precisi\u00f3n era maravilloso y sin duda volveremos. \u00a1 Muchas gracias precisi\u00f3n est\u00e9tica grupo m\u00e9dico para una experiencia general fant\u00e1stica!<\/p>\n<p>de\u00a0<em><b>Natalie T.<\/b><\/em><\/p>\n<\/div>\n<hr \/>\n<div class=\"testimonial-content\">\n<h2>\u00a1Gran!<\/h2>\n<p>5 estrellas \u2013 Escrito el 17 de Abril de 2016<\/p>\n<p>* \u00a1Gran!<\/p>\n<p>de\u00a0<em><b>Jessica S.<\/b><\/em><\/p>\n<\/div>\n<hr \/>\n<div class=\"testimonial-content\">\n<h2>\u00a1 Fueron s\u00faper geniales!<\/h2>\n<p>5 estrellas \u2013 Escrito el 6 de Abril de 2016<\/p>\n<p>* Fueron Super geniales!<\/p>\n<p>de\u00a0<em><b>Lorrie B.<\/b><\/em><\/p>\n<\/div>\n<hr \/>\n<div class=\"testimonial-content\">\n<h2>El servicio de atenci\u00f3n al cliente fue excelente.<\/h2>\n<p>5 estrellas \u2013 escrito el 9 de marzo de 2016<\/p>\n<p>* Servicio al cliente fue excelente. Todo el mundo era muy amable y agradable. \u00a1 Especialmente Eva! Me qued\u00e9 c\u00f3modo con ella enseguida y ella explic\u00f3 todo en detalle. Sus precios son excelentes. Definitivamente volver\u00e9. Gracias.<\/p>\n<p>de\u00a0<em><b>Mary Ann M.<\/b><\/em><\/p>\n<\/div>\n<hr \/>\n<div class=\"testimonial-content\">\n<h2>Personal amable y servicio r\u00e1pido!<\/h2>\n<p>5 estrellas \u2013 Escrito el 25 de Febrero de 2016<\/p>\n<p>* Personal amable y servicio r\u00e1pido!<\/p>\n<p>de\u00a0<em><b>Carolyn T.<\/b><\/em><\/p>\n<\/div>\n<hr \/>\n<div class=\"testimonial-content\">\n<h2>El servicio de atenci\u00f3n al cliente fue excelente<\/h2>\n<p>5 estrellas \u2013 Escrito el 9 de Marzo de 2016<\/p>\n<p>* Servicio al cliente fue excelente. Todo el mundo era muy amable y agradable. \u00a1 Especialmente Eva! Me qued\u00e9 c\u00f3modo con ella enseguida y ella explic\u00f3 todo en detalle. Sus precios son excelentes. Definitivamente volver\u00e9. Gracias.<\/p>\n<p>de\u00a0<em><b>Gage L.<\/b><\/em><\/p>\n<\/div>\n<hr \/>\n<div class=\"testimonial-content\">\n<h2>Muy servicial y muy amable<\/h2>\n<p>5 estrellas \u2013 Escrito el 26 de Enero de 2016<\/p>\n<p>* muy servicial y muy amable. sin duda volveremos de nuevo!<\/p>\n<p>de\u00a0<em><b>Margaret S.<\/b><\/em><\/p>\n<\/div>\n<hr \/>\n<div class=\"testimonial-content\">\n<h2>Excelente atenci\u00f3n al cliente.<\/h2>\n<p>5 estrellas \u2013 Escrito el 2 de Agosto de 2015<\/p>\n<p>* Excelente servicio al cliente. Buen personal. Entorno profesional.<\/p>\n<p>de\u00a0<em><b>Omelina G.<\/b><\/em><\/p>\n<\/div>\n<hr \/>\n<div class=\"testimonial-content\">\n<h2>Muy cort\u00e9s<\/h2>\n<p>5 estrellas \u2013 Escrito el 07 de Octubre de 2014<\/p>\n<p>* Muy cort\u00e9s y no como muchos de los \u00abPushy\u00bb unos por ah\u00ed!<\/p>\n<\/div>\n<hr \/>\n<div class=\"testimonial-content\">\n<h2>Hizo toda la experiencia maravillosa<\/h2>\n<p>5 estrellas \u2013 Escrito el 03 de Octubre de 2014<\/p>\n<p>* Carole Martin fue incre\u00edblemente amable y hizo que toda la experiencia maravillosa!<\/p>\n<\/div>\n<hr \/>\n<div class=\"testimonial-content\">\n<h2>Excelente servicio al cliente<\/h2>\n<p>5 estrellas \u2013 escrito el 01 de octubre de 2014<\/p>\n<p>* muy contentos con los resultados!!!! gran servicio al cliente, a la gente de la tierra. me hizo sentir c\u00f3modo, era indoloro, me encanta este lugar y lo recomendar\u00eda a mi BFF: =)<\/p>\n<\/div>\n<hr \/>\n<div class=\"testimonial-content\">\n<h2>\u00a1 Amistoso y conocedor!<\/h2>\n<p>5 estrellas \u2013 Escrito el 25 de Septiembre de 2014<\/p>\n<p>* Friendly y conocedor!<\/p>\n<\/div>\n<hr \/>\n<div class=\"testimonial-content\">\n<h2>Gran lugar limpio<\/h2>\n<p>5 estrellas \u2013 Escrito el 23 de Septiembre de 2014<\/p>\n<p>* Excelente, lugar limpio con un servicio de atenci\u00f3n al cliente a\u00fan mayor!<\/p>\n<\/div>\n<hr \/>\n<div class=\"testimonial-content\">\n<h2>El personal muy amable!!!<\/h2>\n<p>5 estrellas \u2013 Escrito el 04 de Septiembre de 2014<\/p>\n<p>* El personal muy amable!!! \u00a1 Yo estaba dentro y fuera r\u00e1pidamente! \u00a1 La enfermera fue genial! Ella fue muy honesta y dio grandes sugerencias. No era agresiva y trataba de venderme. Ella quer\u00eda que yo hiciera mis propias decisiones, para que me aleje sinti\u00e9ndome c\u00f3moda y feliz. Sin duda voy a volver!&#8230;. oh y tienen excelentes precios!<\/p>\n<\/div>\n<hr \/>\n<div class=\"testimonial-content\">\n<h2>Muy buen servicio y relaci\u00f3n calidad-precio.<\/h2>\n<p>5 estrellas \u2013 Escrito el 04 de Septiembre de 2014<\/p>\n<p>* Muy buen servicio y valor. Buena oficina y personal. Apreciamos que no intentan para arriba me venden en otros servicios. Tienen un buen folleto que muestra los otros servicios que ofrecen.<\/p>\n<\/div>\n<hr \/>\n<div class=\"testimonial-content\">\n<h2>\u00a1 Lo mejor que he visto en mi vida!<\/h2>\n<p>5 estrellas \u2013 Escrito el 9 de Noviembre de 2013<\/p>\n<p>* \u00a1 Inyectores truely asombrosos! Lo mejor que he visto en mi vida. Son cari\u00f1osos, personables, honestos, humildes y justos. Lo recomiendo encarecidamente a cualquiera que necesite Botox o rellenos!<\/p>\n<p>de\u00a0<em><b>Sherly S.<\/b><\/em><\/p>\n<\/div>\n<hr \/>\n<div class=\"testimonial-content\">\n<h2>Los mejores doctores de Botox en cualquier lugar!<\/h2>\n<p>5 estrellas \u2013 Escrito el 11 de Junio de 2013<\/p>\n<p>* Los mejores doctores de Botox en cualquier lugar!! Son fant\u00e1sticos en lo que hacen y tan amables y compasivos. Nunca he conocido mejores inyectores y siempre se toman su tiempo y superar mis expectativas. VERDADERAMENTE LOS DOCTORES DE BOTOX PARA IR A!!<\/p>\n<p>de\u00a0<em><b>Kathy C.<\/b><\/em><\/p>\n<\/div>\n<hr \/>\n<div class=\"testimonial-content\">\n<h2>\u00a1 Estos doctores son asombrosos!<\/h2>\n<p>5 estrellas \u2013 escrito el 8 de mayo de 2013<\/p>\n<p>* \u00a1 Estos doctores son asombrosos! Son tan amables y amables y sorprendentes en lo que hacen! Su precio es excelente, as\u00ed.<\/p>\n<p>Voy a venir al Condado de Orange de los \u00c1ngeles para verlos, y con un horario reservado a trav\u00e9s de 2014, estoy seguro de que no soy el \u00fanico que est\u00e1 dispuesto a viajar para que me traten<\/p>\n<p>No pod\u00eda recomendarlos m\u00e1s altamente.<\/p>\n<p>de\u00a0<em><b>Emily K.<\/b><\/em><\/p>\n<\/div>\n<\/div>\n<p>* Los resultados individuales pueden variar<br \/>SOLICITE UNA CONSULTA GRATUITA<\/p>\n<\/div><div class=\"fusion-clearfix\"><\/div><\/div><\/div><\/div><\/div>\n","protected":false},"excerpt":{"rendered":"","protected":false},"author":5,"featured_media":0,"parent":388,"menu_order":0,"comment_status":"closed","ping_status":"closed","template":"","meta":{"footnotes":""},"class_list":["post-439","page","type-page","status-publish","hentry"],"yoast_head":"<!-- This site is optimized with the Yoast SEO plugin v27.3 - https:\/\/yoast.com\/product\/yoast-seo-wordpress\/ -->\n<title>TESTIMONIOS - Precision Aesthetics Medical Group - Cosmetic Specialists Orange County, CA<\/title>\n<meta name=\"description\" content=\"Lea los comentarios de nuestros pacientes de dermatolog\u00eda est\u00e9tica en Precision Aesthetics que atienden a Santa Ana e Irvine, CA.\" \/>\n<meta name=\"robots\" content=\"index, follow, max-snippet:-1, max-image-preview:large, max-video-preview:-1\" \/>\n<link rel=\"canonical\" href=\"https:\/\/precisionaestheticsmg.com\/es\/botox-specialists-santa-ana\/testimonios\/\" \/>\n<meta name=\"twitter:label1\" content=\"Tiempo de lectura\" \/>\n\t<meta name=\"twitter:data1\" content=\"10 minutos\" \/>\n<script type=\"application\/ld+json\" class=\"yoast-schema-graph\">{\"@context\":\"https:\\\/\\\/schema.org\",\"@graph\":[{\"@type\":\"WebPage\",\"@id\":\"https:\\\/\\\/precisionaestheticsmg.com\\\/es\\\/botox-specialists-santa-ana\\\/testimonios\\\/\",\"url\":\"https:\\\/\\\/precisionaestheticsmg.com\\\/es\\\/botox-specialists-santa-ana\\\/testimonios\\\/\",\"name\":\"TESTIMONIOS - Precision Aesthetics Medical Group - Cosmetic Specialists Orange County, CA\",\"isPartOf\":{\"@id\":\"https:\\\/\\\/precisionaestheticsmg.com\\\/#website\"},\"datePublished\":\"2018-11-01T12:33:52+00:00\",\"dateModified\":\"2019-03-01T07:33:28+00:00\",\"description\":\"Lea los comentarios de nuestros pacientes de dermatolog\u00eda est\u00e9tica en Precision Aesthetics que atienden a Santa Ana e Irvine, CA.\",\"breadcrumb\":{\"@id\":\"https:\\\/\\\/precisionaestheticsmg.com\\\/es\\\/botox-specialists-santa-ana\\\/testimonios\\\/#breadcrumb\"},\"inLanguage\":\"es\",\"potentialAction\":[{\"@type\":\"ReadAction\",\"target\":[\"https:\\\/\\\/precisionaestheticsmg.com\\\/es\\\/botox-specialists-santa-ana\\\/testimonios\\\/\"]}]},{\"@type\":\"BreadcrumbList\",\"@id\":\"https:\\\/\\\/precisionaestheticsmg.com\\\/es\\\/botox-specialists-santa-ana\\\/testimonios\\\/#breadcrumb\",\"itemListElement\":[{\"@type\":\"ListItem\",\"position\":1,\"name\":\"Home\",\"item\":\"https:\\\/\\\/precisionaestheticsmg.com\\\/es\\\/\"},{\"@type\":\"ListItem\",\"position\":2,\"name\":\"Acerca de\",\"item\":\"https:\\\/\\\/precisionaestheticsmg.com\\\/es\\\/botox-specialists-santa-ana\\\/\"},{\"@type\":\"ListItem\",\"position\":3,\"name\":\"TESTIMONIOS\"}]},{\"@type\":\"WebSite\",\"@id\":\"https:\\\/\\\/precisionaestheticsmg.com\\\/#website\",\"url\":\"https:\\\/\\\/precisionaestheticsmg.com\\\/\",\"name\":\"Precision Aesthetics Medical Group - Cosmetic Specialists Orange County, CA\",\"description\":\"BOTOX Specialists Santa Ana, Wrinkle Reduction Irvine, Dermal Fillers Orange County, CA\",\"publisher\":{\"@id\":\"https:\\\/\\\/precisionaestheticsmg.com\\\/#organization\"},\"potentialAction\":[{\"@type\":\"SearchAction\",\"target\":{\"@type\":\"EntryPoint\",\"urlTemplate\":\"https:\\\/\\\/precisionaestheticsmg.com\\\/?s={search_term_string}\"},\"query-input\":{\"@type\":\"PropertyValueSpecification\",\"valueRequired\":true,\"valueName\":\"search_term_string\"}}],\"inLanguage\":\"es\"},{\"@type\":\"Organization\",\"@id\":\"https:\\\/\\\/precisionaestheticsmg.com\\\/#organization\",\"name\":\"Precision Aesthetics Medical Group\",\"url\":\"https:\\\/\\\/precisionaestheticsmg.com\\\/\",\"logo\":{\"@type\":\"ImageObject\",\"inLanguage\":\"es\",\"@id\":\"https:\\\/\\\/precisionaestheticsmg.com\\\/#\\\/schema\\\/logo\\\/image\\\/\",\"url\":\"https:\\\/\\\/precisionaestheticsmg.com\\\/wp-content\\\/uploads\\\/2018\\\/04\\\/logo-1.png\",\"contentUrl\":\"https:\\\/\\\/precisionaestheticsmg.com\\\/wp-content\\\/uploads\\\/2018\\\/04\\\/logo-1.png\",\"width\":348,\"height\":99,\"caption\":\"Precision Aesthetics Medical Group\"},\"image\":{\"@id\":\"https:\\\/\\\/precisionaestheticsmg.com\\\/#\\\/schema\\\/logo\\\/image\\\/\"}}]}<\/script>\n<!-- \/ Yoast SEO plugin. -->","yoast_head_json":{"title":"TESTIMONIOS - Precision Aesthetics Medical Group - Cosmetic Specialists Orange County, CA","description":"Lea los comentarios de nuestros pacientes de dermatolog\u00eda est\u00e9tica en Precision Aesthetics que atienden a Santa Ana e Irvine, CA.","robots":{"index":"index","follow":"follow","max-snippet":"max-snippet:-1","max-image-preview":"max-image-preview:large","max-video-preview":"max-video-preview:-1"},"canonical":"https:\/\/precisionaestheticsmg.com\/es\/botox-specialists-santa-ana\/testimonios\/","twitter_misc":{"Tiempo de lectura":"10 minutos"},"schema":{"@context":"https:\/\/schema.org","@graph":[{"@type":"WebPage","@id":"https:\/\/precisionaestheticsmg.com\/es\/botox-specialists-santa-ana\/testimonios\/","url":"https:\/\/precisionaestheticsmg.com\/es\/botox-specialists-santa-ana\/testimonios\/","name":"TESTIMONIOS - Precision Aesthetics Medical Group - Cosmetic Specialists Orange County, CA","isPartOf":{"@id":"https:\/\/precisionaestheticsmg.com\/#website"},"datePublished":"2018-11-01T12:33:52+00:00","dateModified":"2019-03-01T07:33:28+00:00","description":"Lea los comentarios de nuestros pacientes de dermatolog\u00eda est\u00e9tica en Precision Aesthetics que atienden a Santa Ana e Irvine, CA.","breadcrumb":{"@id":"https:\/\/precisionaestheticsmg.com\/es\/botox-specialists-santa-ana\/testimonios\/#breadcrumb"},"inLanguage":"es","potentialAction":[{"@type":"ReadAction","target":["https:\/\/precisionaestheticsmg.com\/es\/botox-specialists-santa-ana\/testimonios\/"]}]},{"@type":"BreadcrumbList","@id":"https:\/\/precisionaestheticsmg.com\/es\/botox-specialists-santa-ana\/testimonios\/#breadcrumb","itemListElement":[{"@type":"ListItem","position":1,"name":"Home","item":"https:\/\/precisionaestheticsmg.com\/es\/"},{"@type":"ListItem","position":2,"name":"Acerca de","item":"https:\/\/precisionaestheticsmg.com\/es\/botox-specialists-santa-ana\/"},{"@type":"ListItem","position":3,"name":"TESTIMONIOS"}]},{"@type":"WebSite","@id":"https:\/\/precisionaestheticsmg.com\/#website","url":"https:\/\/precisionaestheticsmg.com\/","name":"Precision Aesthetics Medical Group - Cosmetic Specialists Orange County, CA","description":"BOTOX Specialists Santa Ana, Wrinkle Reduction Irvine, Dermal Fillers Orange County, CA","publisher":{"@id":"https:\/\/precisionaestheticsmg.com\/#organization"},"potentialAction":[{"@type":"SearchAction","target":{"@type":"EntryPoint","urlTemplate":"https:\/\/precisionaestheticsmg.com\/?s={search_term_string}"},"query-input":{"@type":"PropertyValueSpecification","valueRequired":true,"valueName":"search_term_string"}}],"inLanguage":"es"},{"@type":"Organization","@id":"https:\/\/precisionaestheticsmg.com\/#organization","name":"Precision Aesthetics Medical Group","url":"https:\/\/precisionaestheticsmg.com\/","logo":{"@type":"ImageObject","inLanguage":"es","@id":"https:\/\/precisionaestheticsmg.com\/#\/schema\/logo\/image\/","url":"https:\/\/precisionaestheticsmg.com\/wp-content\/uploads\/2018\/04\/logo-1.png","contentUrl":"https:\/\/precisionaestheticsmg.com\/wp-content\/uploads\/2018\/04\/logo-1.png","width":348,"height":99,"caption":"Precision Aesthetics Medical Group"},"image":{"@id":"https:\/\/precisionaestheticsmg.com\/#\/schema\/logo\/image\/"}}]}},"jetpack_sharing_enabled":true,"_links":{"self":[{"href":"https:\/\/precisionaestheticsmg.com\/es\/wp-json\/wp\/v2\/pages\/439","targetHints":{"allow":["GET"]}}],"collection":[{"href":"https:\/\/precisionaestheticsmg.com\/es\/wp-json\/wp\/v2\/pages"}],"about":[{"href":"https:\/\/precisionaestheticsmg.com\/es\/wp-json\/wp\/v2\/types\/page"}],"author":[{"embeddable":true,"href":"https:\/\/precisionaestheticsmg.com\/es\/wp-json\/wp\/v2\/users\/5"}],"replies":[{"embeddable":true,"href":"https:\/\/precisionaestheticsmg.com\/es\/wp-json\/wp\/v2\/comments?post=439"}],"version-history":[{"count":1,"href":"https:\/\/precisionaestheticsmg.com\/es\/wp-json\/wp\/v2\/pages\/439\/revisions"}],"predecessor-version":[{"id":450,"href":"https:\/\/precisionaestheticsmg.com\/es\/wp-json\/wp\/v2\/pages\/439\/revisions\/450"}],"up":[{"embeddable":true,"href":"https:\/\/precisionaestheticsmg.com\/es\/wp-json\/wp\/v2\/pages\/388"}],"wp:attachment":[{"href":"https:\/\/precisionaestheticsmg.com\/es\/wp-json\/wp\/v2\/media?parent=439"}],"curies":[{"name":"wp","href":"https:\/\/api.w.org\/{rel}","templated":true}]}}