{"id":436,"date":"2018-11-01T12:11:02","date_gmt":"2018-11-01T12:11:02","guid":{"rendered":"https:\/\/pamg.bv6bm9j6-liquidwebsites.com\/?page_id=436"},"modified":"2019-01-16T09:14:14","modified_gmt":"2019-01-16T09:14:14","slug":"latisse","status":"publish","type":"page","link":"https:\/\/precisionaestheticsmg.com\/es\/skin-care-products-santa-ana\/latisse\/","title":{"rendered":"LATISSE"},"content":{"rendered":"<div class=\"fusion-fullwidth fullwidth-box fusion-builder-row-1 nonhundred-percent-fullwidth non-hundred-percent-height-scrolling\" style=\"--awb-border-radius-top-left:0px;--awb-border-radius-top-right:0px;--awb-border-radius-bottom-right:0px;--awb-border-radius-bottom-left:0px;--awb-flex-wrap:wrap;\" ><div class=\"fusion-builder-row fusion-row\"><div class=\"fusion-layout-column fusion_builder_column fusion-builder-column-0 fusion_builder_column_1_1 1_1 fusion-one-full fusion-column-first fusion-column-last\" style=\"--awb-bg-size:cover;\"><div class=\"fusion-column-wrapper fusion-flex-column-wrapper-legacy\"><div class=\"fusion-text fusion-text-1\"><h2>Latisse\u00ae en Santa Ana \/ Irvine<\/h2>\n<p><span style=\"font-weight: 400;\"><img data-recalc-dims=\"1\" decoding=\"async\" class=\"size-medium wp-image-207 alignright\" src=\"https:\/\/i0.wp.com\/precisionaestheticsmg.com\/wp-content\/uploads\/2018\/04\/654_image-300x90.png?resize=300%2C90\" alt=\"Latisse Irvine &amp; Santa Ana, CA\" width=\"300\" height=\"90\" srcset=\"https:\/\/i0.wp.com\/precisionaestheticsmg.com\/wp-content\/uploads\/2018\/04\/654_image.png?resize=200%2C60&amp;ssl=1 200w, https:\/\/i0.wp.com\/precisionaestheticsmg.com\/wp-content\/uploads\/2018\/04\/654_image.png?resize=300%2C90&amp;ssl=1 300w, https:\/\/i0.wp.com\/precisionaestheticsmg.com\/wp-content\/uploads\/2018\/04\/654_image.png?resize=400%2C119&amp;ssl=1 400w, https:\/\/i0.wp.com\/precisionaestheticsmg.com\/wp-content\/uploads\/2018\/04\/654_image.png?resize=600%2C179&amp;ssl=1 600w, https:\/\/i0.wp.com\/precisionaestheticsmg.com\/wp-content\/uploads\/2018\/04\/654_image.png?resize=768%2C229&amp;ssl=1 768w, https:\/\/i0.wp.com\/precisionaestheticsmg.com\/wp-content\/uploads\/2018\/04\/654_image.png?resize=800%2C239&amp;ssl=1 800w, https:\/\/i0.wp.com\/precisionaestheticsmg.com\/wp-content\/uploads\/2018\/04\/654_image.png?resize=1024%2C306&amp;ssl=1 1024w, https:\/\/i0.wp.com\/precisionaestheticsmg.com\/wp-content\/uploads\/2018\/04\/654_image.png?fit=1172%2C350&amp;ssl=1 1172w\" sizes=\"(max-width: 300px) 100vw, 300px\" \/>Nuestros ojos a menudo dan la primera impresi\u00f3n de qui\u00e9nes somos y c\u00f3mo nos sentimos. Para aquellos que son conscientes de la plenitud de sus pesta\u00f1as, conocer gente nueva puede ser m\u00e1s estresante que no hacerlo. Si esto le suena familiar, puede haber una soluci\u00f3n recetada que pueda iluminar y abrir los ojos para lograr una apariencia facial m\u00e1s saludable y de apariencia m\u00e1s joven. Latisse\u00ae es un producto simple para uso dom\u00e9stico dise\u00f1ado para prolongar la duraci\u00f3n del ciclo natural de crecimiento del vello de su cuerpo.<br \/>\n<\/span><\/p>\n<h2>La diferencia de Latisse\u00ae<\/h2>\n<p>Latisse\u00ae es la primera y \u00fanica aplicaci\u00f3n cient\u00edfica aprobada por la FDA para mejorar la apariencia de las pesta\u00f1as con el ingrediente activo bimatoprost oft\u00e1lmico (0.03%). La prescripci\u00f3n una vez al d\u00eda es segura y efectiva cuando se aplica en la base del p\u00e1rpado superior y puede producir resultados en tan solo 8 semanas.<\/p>\n<\/div><div class=\"fusion-image-element fusion-image-align-center in-legacy-container\" style=\"text-align:center;--awb-caption-title-font-family:var(--h2_typography-font-family);--awb-caption-title-font-weight:var(--h2_typography-font-weight);--awb-caption-title-font-style:var(--h2_typography-font-style);--awb-caption-title-size:var(--h2_typography-font-size);--awb-caption-title-transform:var(--h2_typography-text-transform);--awb-caption-title-line-height:var(--h2_typography-line-height);--awb-caption-title-letter-spacing:var(--h2_typography-letter-spacing);\"><div class=\"imageframe-align-center\"><span class=\" fusion-imageframe imageframe-none imageframe-1 hover-type-none\"><img data-recalc-dims=\"1\" decoding=\"async\" width=\"294\" height=\"300\" title=\"Latisse Irvine &#038; Santa Ana, CA\" src=\"https:\/\/i0.wp.com\/precisionaestheticsmg.com\/wp-content\/uploads\/2018\/04\/261-294x300.jpg?resize=294%2C300\" alt class=\"img-responsive wp-image-437\" srcset=\"https:\/\/i0.wp.com\/precisionaestheticsmg.com\/wp-content\/uploads\/2018\/04\/261.jpg?resize=66%2C66&amp;ssl=1 66w, https:\/\/i0.wp.com\/precisionaestheticsmg.com\/wp-content\/uploads\/2018\/04\/261.jpg?resize=200%2C204&amp;ssl=1 200w, https:\/\/i0.wp.com\/precisionaestheticsmg.com\/wp-content\/uploads\/2018\/04\/261.jpg?resize=294%2C300&amp;ssl=1 294w, https:\/\/i0.wp.com\/precisionaestheticsmg.com\/wp-content\/uploads\/2018\/04\/261.jpg?resize=400%2C408&amp;ssl=1 400w, https:\/\/i0.wp.com\/precisionaestheticsmg.com\/wp-content\/uploads\/2018\/04\/261.jpg?fit=590%2C602&amp;ssl=1 590w\" sizes=\"(max-width: 800px) 100vw, 294px\" \/><\/span><\/div><\/div><div class=\"fusion-sep-clear\"><\/div><div class=\"fusion-separator fusion-full-width-sep\" style=\"margin-left: auto;margin-right: auto;margin-top:20px;width:100%;\"><\/div><div class=\"fusion-sep-clear\"><\/div><div class=\"fusion-text fusion-text-2\"><p><strong>Preguntas frecuentes de Latisse\u00ae<\/strong><br \/>\n<strong>Qu\u00e9 areas pueden ser tratadas?<\/strong><br \/>\nLatisse\u00ae puede tratar con \u00e9xito la hipotricosis de las pesta\u00f1as, un t\u00e9rmino m\u00e9dico para no tener suficientes pesta\u00f1as. Con el uso diario, los ingredientes activos pueden producir pesta\u00f1as m\u00e1s largas, m\u00e1s llenas y m\u00e1s oscuras.<\/p>\n<p><strong>\u00bfCu\u00e1ntos tratamientos necesitar\u00e9? *<\/strong><br \/>\nEn la mayor\u00eda de los casos, los pacientes pueden ver los resultados iniciales aproximadamente 8 semanas despu\u00e9s de comenzar el tratamiento. Los resultados completos se notar\u00e1n aproximadamente 16 semanas a partir de la fecha de inicio de Latisse\u00ae. Para mantener sus pesta\u00f1as de aspecto m\u00e1s saludable, se necesitan tratamientos continuos.<\/p>\n<p><strong>\u00bfHay alguna restricci\u00f3n en mi actividad despu\u00e9s del tratamiento?<\/strong><br \/>\nSe recomienda esperar al menos 15 minutos despu\u00e9s de la aplicaci\u00f3n antes de aplicar maquillaje o colocar los contactos en sus ojos. Aparte de eso, usted es libre de regresar a sus actividades diarias normales inmediatamente despu\u00e9s de su tratamiento diario con Latisse\u00ae.<\/p>\n<p><strong>\u00bfCu\u00e1les son los posibles efectos secundarios?*<\/strong><br \/>\nAunque la mayor\u00eda de los pacientes experimentan muy pocos efectos secundarios, puede notar picaz\u00f3n o enrojecimiento a medida que su cuerpo se aclimata a los ingredientes activos de Latisse\u00ae. Deje de usarlo y consulte a su profesional de Latisse\u00ae si se presentan efectos secundarios adversos.<\/p>\n<p>* Los resultados individuales pueden variar.<\/p>\n<p><strong>Financiamiento Est\u00e9tico<\/strong><br \/>\nEn Precision Aesthetics, aceptamos CareCredit para su conveniencia. Le ayudamos a verse y sentirse mejor brind\u00e1ndole tratamientos de belleza y bienestar con cuotas mensuales simples. Con CareCredit, puede comprar un solo tratamiento, m\u00faltiples tratamientos en un paquete del mismo d\u00eda, o mantener la l\u00ednea de cr\u00e9dito abierta para sus servicios favoritos con mayor frecuencia. Registrarse es f\u00e1cil y puede utilizar sus beneficios de CareCredit inmediatamente despu\u00e9s de la aprobaci\u00f3n.<\/p>\n<p>Sin embargo, tenga en cuenta que la financiaci\u00f3n de su (s) tratamiento (s) utilizando CareCredit requiere un monto m\u00ednimo de compra. P\u00f3ngase en contacto con Precision Aesthetics para m\u00e1s detalles.<\/p>\n<p><strong>Da el primer paso<\/strong><br \/>\n\u00bfListo para aprender m\u00e1s sobre Latisse\u00ae? Programe una consulta con Precision Aesthetics en Santa Ana \/ Irvine California completando el formulario de solicitud de consulta en esta p\u00e1gina o llamando al (949) 477-9740. Precision Aesthetics se encuentra en la frontera de Santa Ana e Irvine, California, cerca de las autopistas 55, 5, 73 y 405.<\/p>\n<\/div><div class=\"fusion-clearfix\"><\/div><\/div><\/div><\/div><\/div>\n","protected":false},"excerpt":{"rendered":"","protected":false},"author":5,"featured_media":0,"parent":405,"menu_order":0,"comment_status":"closed","ping_status":"closed","template":"","meta":{"footnotes":""},"class_list":["post-436","page","type-page","status-publish","hentry"],"yoast_head":"<!-- This site is optimized with the Yoast SEO plugin v27.3 - https:\/\/yoast.com\/product\/yoast-seo-wordpress\/ -->\n<title>LATISSE - Precision Aesthetics Medical Group - Cosmetic Specialists Orange County, CA<\/title>\n<meta name=\"description\" content=\"Do you wish to have fullness in eyelash? Precision Aesthetics offer Latisse\u00ae to improve the appearance of eyelashes and achieve a healthier &amp; younger looking facial appearance. Serving patients in Santa Ana, Orange County and Irvine, CA.\" \/>\n<meta name=\"robots\" content=\"index, follow, max-snippet:-1, max-image-preview:large, max-video-preview:-1\" \/>\n<link rel=\"canonical\" href=\"https:\/\/precisionaestheticsmg.com\/es\/skin-care-products-santa-ana\/latisse\/\" \/>\n<meta name=\"twitter:label1\" content=\"Tiempo de lectura\" \/>\n\t<meta name=\"twitter:data1\" content=\"4 minutos\" \/>\n<script type=\"application\/ld+json\" class=\"yoast-schema-graph\">{\"@context\":\"https:\\\/\\\/schema.org\",\"@graph\":[{\"@type\":\"WebPage\",\"@id\":\"https:\\\/\\\/precisionaestheticsmg.com\\\/es\\\/skin-care-products-santa-ana\\\/latisse\\\/\",\"url\":\"https:\\\/\\\/precisionaestheticsmg.com\\\/es\\\/skin-care-products-santa-ana\\\/latisse\\\/\",\"name\":\"LATISSE - Precision Aesthetics Medical Group - Cosmetic Specialists Orange County, CA\",\"isPartOf\":{\"@id\":\"https:\\\/\\\/precisionaestheticsmg.com\\\/#website\"},\"primaryImageOfPage\":{\"@id\":\"https:\\\/\\\/precisionaestheticsmg.com\\\/es\\\/skin-care-products-santa-ana\\\/latisse\\\/#primaryimage\"},\"image\":{\"@id\":\"https:\\\/\\\/precisionaestheticsmg.com\\\/es\\\/skin-care-products-santa-ana\\\/latisse\\\/#primaryimage\"},\"thumbnailUrl\":\"http:\\\/\\\/precisionaestheticsmg.com\\\/wp-content\\\/uploads\\\/2018\\\/04\\\/654_image-300x90.png\",\"datePublished\":\"2018-11-01T12:11:02+00:00\",\"dateModified\":\"2019-01-16T09:14:14+00:00\",\"description\":\"Do you wish to have fullness in eyelash? Precision Aesthetics offer Latisse\u00ae to improve the appearance of eyelashes and achieve a healthier & younger looking facial appearance. Serving patients in Santa Ana, Orange County and Irvine, CA.\",\"breadcrumb\":{\"@id\":\"https:\\\/\\\/precisionaestheticsmg.com\\\/es\\\/skin-care-products-santa-ana\\\/latisse\\\/#breadcrumb\"},\"inLanguage\":\"es\",\"potentialAction\":[{\"@type\":\"ReadAction\",\"target\":[\"https:\\\/\\\/precisionaestheticsmg.com\\\/es\\\/skin-care-products-santa-ana\\\/latisse\\\/\"]}]},{\"@type\":\"ImageObject\",\"inLanguage\":\"es\",\"@id\":\"https:\\\/\\\/precisionaestheticsmg.com\\\/es\\\/skin-care-products-santa-ana\\\/latisse\\\/#primaryimage\",\"url\":\"http:\\\/\\\/precisionaestheticsmg.com\\\/wp-content\\\/uploads\\\/2018\\\/04\\\/654_image-300x90.png\",\"contentUrl\":\"http:\\\/\\\/precisionaestheticsmg.com\\\/wp-content\\\/uploads\\\/2018\\\/04\\\/654_image-300x90.png\"},{\"@type\":\"BreadcrumbList\",\"@id\":\"https:\\\/\\\/precisionaestheticsmg.com\\\/es\\\/skin-care-products-santa-ana\\\/latisse\\\/#breadcrumb\",\"itemListElement\":[{\"@type\":\"ListItem\",\"position\":1,\"name\":\"Home\",\"item\":\"https:\\\/\\\/precisionaestheticsmg.com\\\/es\\\/\"},{\"@type\":\"ListItem\",\"position\":2,\"name\":\"Productos\",\"item\":\"https:\\\/\\\/precisionaestheticsmg.com\\\/es\\\/skin-care-products-santa-ana\\\/\"},{\"@type\":\"ListItem\",\"position\":3,\"name\":\"LATISSE\"}]},{\"@type\":\"WebSite\",\"@id\":\"https:\\\/\\\/precisionaestheticsmg.com\\\/#website\",\"url\":\"https:\\\/\\\/precisionaestheticsmg.com\\\/\",\"name\":\"Precision Aesthetics Medical Group - Cosmetic Specialists Orange County, CA\",\"description\":\"BOTOX Specialists Santa Ana, Wrinkle Reduction Irvine, Dermal Fillers Orange County, CA\",\"publisher\":{\"@id\":\"https:\\\/\\\/precisionaestheticsmg.com\\\/#organization\"},\"potentialAction\":[{\"@type\":\"SearchAction\",\"target\":{\"@type\":\"EntryPoint\",\"urlTemplate\":\"https:\\\/\\\/precisionaestheticsmg.com\\\/?s={search_term_string}\"},\"query-input\":{\"@type\":\"PropertyValueSpecification\",\"valueRequired\":true,\"valueName\":\"search_term_string\"}}],\"inLanguage\":\"es\"},{\"@type\":\"Organization\",\"@id\":\"https:\\\/\\\/precisionaestheticsmg.com\\\/#organization\",\"name\":\"Precision Aesthetics Medical Group\",\"url\":\"https:\\\/\\\/precisionaestheticsmg.com\\\/\",\"logo\":{\"@type\":\"ImageObject\",\"inLanguage\":\"es\",\"@id\":\"https:\\\/\\\/precisionaestheticsmg.com\\\/#\\\/schema\\\/logo\\\/image\\\/\",\"url\":\"https:\\\/\\\/precisionaestheticsmg.com\\\/wp-content\\\/uploads\\\/2018\\\/04\\\/logo-1.png\",\"contentUrl\":\"https:\\\/\\\/precisionaestheticsmg.com\\\/wp-content\\\/uploads\\\/2018\\\/04\\\/logo-1.png\",\"width\":348,\"height\":99,\"caption\":\"Precision Aesthetics Medical Group\"},\"image\":{\"@id\":\"https:\\\/\\\/precisionaestheticsmg.com\\\/#\\\/schema\\\/logo\\\/image\\\/\"}}]}<\/script>\n<!-- \/ Yoast SEO plugin. -->","yoast_head_json":{"title":"LATISSE - Precision Aesthetics Medical Group - Cosmetic Specialists Orange County, CA","description":"Do you wish to have fullness in eyelash? Precision Aesthetics offer Latisse\u00ae to improve the appearance of eyelashes and achieve a healthier & younger looking facial appearance. Serving patients in Santa Ana, Orange County and Irvine, CA.","robots":{"index":"index","follow":"follow","max-snippet":"max-snippet:-1","max-image-preview":"max-image-preview:large","max-video-preview":"max-video-preview:-1"},"canonical":"https:\/\/precisionaestheticsmg.com\/es\/skin-care-products-santa-ana\/latisse\/","twitter_misc":{"Tiempo de lectura":"4 minutos"},"schema":{"@context":"https:\/\/schema.org","@graph":[{"@type":"WebPage","@id":"https:\/\/precisionaestheticsmg.com\/es\/skin-care-products-santa-ana\/latisse\/","url":"https:\/\/precisionaestheticsmg.com\/es\/skin-care-products-santa-ana\/latisse\/","name":"LATISSE - Precision Aesthetics Medical Group - Cosmetic Specialists Orange County, CA","isPartOf":{"@id":"https:\/\/precisionaestheticsmg.com\/#website"},"primaryImageOfPage":{"@id":"https:\/\/precisionaestheticsmg.com\/es\/skin-care-products-santa-ana\/latisse\/#primaryimage"},"image":{"@id":"https:\/\/precisionaestheticsmg.com\/es\/skin-care-products-santa-ana\/latisse\/#primaryimage"},"thumbnailUrl":"http:\/\/precisionaestheticsmg.com\/wp-content\/uploads\/2018\/04\/654_image-300x90.png","datePublished":"2018-11-01T12:11:02+00:00","dateModified":"2019-01-16T09:14:14+00:00","description":"Do you wish to have fullness in eyelash? Precision Aesthetics offer Latisse\u00ae to improve the appearance of eyelashes and achieve a healthier & younger looking facial appearance. Serving patients in Santa Ana, Orange County and Irvine, CA.","breadcrumb":{"@id":"https:\/\/precisionaestheticsmg.com\/es\/skin-care-products-santa-ana\/latisse\/#breadcrumb"},"inLanguage":"es","potentialAction":[{"@type":"ReadAction","target":["https:\/\/precisionaestheticsmg.com\/es\/skin-care-products-santa-ana\/latisse\/"]}]},{"@type":"ImageObject","inLanguage":"es","@id":"https:\/\/precisionaestheticsmg.com\/es\/skin-care-products-santa-ana\/latisse\/#primaryimage","url":"http:\/\/precisionaestheticsmg.com\/wp-content\/uploads\/2018\/04\/654_image-300x90.png","contentUrl":"http:\/\/precisionaestheticsmg.com\/wp-content\/uploads\/2018\/04\/654_image-300x90.png"},{"@type":"BreadcrumbList","@id":"https:\/\/precisionaestheticsmg.com\/es\/skin-care-products-santa-ana\/latisse\/#breadcrumb","itemListElement":[{"@type":"ListItem","position":1,"name":"Home","item":"https:\/\/precisionaestheticsmg.com\/es\/"},{"@type":"ListItem","position":2,"name":"Productos","item":"https:\/\/precisionaestheticsmg.com\/es\/skin-care-products-santa-ana\/"},{"@type":"ListItem","position":3,"name":"LATISSE"}]},{"@type":"WebSite","@id":"https:\/\/precisionaestheticsmg.com\/#website","url":"https:\/\/precisionaestheticsmg.com\/","name":"Precision Aesthetics Medical Group - Cosmetic Specialists Orange County, CA","description":"BOTOX Specialists Santa Ana, Wrinkle Reduction Irvine, Dermal Fillers Orange County, CA","publisher":{"@id":"https:\/\/precisionaestheticsmg.com\/#organization"},"potentialAction":[{"@type":"SearchAction","target":{"@type":"EntryPoint","urlTemplate":"https:\/\/precisionaestheticsmg.com\/?s={search_term_string}"},"query-input":{"@type":"PropertyValueSpecification","valueRequired":true,"valueName":"search_term_string"}}],"inLanguage":"es"},{"@type":"Organization","@id":"https:\/\/precisionaestheticsmg.com\/#organization","name":"Precision Aesthetics Medical Group","url":"https:\/\/precisionaestheticsmg.com\/","logo":{"@type":"ImageObject","inLanguage":"es","@id":"https:\/\/precisionaestheticsmg.com\/#\/schema\/logo\/image\/","url":"https:\/\/precisionaestheticsmg.com\/wp-content\/uploads\/2018\/04\/logo-1.png","contentUrl":"https:\/\/precisionaestheticsmg.com\/wp-content\/uploads\/2018\/04\/logo-1.png","width":348,"height":99,"caption":"Precision Aesthetics Medical Group"},"image":{"@id":"https:\/\/precisionaestheticsmg.com\/#\/schema\/logo\/image\/"}}]}},"jetpack_sharing_enabled":true,"_links":{"self":[{"href":"https:\/\/precisionaestheticsmg.com\/es\/wp-json\/wp\/v2\/pages\/436","targetHints":{"allow":["GET"]}}],"collection":[{"href":"https:\/\/precisionaestheticsmg.com\/es\/wp-json\/wp\/v2\/pages"}],"about":[{"href":"https:\/\/precisionaestheticsmg.com\/es\/wp-json\/wp\/v2\/types\/page"}],"author":[{"embeddable":true,"href":"https:\/\/precisionaestheticsmg.com\/es\/wp-json\/wp\/v2\/users\/5"}],"replies":[{"embeddable":true,"href":"https:\/\/precisionaestheticsmg.com\/es\/wp-json\/wp\/v2\/comments?post=436"}],"version-history":[{"count":0,"href":"https:\/\/precisionaestheticsmg.com\/es\/wp-json\/wp\/v2\/pages\/436\/revisions"}],"up":[{"embeddable":true,"href":"https:\/\/precisionaestheticsmg.com\/es\/wp-json\/wp\/v2\/pages\/405"}],"wp:attachment":[{"href":"https:\/\/precisionaestheticsmg.com\/es\/wp-json\/wp\/v2\/media?parent=436"}],"curies":[{"name":"wp","href":"https:\/\/api.w.org\/{rel}","templated":true}]}}