{"id":435,"date":"2018-11-01T12:02:39","date_gmt":"2018-11-01T12:02:39","guid":{"rendered":"https:\/\/pamg.bv6bm9j6-liquidwebsites.com\/?page_id=435"},"modified":"2019-02-07T09:06:22","modified_gmt":"2019-02-07T09:06:22","slug":"piel-medica","status":"publish","type":"page","link":"https:\/\/precisionaestheticsmg.com\/es\/skin-care-products-santa-ana\/piel-medica\/","title":{"rendered":"Piel Medica"},"content":{"rendered":"<div class=\"fusion-fullwidth fullwidth-box fusion-builder-row-1 nonhundred-percent-fullwidth non-hundred-percent-height-scrolling\" style=\"--awb-border-radius-top-left:0px;--awb-border-radius-top-right:0px;--awb-border-radius-bottom-right:0px;--awb-border-radius-bottom-left:0px;--awb-flex-wrap:wrap;\" ><div class=\"fusion-builder-row fusion-row\"><div class=\"fusion-layout-column fusion_builder_column fusion-builder-column-0 fusion_builder_column_1_1 1_1 fusion-one-full fusion-column-first fusion-column-last\" style=\"--awb-bg-size:cover;\"><div class=\"fusion-column-wrapper fusion-flex-column-wrapper-legacy\"><div class=\"fusion-text fusion-text-1\"><h1>SkinMedica\u00ae en Santa Ana \/ Irvine<\/h1>\n<p><img data-recalc-dims=\"1\" decoding=\"async\" class=\"aligncenter\" src=\"https:\/\/i0.wp.com\/precisionaestheticsmg.com\/wp-content\/uploads\/2018\/04\/SkinMedica-banner.jpg?w=1280\" alt=\"SkinMedica-banner\"  border=\"0\" \/><\/p>\n<p>Cada vez m\u00e1s hombres y mujeres se est\u00e1n haciendo conscientes de la importancia de un r\u00e9gimen de cuidado de la piel adecuado. Piel suave y radiante como nunca hab\u00eda sido tan popular. En Precision Aesthetics en Santa Ana \/ Irvine, ofrecemos una l\u00ednea completa de productos avanzados para el cuidado de la piel para todos los tipos y tonos de piel. SkinMedica\u00ae es un sistema cient\u00edficamente formulado que proporciona resultados galardonados que te encantar\u00e1n.<\/p>\n<p><strong>La diferencia SkinMedica\u00ae<\/strong><br \/>\nSkinMedica\u00ae utiliza una mezcla patentada de ingredientes activos para tratar una amplia variedad de preocupaciones cosm\u00e9ticas. La f\u00f3rmula incluye factores de crecimiento, col\u00e1geno soluble, antioxidantes, prote\u00ednas de la matriz y m\u00e1s. Cada ingrediente activo est\u00e1 dise\u00f1ado para mejorar la capacidad de curaci\u00f3n natural de la piel. Con la ayuda de SkinMedica\u00ae, puede lograr un tono y una textura firmes y de aspecto m\u00e1s saludable.<\/p>\n<p><strong>Preguntas frecuentes de SkinMedica\u00ae<\/strong><br \/>\nQu\u00e9 areas pueden ser tratadas?<br \/>\nSkinMedica\u00ae puede combatir la mayor\u00eda de las afecciones de la piel al tiempo que revierte los signos del envejecimiento y el da\u00f1o solar. Ya sea que desee tratar el acn\u00e9, las manchas de la edad, las l\u00edneas finas o simplemente mejorar la textura y elasticidad de su piel, hay una soluci\u00f3n para usted. Precision Aesthetics es un proveedor de Allergan de nivel de platino. Nuestros especialistas en cuidado de la piel crear\u00e1n un plan de tratamiento personalizado para todas sus necesidades durante su consulta en persona.<\/p>\n<p><strong>\u00bfCu\u00e1ntos tratamientos necesitar\u00e9? *<\/strong><br \/>\nLa cantidad de tratamientos necesarios depende de varios factores, incluida la gravedad de su afecci\u00f3n, el resultado deseado y el producto sugerido. La mayor\u00eda de los productos SkinMedica\u00ae requieren una aplicaci\u00f3n dos veces al d\u00eda, antes y despu\u00e9s de la cama. Con el tiempo, comenzar\u00e1 a ver una mejora gradual en el aspecto y la sensaci\u00f3n de su piel.<\/p>\n<p>Para los pacientes que est\u00e1n interesados \u200b\u200ben SkinMedica\u00ae Peels, generalmente recomendamos un paquete de 3 repartidos de 4 a 6 semanas para obtener resultados \u00f3ptimos. Hable con su profesional m\u00e9dico de Precision Aesthetics sobre qu\u00e9 peeling puede ser adecuado para usted.<\/p>\n<p><strong>\u00bfHay alguna restricci\u00f3n en mi actividad despu\u00e9s del tratamiento?<\/strong><br \/>\nNo. Despu\u00e9s de aplicar los productos SkinMedica\u00ae, puede continuar con su rutina diaria normal sin tiempo de inactividad. Se recomienda a los pacientes que minimicen la exposici\u00f3n al sol con ropa protectora y mucho protector solar.<\/p>\n<p><strong>\u00bfCu\u00e1les son los posibles efectos secundarios?*<\/strong><br \/>\nA medida que su piel se adapta a los poderosos ingredientes activos, es posible que note cierta tensi\u00f3n, enrojecimiento o sensibilidad. Sin embargo, la mayor\u00eda de los pacientes reportan un brillo m\u00e1s suave e hidratado de su nuevo r\u00e9gimen SkinMedica\u00ae.<\/p>\n<p>* Los resultados individuales pueden variar.<\/p>\n<p><strong>Financiamiento Est\u00e9tico<\/strong><br \/>\nEn Precision Aesthetics, aceptamos CareCredit para su conveniencia. Le ayudamos a verse y sentirse mejor brind\u00e1ndole tratamientos de belleza y bienestar con cuotas mensuales simples. Con CareCredit, puede comprar un solo tratamiento, m\u00faltiples tratamientos en un paquete del mismo d\u00eda, o mantener la l\u00ednea de cr\u00e9dito abierta para sus servicios favoritos con mayor frecuencia. Registrarse es f\u00e1cil y puede utilizar sus beneficios de CareCredit inmediatamente despu\u00e9s de la aprobaci\u00f3n.<\/p>\n<p>Sin embargo, tenga en cuenta que la financiaci\u00f3n de su (s) tratamiento (s) utilizando CareCredit requiere un monto m\u00ednimo de compra. P\u00f3ngase en contacto con Precision Aesthetics para m\u00e1s detalles.<\/p>\n<p><strong>Da el primer paso<\/strong><br \/>\n\u00bfListo para aprender m\u00e1s sobre SkinMedica\u00ae? Programe una consulta con Precision Aesthetics en Santa Ana \/ Irvine California completando el formulario de solicitud de consulta en esta p\u00e1gina o llamando al (949) 477-9740. Precision Aesthetics se encuentra en la frontera de Santa Ana e Irvine, California, cerca de las autopistas 55, 5, 73 y 405.<\/p>\n<\/div><div class=\"fusion-clearfix\"><\/div><\/div><\/div><\/div><\/div>\n","protected":false},"excerpt":{"rendered":"","protected":false},"author":5,"featured_media":0,"parent":405,"menu_order":0,"comment_status":"closed","ping_status":"closed","template":"","meta":{"footnotes":""},"class_list":["post-435","page","type-page","status-publish","hentry"],"yoast_head":"<!-- This site is optimized with the Yoast SEO plugin v27.3 - https:\/\/yoast.com\/product\/yoast-seo-wordpress\/ -->\n<title>Piel Medica - Precision Aesthetics Medical Group - Cosmetic Specialists Orange County, CA<\/title>\n<meta name=\"description\" content=\"\u00bfEst\u00e1 buscando un r\u00e9gimen de cuidado de la piel en el hogar para combatir condiciones como la piel grasa, el da\u00f1o solar, las cicatrices del acn\u00e9 y las manchas de la edad? Precision Aesthetics, al servicio de Irvine y Santa Ana, CA, ofrece productos SkinMedica\u00ae a los pacientes para ayudarles a manejar y resolver problemas comunes de la piel.\" \/>\n<meta name=\"robots\" content=\"index, follow, max-snippet:-1, max-image-preview:large, max-video-preview:-1\" \/>\n<link rel=\"canonical\" href=\"https:\/\/precisionaestheticsmg.com\/es\/skin-care-products-santa-ana\/piel-medica\/\" \/>\n<meta name=\"twitter:label1\" content=\"Tiempo de lectura\" \/>\n\t<meta name=\"twitter:data1\" content=\"4 minutos\" \/>\n<script type=\"application\/ld+json\" class=\"yoast-schema-graph\">{\"@context\":\"https:\\\/\\\/schema.org\",\"@graph\":[{\"@type\":\"WebPage\",\"@id\":\"https:\\\/\\\/precisionaestheticsmg.com\\\/es\\\/skin-care-products-santa-ana\\\/piel-medica\\\/\",\"url\":\"https:\\\/\\\/precisionaestheticsmg.com\\\/es\\\/skin-care-products-santa-ana\\\/piel-medica\\\/\",\"name\":\"Piel Medica - Precision Aesthetics Medical Group - Cosmetic Specialists Orange County, CA\",\"isPartOf\":{\"@id\":\"https:\\\/\\\/precisionaestheticsmg.com\\\/#website\"},\"primaryImageOfPage\":{\"@id\":\"https:\\\/\\\/precisionaestheticsmg.com\\\/es\\\/skin-care-products-santa-ana\\\/piel-medica\\\/#primaryimage\"},\"image\":{\"@id\":\"https:\\\/\\\/precisionaestheticsmg.com\\\/es\\\/skin-care-products-santa-ana\\\/piel-medica\\\/#primaryimage\"},\"thumbnailUrl\":\"http:\\\/\\\/precisionaestheticsmg.com\\\/wp-content\\\/uploads\\\/2018\\\/04\\\/SkinMedica-banner.jpg\",\"datePublished\":\"2018-11-01T12:02:39+00:00\",\"dateModified\":\"2019-02-07T09:06:22+00:00\",\"description\":\"\u00bfEst\u00e1 buscando un r\u00e9gimen de cuidado de la piel en el hogar para combatir condiciones como la piel grasa, el da\u00f1o solar, las cicatrices del acn\u00e9 y las manchas de la edad? Precision Aesthetics, al servicio de Irvine y Santa Ana, CA, ofrece productos SkinMedica\u00ae a los pacientes para ayudarles a manejar y resolver problemas comunes de la piel.\",\"breadcrumb\":{\"@id\":\"https:\\\/\\\/precisionaestheticsmg.com\\\/es\\\/skin-care-products-santa-ana\\\/piel-medica\\\/#breadcrumb\"},\"inLanguage\":\"es\",\"potentialAction\":[{\"@type\":\"ReadAction\",\"target\":[\"https:\\\/\\\/precisionaestheticsmg.com\\\/es\\\/skin-care-products-santa-ana\\\/piel-medica\\\/\"]}]},{\"@type\":\"ImageObject\",\"inLanguage\":\"es\",\"@id\":\"https:\\\/\\\/precisionaestheticsmg.com\\\/es\\\/skin-care-products-santa-ana\\\/piel-medica\\\/#primaryimage\",\"url\":\"http:\\\/\\\/precisionaestheticsmg.com\\\/wp-content\\\/uploads\\\/2018\\\/04\\\/SkinMedica-banner.jpg\",\"contentUrl\":\"http:\\\/\\\/precisionaestheticsmg.com\\\/wp-content\\\/uploads\\\/2018\\\/04\\\/SkinMedica-banner.jpg\"},{\"@type\":\"BreadcrumbList\",\"@id\":\"https:\\\/\\\/precisionaestheticsmg.com\\\/es\\\/skin-care-products-santa-ana\\\/piel-medica\\\/#breadcrumb\",\"itemListElement\":[{\"@type\":\"ListItem\",\"position\":1,\"name\":\"Home\",\"item\":\"https:\\\/\\\/precisionaestheticsmg.com\\\/es\\\/\"},{\"@type\":\"ListItem\",\"position\":2,\"name\":\"Productos\",\"item\":\"https:\\\/\\\/precisionaestheticsmg.com\\\/es\\\/skin-care-products-santa-ana\\\/\"},{\"@type\":\"ListItem\",\"position\":3,\"name\":\"Piel Medica\"}]},{\"@type\":\"WebSite\",\"@id\":\"https:\\\/\\\/precisionaestheticsmg.com\\\/#website\",\"url\":\"https:\\\/\\\/precisionaestheticsmg.com\\\/\",\"name\":\"Precision Aesthetics Medical Group - Cosmetic Specialists Orange County, CA\",\"description\":\"BOTOX Specialists Santa Ana, Wrinkle Reduction Irvine, Dermal Fillers Orange County, CA\",\"publisher\":{\"@id\":\"https:\\\/\\\/precisionaestheticsmg.com\\\/#organization\"},\"potentialAction\":[{\"@type\":\"SearchAction\",\"target\":{\"@type\":\"EntryPoint\",\"urlTemplate\":\"https:\\\/\\\/precisionaestheticsmg.com\\\/?s={search_term_string}\"},\"query-input\":{\"@type\":\"PropertyValueSpecification\",\"valueRequired\":true,\"valueName\":\"search_term_string\"}}],\"inLanguage\":\"es\"},{\"@type\":\"Organization\",\"@id\":\"https:\\\/\\\/precisionaestheticsmg.com\\\/#organization\",\"name\":\"Precision Aesthetics Medical Group\",\"url\":\"https:\\\/\\\/precisionaestheticsmg.com\\\/\",\"logo\":{\"@type\":\"ImageObject\",\"inLanguage\":\"es\",\"@id\":\"https:\\\/\\\/precisionaestheticsmg.com\\\/#\\\/schema\\\/logo\\\/image\\\/\",\"url\":\"https:\\\/\\\/precisionaestheticsmg.com\\\/wp-content\\\/uploads\\\/2018\\\/04\\\/logo-1.png\",\"contentUrl\":\"https:\\\/\\\/precisionaestheticsmg.com\\\/wp-content\\\/uploads\\\/2018\\\/04\\\/logo-1.png\",\"width\":348,\"height\":99,\"caption\":\"Precision Aesthetics Medical Group\"},\"image\":{\"@id\":\"https:\\\/\\\/precisionaestheticsmg.com\\\/#\\\/schema\\\/logo\\\/image\\\/\"}}]}<\/script>\n<!-- \/ Yoast SEO plugin. -->","yoast_head_json":{"title":"Piel Medica - Precision Aesthetics Medical Group - Cosmetic Specialists Orange County, CA","description":"\u00bfEst\u00e1 buscando un r\u00e9gimen de cuidado de la piel en el hogar para combatir condiciones como la piel grasa, el da\u00f1o solar, las cicatrices del acn\u00e9 y las manchas de la edad? Precision Aesthetics, al servicio de Irvine y Santa Ana, CA, ofrece productos SkinMedica\u00ae a los pacientes para ayudarles a manejar y resolver problemas comunes de la piel.","robots":{"index":"index","follow":"follow","max-snippet":"max-snippet:-1","max-image-preview":"max-image-preview:large","max-video-preview":"max-video-preview:-1"},"canonical":"https:\/\/precisionaestheticsmg.com\/es\/skin-care-products-santa-ana\/piel-medica\/","twitter_misc":{"Tiempo de lectura":"4 minutos"},"schema":{"@context":"https:\/\/schema.org","@graph":[{"@type":"WebPage","@id":"https:\/\/precisionaestheticsmg.com\/es\/skin-care-products-santa-ana\/piel-medica\/","url":"https:\/\/precisionaestheticsmg.com\/es\/skin-care-products-santa-ana\/piel-medica\/","name":"Piel Medica - Precision Aesthetics Medical Group - Cosmetic Specialists Orange County, CA","isPartOf":{"@id":"https:\/\/precisionaestheticsmg.com\/#website"},"primaryImageOfPage":{"@id":"https:\/\/precisionaestheticsmg.com\/es\/skin-care-products-santa-ana\/piel-medica\/#primaryimage"},"image":{"@id":"https:\/\/precisionaestheticsmg.com\/es\/skin-care-products-santa-ana\/piel-medica\/#primaryimage"},"thumbnailUrl":"http:\/\/precisionaestheticsmg.com\/wp-content\/uploads\/2018\/04\/SkinMedica-banner.jpg","datePublished":"2018-11-01T12:02:39+00:00","dateModified":"2019-02-07T09:06:22+00:00","description":"\u00bfEst\u00e1 buscando un r\u00e9gimen de cuidado de la piel en el hogar para combatir condiciones como la piel grasa, el da\u00f1o solar, las cicatrices del acn\u00e9 y las manchas de la edad? Precision Aesthetics, al servicio de Irvine y Santa Ana, CA, ofrece productos SkinMedica\u00ae a los pacientes para ayudarles a manejar y resolver problemas comunes de la piel.","breadcrumb":{"@id":"https:\/\/precisionaestheticsmg.com\/es\/skin-care-products-santa-ana\/piel-medica\/#breadcrumb"},"inLanguage":"es","potentialAction":[{"@type":"ReadAction","target":["https:\/\/precisionaestheticsmg.com\/es\/skin-care-products-santa-ana\/piel-medica\/"]}]},{"@type":"ImageObject","inLanguage":"es","@id":"https:\/\/precisionaestheticsmg.com\/es\/skin-care-products-santa-ana\/piel-medica\/#primaryimage","url":"http:\/\/precisionaestheticsmg.com\/wp-content\/uploads\/2018\/04\/SkinMedica-banner.jpg","contentUrl":"http:\/\/precisionaestheticsmg.com\/wp-content\/uploads\/2018\/04\/SkinMedica-banner.jpg"},{"@type":"BreadcrumbList","@id":"https:\/\/precisionaestheticsmg.com\/es\/skin-care-products-santa-ana\/piel-medica\/#breadcrumb","itemListElement":[{"@type":"ListItem","position":1,"name":"Home","item":"https:\/\/precisionaestheticsmg.com\/es\/"},{"@type":"ListItem","position":2,"name":"Productos","item":"https:\/\/precisionaestheticsmg.com\/es\/skin-care-products-santa-ana\/"},{"@type":"ListItem","position":3,"name":"Piel Medica"}]},{"@type":"WebSite","@id":"https:\/\/precisionaestheticsmg.com\/#website","url":"https:\/\/precisionaestheticsmg.com\/","name":"Precision Aesthetics Medical Group - Cosmetic Specialists Orange County, CA","description":"BOTOX Specialists Santa Ana, Wrinkle Reduction Irvine, Dermal Fillers Orange County, CA","publisher":{"@id":"https:\/\/precisionaestheticsmg.com\/#organization"},"potentialAction":[{"@type":"SearchAction","target":{"@type":"EntryPoint","urlTemplate":"https:\/\/precisionaestheticsmg.com\/?s={search_term_string}"},"query-input":{"@type":"PropertyValueSpecification","valueRequired":true,"valueName":"search_term_string"}}],"inLanguage":"es"},{"@type":"Organization","@id":"https:\/\/precisionaestheticsmg.com\/#organization","name":"Precision Aesthetics Medical Group","url":"https:\/\/precisionaestheticsmg.com\/","logo":{"@type":"ImageObject","inLanguage":"es","@id":"https:\/\/precisionaestheticsmg.com\/#\/schema\/logo\/image\/","url":"https:\/\/precisionaestheticsmg.com\/wp-content\/uploads\/2018\/04\/logo-1.png","contentUrl":"https:\/\/precisionaestheticsmg.com\/wp-content\/uploads\/2018\/04\/logo-1.png","width":348,"height":99,"caption":"Precision Aesthetics Medical Group"},"image":{"@id":"https:\/\/precisionaestheticsmg.com\/#\/schema\/logo\/image\/"}}]}},"jetpack_sharing_enabled":true,"_links":{"self":[{"href":"https:\/\/precisionaestheticsmg.com\/es\/wp-json\/wp\/v2\/pages\/435","targetHints":{"allow":["GET"]}}],"collection":[{"href":"https:\/\/precisionaestheticsmg.com\/es\/wp-json\/wp\/v2\/pages"}],"about":[{"href":"https:\/\/precisionaestheticsmg.com\/es\/wp-json\/wp\/v2\/types\/page"}],"author":[{"embeddable":true,"href":"https:\/\/precisionaestheticsmg.com\/es\/wp-json\/wp\/v2\/users\/5"}],"replies":[{"embeddable":true,"href":"https:\/\/precisionaestheticsmg.com\/es\/wp-json\/wp\/v2\/comments?post=435"}],"version-history":[{"count":0,"href":"https:\/\/precisionaestheticsmg.com\/es\/wp-json\/wp\/v2\/pages\/435\/revisions"}],"up":[{"embeddable":true,"href":"https:\/\/precisionaestheticsmg.com\/es\/wp-json\/wp\/v2\/pages\/405"}],"wp:attachment":[{"href":"https:\/\/precisionaestheticsmg.com\/es\/wp-json\/wp\/v2\/media?parent=435"}],"curies":[{"name":"wp","href":"https:\/\/api.w.org\/{rel}","templated":true}]}}