{"id":429,"date":"2018-11-01T11:56:29","date_gmt":"2018-11-01T11:56:29","guid":{"rendered":"https:\/\/pamg.bv6bm9j6-liquidwebsites.com\/?page_id=429"},"modified":"2019-02-07T09:05:28","modified_gmt":"2019-02-07T09:05:28","slug":"meet-the-professionals","status":"publish","type":"page","link":"https:\/\/precisionaestheticsmg.com\/es\/botox-specialists-santa-ana\/meet-the-professionals\/","title":{"rendered":"MEET THE PROFESSIONALS"},"content":{"rendered":"<p><div class=\"fusion-fullwidth fullwidth-box fusion-builder-row-1 nonhundred-percent-fullwidth non-hundred-percent-height-scrolling\" style=\"--awb-border-radius-top-left:0px;--awb-border-radius-top-right:0px;--awb-border-radius-bottom-right:0px;--awb-border-radius-bottom-left:0px;--awb-flex-wrap:wrap;\" ><div class=\"fusion-builder-row fusion-row\"><div class=\"fusion-layout-column fusion_builder_column fusion-builder-column-0 fusion_builder_column_1_1 1_1 fusion-one-full fusion-column-first fusion-column-last\" style=\"--awb-bg-size:cover;\"><div class=\"fusion-column-wrapper fusion-flex-column-wrapper-legacy\"><div class=\"fusion-text fusion-text-1\"><h1>Conoce a los profesionales<\/h1>\n<\/div><div class=\"fusion-clearfix\"><\/div><\/div><\/div><\/div><\/div><div class=\"fusion-fullwidth fullwidth-box fusion-builder-row-2 nonhundred-percent-fullwidth non-hundred-percent-height-scrolling\" style=\"--awb-border-radius-top-left:0px;--awb-border-radius-top-right:0px;--awb-border-radius-bottom-right:0px;--awb-border-radius-bottom-left:0px;--awb-flex-wrap:wrap;\" ><div class=\"fusion-builder-row fusion-row\"><div class=\"fusion-layout-column fusion_builder_column fusion-builder-column-1 fusion_builder_column_1_1 1_1 fusion-one-full fusion-column-first fusion-column-last\" style=\"--awb-bg-size:cover;\"><div class=\"fusion-column-wrapper fusion-flex-column-wrapper-legacy\"><div class=\"fusion-text fusion-text-2\"><h2>Dr. Ron Y. Goldstein &#8211; Director M\u00e9dico<\/h2>\n<\/div><div class=\"fusion-clearfix\"><\/div><\/div><\/div><div class=\"fusion-layout-column fusion_builder_column fusion-builder-column-2 fusion_builder_column_2_5 2_5 fusion-two-fifth fusion-column-first\" style=\"--awb-bg-size:cover;width:40%;width:calc(40% - ( ( 4% ) * 0.4 ) );margin-right: 4%;\"><div class=\"fusion-column-wrapper fusion-flex-column-wrapper-legacy\"><div class=\"fusion-image-element fusion-image-align-center in-legacy-container\" style=\"text-align:center;--awb-caption-title-font-family:var(--h2_typography-font-family);--awb-caption-title-font-weight:var(--h2_typography-font-weight);--awb-caption-title-font-style:var(--h2_typography-font-style);--awb-caption-title-size:var(--h2_typography-font-size);--awb-caption-title-transform:var(--h2_typography-text-transform);--awb-caption-title-line-height:var(--h2_typography-line-height);--awb-caption-title-letter-spacing:var(--h2_typography-letter-spacing);\"><div class=\"imageframe-align-center\"><span class=\" fusion-imageframe imageframe-none imageframe-1 hover-type-none\"><img data-recalc-dims=\"1\" height=\"300\" width=\"200\" decoding=\"async\" src=\"https:\/\/i0.wp.com\/precisionaestheticsmg.com\/wp-content\/uploads\/2018\/04\/POMG_Goldstein_profile-200x300.jpg?resize=200%2C300\" alt class=\"img-responsive\"\/><\/span><\/div><\/div><div class=\"fusion-clearfix\"><\/div><\/div><\/div><div class=\"fusion-layout-column fusion_builder_column fusion-builder-column-3 fusion_builder_column_3_5 3_5 fusion-three-fifth fusion-column-last\" style=\"--awb-bg-size:cover;width:60%;width:calc(60% - ( ( 4% ) * 0.6 ) );\"><div class=\"fusion-column-wrapper fusion-flex-column-wrapper-legacy\"><div class=\"fusion-text fusion-text-3\"><p>Ron Y. Goldstein, M.D. es un cirujano pl\u00e1stico capacitado en becas. Es un Diplomado de la Junta Nacional de Examinadores M\u00e9dicos. El Dr. Goldstein obtuvo una licenciatura en bioqu\u00edmica de la Universidad de Wisconsin. Recibi\u00f3 su t\u00edtulo de m\u00e9dico de Rush Medical College en Chicago, Illinois. Sus prestigiosos logros acad\u00e9micos le dieron al Dr. Goldstein la oportunidad de completar una pasant\u00eda y residencia en cirug\u00eda general en el Hospital Mount Sinai en Chicago. M\u00e1s tarde, el Dr. Goldstein continu\u00f3 su entrenamiento, completando una beca quir\u00fargica de mano y una residencia de cirug\u00eda pl\u00e1stica. Adem\u00e1s, el Dr. Goldstein complet\u00f3 un entrenamiento adicional de becas en cirug\u00eda est\u00e9tica y cirug\u00eda est\u00e9tica. Esta amplia capacitaci\u00f3n le permiti\u00f3 al Dr. Goldstein practicar bajo la gu\u00eda de algunos de los cirujanos cosm\u00e9ticos, pl\u00e1sticos y manuales m\u00e1s respetados del pa\u00eds. El Dr. Goldstein ha ofrecido su tiempo como voluntario para atender varias causas humanitarias como Safari y la investigaci\u00f3n del Hospital en \u00c1frica, la Operaci\u00f3n Sonrisa, cirug\u00eda de labio y paladar hendidos en Managua, Nicaragua y la Operaci\u00f3n Mano a Mano en el Condado de Orange, California.<\/p>\n<\/div><div class=\"fusion-clearfix\"><\/div><\/div><\/div><div class=\"fusion-layout-column fusion_builder_column fusion-builder-column-4 fusion_builder_column_1_1 1_1 fusion-one-full fusion-column-first fusion-column-last\" style=\"--awb-bg-size:cover;\"><div class=\"fusion-column-wrapper fusion-flex-column-wrapper-legacy\"><div class=\"fusion-text fusion-text-4\"><h2>Eva Hern\u00e1ndez, P.A.-C<\/h2>\n<\/div><div class=\"fusion-clearfix\"><\/div><\/div><\/div><div class=\"fusion-layout-column fusion_builder_column fusion-builder-column-5 fusion_builder_column_2_5 2_5 fusion-two-fifth fusion-column-first\" style=\"--awb-bg-size:cover;width:40%;width:calc(40% - ( ( 4% ) * 0.4 ) );margin-right: 4%;\"><div class=\"fusion-column-wrapper fusion-flex-column-wrapper-legacy\"><div class=\"fusion-image-element fusion-image-align-center in-legacy-container\" style=\"text-align:center;--awb-caption-title-font-family:var(--h2_typography-font-family);--awb-caption-title-font-weight:var(--h2_typography-font-weight);--awb-caption-title-font-style:var(--h2_typography-font-style);--awb-caption-title-size:var(--h2_typography-font-size);--awb-caption-title-transform:var(--h2_typography-text-transform);--awb-caption-title-line-height:var(--h2_typography-line-height);--awb-caption-title-letter-spacing:var(--h2_typography-letter-spacing);\"><div class=\"imageframe-align-center\"><span class=\" fusion-imageframe imageframe-none imageframe-2 hover-type-none\"><img data-recalc-dims=\"1\" decoding=\"async\" width=\"180\" height=\"270\" title=\"Eva Hernandez, P.A.-C\" src=\"https:\/\/i0.wp.com\/precisionaestheticsmg.com\/wp-content\/uploads\/2018\/04\/Eva-Hernandez.jpg?resize=180%2C270\" alt class=\"img-responsive wp-image-433\"\/><\/span><\/div><\/div><div class=\"fusion-clearfix\"><\/div><\/div><\/div><div class=\"fusion-layout-column fusion_builder_column fusion-builder-column-6 fusion_builder_column_3_5 3_5 fusion-three-fifth fusion-column-last\" style=\"--awb-bg-size:cover;width:60%;width:calc(60% - ( ( 4% ) * 0.6 ) );\"><div class=\"fusion-column-wrapper fusion-flex-column-wrapper-legacy\"><div class=\"fusion-text fusion-text-5\"><p>La experiencia de Eva Hern\u00e1ndez incluye exfoliaciones qu\u00edmicas, rellenos d\u00e9rmicos, neurotoxinas y tratamientos est\u00e9ticos con l\u00e1ser. Recibi\u00f3 su educaci\u00f3n de pregrado de la Universidad Internacional de Florida en Miami, Florida y la Universidad Estatal de California en Long Beach y obtuvo su t\u00edtulo de asistente de m\u00e9dico de la Universidad de Medicina y Ciencia Charles Drew en Los \u00c1ngeles. La Sra. Hern\u00e1ndez tiene la certificaci\u00f3n de la Comisi\u00f3n Nacional de Certificaci\u00f3n de Asistentes de M\u00e9dicos y tambi\u00e9n es miembro de la Sociedad de Asistentes de M\u00e9dicos de Dermatolog\u00eda y de la Academia Americana de Asistentes de M\u00e9dicos. Tambi\u00e9n se especializa en dermatolog\u00eda general, c\u00e1ncer de piel, acn\u00e9 y dermatolog\u00eda est\u00e9tica. Adem\u00e1s, la Sra. Hern\u00e1ndez realiza terapia con l\u00e1ser, brinda tratamiento para fotoda\u00f1o y trata tatuajes, marcas de nacimiento, lesiones vasculares y cicatrices.<\/p>\n<\/div><div class=\"fusion-clearfix\"><\/div><\/div><\/div><div class=\"fusion-layout-column fusion_builder_column fusion-builder-column-7 fusion_builder_column_1_1 1_1 fusion-one-full fusion-column-first fusion-column-last\" style=\"--awb-bg-size:cover;\"><div class=\"fusion-column-wrapper fusion-flex-column-wrapper-legacy\"><div class=\"fusion-text fusion-text-6\"><h2>Carole Martin<\/h2>\n<\/div><div class=\"fusion-clearfix\"><\/div><\/div><\/div><div class=\"fusion-layout-column fusion_builder_column fusion-builder-column-8 fusion_builder_column_2_5 2_5 fusion-two-fifth fusion-column-first\" style=\"--awb-bg-size:cover;width:40%;width:calc(40% - ( ( 4% ) * 0.4 ) );margin-right: 4%;\"><div class=\"fusion-column-wrapper fusion-flex-column-wrapper-legacy\"><div class=\"fusion-image-element fusion-image-align-center in-legacy-container\" style=\"text-align:center;--awb-caption-title-font-family:var(--h2_typography-font-family);--awb-caption-title-font-weight:var(--h2_typography-font-weight);--awb-caption-title-font-style:var(--h2_typography-font-style);--awb-caption-title-size:var(--h2_typography-font-size);--awb-caption-title-transform:var(--h2_typography-text-transform);--awb-caption-title-line-height:var(--h2_typography-line-height);--awb-caption-title-letter-spacing:var(--h2_typography-letter-spacing);\"><div class=\"imageframe-align-center\"><span class=\" fusion-imageframe imageframe-none imageframe-3 hover-type-none\"><img data-recalc-dims=\"1\" height=\"300\" width=\"200\" decoding=\"async\" src=\"https:\/\/i0.wp.com\/precisionaestheticsmg.com\/wp-content\/uploads\/2018\/04\/bio-carole-200x300.jpg?resize=200%2C300\" alt class=\"img-responsive\"\/><\/span><\/div><\/div><div class=\"fusion-clearfix\"><\/div><\/div><\/div><div class=\"fusion-layout-column fusion_builder_column fusion-builder-column-9 fusion_builder_column_3_5 3_5 fusion-three-fifth fusion-column-last\" style=\"--awb-bg-size:cover;width:60%;width:calc(60% - ( ( 4% ) * 0.6 ) );\"><div class=\"fusion-column-wrapper fusion-flex-column-wrapper-legacy\"><div class=\"fusion-text fusion-text-7\"><p>Carole Martin complet\u00f3 su programa de enfermer\u00eda registrado en Cypress College hace m\u00e1s de 25 a\u00f1os. Con una pasi\u00f3n por la medicina est\u00e9tica combinada con un ojo est\u00e9tico, Carole ha dedicado muchos a\u00f1os a su entrenamiento continuo y al perfeccionamiento de su conjunto de habilidades cosm\u00e9ticas.<\/p>\n<p>Durante m\u00e1s de 6 a\u00f1os, Carole fue la supervisora de enfermer\u00eda en el Departamento de Dermatolog\u00eda de Irvine de la Universidad de California, donde dirigi\u00f3 un centro de dermatolog\u00eda con 13 m\u00e9dicos. Mientras estuvo all\u00ed, realiz\u00f3 y capacit\u00f3 al personal en tratamientos con l\u00e1ser y peelings qu\u00edmicos, as\u00ed como en la capacitaci\u00f3n y administraci\u00f3n de Botox y rellenos d\u00e9rmicos.<\/p>\n<p>Carole ha recibido capacitaci\u00f3n de nivel avanzado en rellenos d\u00e9rmicos y Botox. Ella sigue estando al tanto de los \u00faltimos tratamientos cosm\u00e9ticos y entrenamiento asociado.<\/p>\n<\/div><div class=\"fusion-clearfix\"><\/div><\/div><\/div><\/div><\/div><\/p>\n","protected":false},"excerpt":{"rendered":"","protected":false},"author":5,"featured_media":0,"parent":388,"menu_order":0,"comment_status":"closed","ping_status":"closed","template":"","meta":{"footnotes":""},"class_list":["post-429","page","type-page","status-publish","hentry"],"yoast_head":"<!-- This site is optimized with the Yoast SEO plugin v27.3 - https:\/\/yoast.com\/product\/yoast-seo-wordpress\/ -->\n<title>MEET THE PROFESSIONALS - Precision Aesthetics Medical Group - Cosmetic Specialists Orange County, CA<\/title>\n<meta name=\"description\" content=\"304\/5000Al mantener un enfoque especializado, el personal m\u00e9dico de Precision Aesthetics se asegura de mantener solo las t\u00e9cnicas de procedimiento de la m\u00e1s alta calidad y puede mantenerse al tanto de los \u00faltimos avances en el campo de la dermatolog\u00eda est\u00e9tica en r\u00e1pida evoluci\u00f3n. Nuestro equipo atiende pacientes en Santa Ana e Irvine, CA.\" \/>\n<meta name=\"robots\" content=\"index, follow, max-snippet:-1, max-image-preview:large, max-video-preview:-1\" \/>\n<link rel=\"canonical\" href=\"https:\/\/precisionaestheticsmg.com\/es\/botox-specialists-santa-ana\/meet-the-professionals\/\" \/>\n<meta name=\"twitter:label1\" content=\"Tiempo de lectura\" \/>\n\t<meta name=\"twitter:data1\" content=\"8 minutos\" \/>\n<script type=\"application\/ld+json\" class=\"yoast-schema-graph\">{\"@context\":\"https:\\\/\\\/schema.org\",\"@graph\":[{\"@type\":\"WebPage\",\"@id\":\"https:\\\/\\\/precisionaestheticsmg.com\\\/es\\\/botox-specialists-santa-ana\\\/meet-the-professionals\\\/\",\"url\":\"https:\\\/\\\/precisionaestheticsmg.com\\\/es\\\/botox-specialists-santa-ana\\\/meet-the-professionals\\\/\",\"name\":\"MEET THE PROFESSIONALS - Precision Aesthetics Medical Group - Cosmetic Specialists Orange County, CA\",\"isPartOf\":{\"@id\":\"https:\\\/\\\/precisionaestheticsmg.com\\\/#website\"},\"datePublished\":\"2018-11-01T11:56:29+00:00\",\"dateModified\":\"2019-02-07T09:05:28+00:00\",\"description\":\"304\\\/5000Al mantener un enfoque especializado, el personal m\u00e9dico de Precision Aesthetics se asegura de mantener solo las t\u00e9cnicas de procedimiento de la m\u00e1s alta calidad y puede mantenerse al tanto de los \u00faltimos avances en el campo de la dermatolog\u00eda est\u00e9tica en r\u00e1pida evoluci\u00f3n. Nuestro equipo atiende pacientes en Santa Ana e Irvine, CA.\",\"breadcrumb\":{\"@id\":\"https:\\\/\\\/precisionaestheticsmg.com\\\/es\\\/botox-specialists-santa-ana\\\/meet-the-professionals\\\/#breadcrumb\"},\"inLanguage\":\"es\",\"potentialAction\":[{\"@type\":\"ReadAction\",\"target\":[\"https:\\\/\\\/precisionaestheticsmg.com\\\/es\\\/botox-specialists-santa-ana\\\/meet-the-professionals\\\/\"]}]},{\"@type\":\"BreadcrumbList\",\"@id\":\"https:\\\/\\\/precisionaestheticsmg.com\\\/es\\\/botox-specialists-santa-ana\\\/meet-the-professionals\\\/#breadcrumb\",\"itemListElement\":[{\"@type\":\"ListItem\",\"position\":1,\"name\":\"Home\",\"item\":\"https:\\\/\\\/precisionaestheticsmg.com\\\/es\\\/\"},{\"@type\":\"ListItem\",\"position\":2,\"name\":\"Acerca de\",\"item\":\"https:\\\/\\\/precisionaestheticsmg.com\\\/es\\\/botox-specialists-santa-ana\\\/\"},{\"@type\":\"ListItem\",\"position\":3,\"name\":\"MEET THE PROFESSIONALS\"}]},{\"@type\":\"WebSite\",\"@id\":\"https:\\\/\\\/precisionaestheticsmg.com\\\/#website\",\"url\":\"https:\\\/\\\/precisionaestheticsmg.com\\\/\",\"name\":\"Precision Aesthetics Medical Group - Cosmetic Specialists Orange County, CA\",\"description\":\"BOTOX Specialists Santa Ana, Wrinkle Reduction Irvine, Dermal Fillers Orange County, CA\",\"publisher\":{\"@id\":\"https:\\\/\\\/precisionaestheticsmg.com\\\/#organization\"},\"potentialAction\":[{\"@type\":\"SearchAction\",\"target\":{\"@type\":\"EntryPoint\",\"urlTemplate\":\"https:\\\/\\\/precisionaestheticsmg.com\\\/?s={search_term_string}\"},\"query-input\":{\"@type\":\"PropertyValueSpecification\",\"valueRequired\":true,\"valueName\":\"search_term_string\"}}],\"inLanguage\":\"es\"},{\"@type\":\"Organization\",\"@id\":\"https:\\\/\\\/precisionaestheticsmg.com\\\/#organization\",\"name\":\"Precision Aesthetics Medical Group\",\"url\":\"https:\\\/\\\/precisionaestheticsmg.com\\\/\",\"logo\":{\"@type\":\"ImageObject\",\"inLanguage\":\"es\",\"@id\":\"https:\\\/\\\/precisionaestheticsmg.com\\\/#\\\/schema\\\/logo\\\/image\\\/\",\"url\":\"https:\\\/\\\/precisionaestheticsmg.com\\\/wp-content\\\/uploads\\\/2018\\\/04\\\/logo-1.png\",\"contentUrl\":\"https:\\\/\\\/precisionaestheticsmg.com\\\/wp-content\\\/uploads\\\/2018\\\/04\\\/logo-1.png\",\"width\":348,\"height\":99,\"caption\":\"Precision Aesthetics Medical Group\"},\"image\":{\"@id\":\"https:\\\/\\\/precisionaestheticsmg.com\\\/#\\\/schema\\\/logo\\\/image\\\/\"}}]}<\/script>\n<!-- \/ Yoast SEO plugin. -->","yoast_head_json":{"title":"MEET THE PROFESSIONALS - Precision Aesthetics Medical Group - Cosmetic Specialists Orange County, CA","description":"304\/5000Al mantener un enfoque especializado, el personal m\u00e9dico de Precision Aesthetics se asegura de mantener solo las t\u00e9cnicas de procedimiento de la m\u00e1s alta calidad y puede mantenerse al tanto de los \u00faltimos avances en el campo de la dermatolog\u00eda est\u00e9tica en r\u00e1pida evoluci\u00f3n. Nuestro equipo atiende pacientes en Santa Ana e Irvine, CA.","robots":{"index":"index","follow":"follow","max-snippet":"max-snippet:-1","max-image-preview":"max-image-preview:large","max-video-preview":"max-video-preview:-1"},"canonical":"https:\/\/precisionaestheticsmg.com\/es\/botox-specialists-santa-ana\/meet-the-professionals\/","twitter_misc":{"Tiempo de lectura":"8 minutos"},"schema":{"@context":"https:\/\/schema.org","@graph":[{"@type":"WebPage","@id":"https:\/\/precisionaestheticsmg.com\/es\/botox-specialists-santa-ana\/meet-the-professionals\/","url":"https:\/\/precisionaestheticsmg.com\/es\/botox-specialists-santa-ana\/meet-the-professionals\/","name":"MEET THE PROFESSIONALS - Precision Aesthetics Medical Group - Cosmetic Specialists Orange County, CA","isPartOf":{"@id":"https:\/\/precisionaestheticsmg.com\/#website"},"datePublished":"2018-11-01T11:56:29+00:00","dateModified":"2019-02-07T09:05:28+00:00","description":"304\/5000Al mantener un enfoque especializado, el personal m\u00e9dico de Precision Aesthetics se asegura de mantener solo las t\u00e9cnicas de procedimiento de la m\u00e1s alta calidad y puede mantenerse al tanto de los \u00faltimos avances en el campo de la dermatolog\u00eda est\u00e9tica en r\u00e1pida evoluci\u00f3n. Nuestro equipo atiende pacientes en Santa Ana e Irvine, CA.","breadcrumb":{"@id":"https:\/\/precisionaestheticsmg.com\/es\/botox-specialists-santa-ana\/meet-the-professionals\/#breadcrumb"},"inLanguage":"es","potentialAction":[{"@type":"ReadAction","target":["https:\/\/precisionaestheticsmg.com\/es\/botox-specialists-santa-ana\/meet-the-professionals\/"]}]},{"@type":"BreadcrumbList","@id":"https:\/\/precisionaestheticsmg.com\/es\/botox-specialists-santa-ana\/meet-the-professionals\/#breadcrumb","itemListElement":[{"@type":"ListItem","position":1,"name":"Home","item":"https:\/\/precisionaestheticsmg.com\/es\/"},{"@type":"ListItem","position":2,"name":"Acerca de","item":"https:\/\/precisionaestheticsmg.com\/es\/botox-specialists-santa-ana\/"},{"@type":"ListItem","position":3,"name":"MEET THE PROFESSIONALS"}]},{"@type":"WebSite","@id":"https:\/\/precisionaestheticsmg.com\/#website","url":"https:\/\/precisionaestheticsmg.com\/","name":"Precision Aesthetics Medical Group - Cosmetic Specialists Orange County, CA","description":"BOTOX Specialists Santa Ana, Wrinkle Reduction Irvine, Dermal Fillers Orange County, CA","publisher":{"@id":"https:\/\/precisionaestheticsmg.com\/#organization"},"potentialAction":[{"@type":"SearchAction","target":{"@type":"EntryPoint","urlTemplate":"https:\/\/precisionaestheticsmg.com\/?s={search_term_string}"},"query-input":{"@type":"PropertyValueSpecification","valueRequired":true,"valueName":"search_term_string"}}],"inLanguage":"es"},{"@type":"Organization","@id":"https:\/\/precisionaestheticsmg.com\/#organization","name":"Precision Aesthetics Medical Group","url":"https:\/\/precisionaestheticsmg.com\/","logo":{"@type":"ImageObject","inLanguage":"es","@id":"https:\/\/precisionaestheticsmg.com\/#\/schema\/logo\/image\/","url":"https:\/\/precisionaestheticsmg.com\/wp-content\/uploads\/2018\/04\/logo-1.png","contentUrl":"https:\/\/precisionaestheticsmg.com\/wp-content\/uploads\/2018\/04\/logo-1.png","width":348,"height":99,"caption":"Precision Aesthetics Medical Group"},"image":{"@id":"https:\/\/precisionaestheticsmg.com\/#\/schema\/logo\/image\/"}}]}},"jetpack_sharing_enabled":true,"_links":{"self":[{"href":"https:\/\/precisionaestheticsmg.com\/es\/wp-json\/wp\/v2\/pages\/429","targetHints":{"allow":["GET"]}}],"collection":[{"href":"https:\/\/precisionaestheticsmg.com\/es\/wp-json\/wp\/v2\/pages"}],"about":[{"href":"https:\/\/precisionaestheticsmg.com\/es\/wp-json\/wp\/v2\/types\/page"}],"author":[{"embeddable":true,"href":"https:\/\/precisionaestheticsmg.com\/es\/wp-json\/wp\/v2\/users\/5"}],"replies":[{"embeddable":true,"href":"https:\/\/precisionaestheticsmg.com\/es\/wp-json\/wp\/v2\/comments?post=429"}],"version-history":[{"count":1,"href":"https:\/\/precisionaestheticsmg.com\/es\/wp-json\/wp\/v2\/pages\/429\/revisions"}],"predecessor-version":[{"id":511,"href":"https:\/\/precisionaestheticsmg.com\/es\/wp-json\/wp\/v2\/pages\/429\/revisions\/511"}],"up":[{"embeddable":true,"href":"https:\/\/precisionaestheticsmg.com\/es\/wp-json\/wp\/v2\/pages\/388"}],"wp:attachment":[{"href":"https:\/\/precisionaestheticsmg.com\/es\/wp-json\/wp\/v2\/media?parent=429"}],"curies":[{"name":"wp","href":"https:\/\/api.w.org\/{rel}","templated":true}]}}