{"id":407,"date":"2018-04-18T10:35:56","date_gmt":"2018-04-18T10:35:56","guid":{"rendered":"https:\/\/pamg.bv6bm9j6-liquidwebsites.com\/reviews\/"},"modified":"2019-02-07T08:57:08","modified_gmt":"2019-02-07T08:57:08","slug":"reviews","status":"publish","type":"page","link":"https:\/\/precisionaestheticsmg.com\/es\/reviews\/","title":{"rendered":"Opiniones"},"content":{"rendered":"","protected":false},"excerpt":{"rendered":"","protected":false},"author":5,"featured_media":0,"parent":0,"menu_order":0,"comment_status":"closed","ping_status":"closed","template":"","meta":{"footnotes":""},"class_list":["post-407","page","type-page","status-publish","hentry"],"yoast_head":"<!-- This site is optimized with the Yoast SEO plugin v27.3 - https:\/\/yoast.com\/product\/yoast-seo-wordpress\/ -->\n<title>Opiniones - Precision Aesthetics Medical Group - Cosmetic Specialists Orange County, CA<\/title>\n<meta name=\"description\" content=\"Haga clic aqu\u00ed para ver las opiniones de pacientes reales de est\u00e9tica de precisi\u00f3n. Al servicio de pacientes en Santa Ana e Irvine, CA.\" \/>\n<meta name=\"robots\" content=\"index, follow, max-snippet:-1, max-image-preview:large, max-video-preview:-1\" \/>\n<link rel=\"canonical\" href=\"https:\/\/precisionaestheticsmg.com\/es\/reviews\/\" \/>\n<script type=\"application\/ld+json\" class=\"yoast-schema-graph\">{\"@context\":\"https:\\\/\\\/schema.org\",\"@graph\":[{\"@type\":\"WebPage\",\"@id\":\"https:\\\/\\\/precisionaestheticsmg.com\\\/es\\\/reviews\\\/\",\"url\":\"https:\\\/\\\/precisionaestheticsmg.com\\\/es\\\/reviews\\\/\",\"name\":\"Opiniones - Precision Aesthetics Medical Group - Cosmetic Specialists Orange County, CA\",\"isPartOf\":{\"@id\":\"https:\\\/\\\/precisionaestheticsmg.com\\\/#website\"},\"datePublished\":\"2018-04-18T10:35:56+00:00\",\"dateModified\":\"2019-02-07T08:57:08+00:00\",\"description\":\"Haga clic aqu\u00ed para ver las opiniones de pacientes reales de est\u00e9tica de precisi\u00f3n. Al servicio de pacientes en Santa Ana e Irvine, CA.\",\"breadcrumb\":{\"@id\":\"https:\\\/\\\/precisionaestheticsmg.com\\\/es\\\/reviews\\\/#breadcrumb\"},\"inLanguage\":\"es\",\"potentialAction\":[{\"@type\":\"ReadAction\",\"target\":[\"https:\\\/\\\/precisionaestheticsmg.com\\\/es\\\/reviews\\\/\"]}]},{\"@type\":\"BreadcrumbList\",\"@id\":\"https:\\\/\\\/precisionaestheticsmg.com\\\/es\\\/reviews\\\/#breadcrumb\",\"itemListElement\":[{\"@type\":\"ListItem\",\"position\":1,\"name\":\"Home\",\"item\":\"https:\\\/\\\/precisionaestheticsmg.com\\\/es\\\/\"},{\"@type\":\"ListItem\",\"position\":2,\"name\":\"Opiniones\"}]},{\"@type\":\"WebSite\",\"@id\":\"https:\\\/\\\/precisionaestheticsmg.com\\\/#website\",\"url\":\"https:\\\/\\\/precisionaestheticsmg.com\\\/\",\"name\":\"Precision Aesthetics Medical Group - Cosmetic Specialists Orange County, CA\",\"description\":\"BOTOX Specialists Santa Ana, Wrinkle Reduction Irvine, Dermal Fillers Orange County, CA\",\"publisher\":{\"@id\":\"https:\\\/\\\/precisionaestheticsmg.com\\\/#organization\"},\"potentialAction\":[{\"@type\":\"SearchAction\",\"target\":{\"@type\":\"EntryPoint\",\"urlTemplate\":\"https:\\\/\\\/precisionaestheticsmg.com\\\/?s={search_term_string}\"},\"query-input\":{\"@type\":\"PropertyValueSpecification\",\"valueRequired\":true,\"valueName\":\"search_term_string\"}}],\"inLanguage\":\"es\"},{\"@type\":\"Organization\",\"@id\":\"https:\\\/\\\/precisionaestheticsmg.com\\\/#organization\",\"name\":\"Precision Aesthetics Medical Group\",\"url\":\"https:\\\/\\\/precisionaestheticsmg.com\\\/\",\"logo\":{\"@type\":\"ImageObject\",\"inLanguage\":\"es\",\"@id\":\"https:\\\/\\\/precisionaestheticsmg.com\\\/#\\\/schema\\\/logo\\\/image\\\/\",\"url\":\"https:\\\/\\\/precisionaestheticsmg.com\\\/wp-content\\\/uploads\\\/2018\\\/04\\\/logo-1.png\",\"contentUrl\":\"https:\\\/\\\/precisionaestheticsmg.com\\\/wp-content\\\/uploads\\\/2018\\\/04\\\/logo-1.png\",\"width\":348,\"height\":99,\"caption\":\"Precision Aesthetics Medical Group\"},\"image\":{\"@id\":\"https:\\\/\\\/precisionaestheticsmg.com\\\/#\\\/schema\\\/logo\\\/image\\\/\"}}]}<\/script>\n<!-- \/ Yoast SEO plugin. -->","yoast_head_json":{"title":"Opiniones - Precision Aesthetics Medical Group - Cosmetic Specialists Orange County, CA","description":"Haga clic aqu\u00ed para ver las opiniones de pacientes reales de est\u00e9tica de precisi\u00f3n. Al servicio de pacientes en Santa Ana e Irvine, CA.","robots":{"index":"index","follow":"follow","max-snippet":"max-snippet:-1","max-image-preview":"max-image-preview:large","max-video-preview":"max-video-preview:-1"},"canonical":"https:\/\/precisionaestheticsmg.com\/es\/reviews\/","schema":{"@context":"https:\/\/schema.org","@graph":[{"@type":"WebPage","@id":"https:\/\/precisionaestheticsmg.com\/es\/reviews\/","url":"https:\/\/precisionaestheticsmg.com\/es\/reviews\/","name":"Opiniones - Precision Aesthetics Medical Group - Cosmetic Specialists Orange County, CA","isPartOf":{"@id":"https:\/\/precisionaestheticsmg.com\/#website"},"datePublished":"2018-04-18T10:35:56+00:00","dateModified":"2019-02-07T08:57:08+00:00","description":"Haga clic aqu\u00ed para ver las opiniones de pacientes reales de est\u00e9tica de precisi\u00f3n. Al servicio de pacientes en Santa Ana e Irvine, CA.","breadcrumb":{"@id":"https:\/\/precisionaestheticsmg.com\/es\/reviews\/#breadcrumb"},"inLanguage":"es","potentialAction":[{"@type":"ReadAction","target":["https:\/\/precisionaestheticsmg.com\/es\/reviews\/"]}]},{"@type":"BreadcrumbList","@id":"https:\/\/precisionaestheticsmg.com\/es\/reviews\/#breadcrumb","itemListElement":[{"@type":"ListItem","position":1,"name":"Home","item":"https:\/\/precisionaestheticsmg.com\/es\/"},{"@type":"ListItem","position":2,"name":"Opiniones"}]},{"@type":"WebSite","@id":"https:\/\/precisionaestheticsmg.com\/#website","url":"https:\/\/precisionaestheticsmg.com\/","name":"Precision Aesthetics Medical Group - Cosmetic Specialists Orange County, CA","description":"BOTOX Specialists Santa Ana, Wrinkle Reduction Irvine, Dermal Fillers Orange County, CA","publisher":{"@id":"https:\/\/precisionaestheticsmg.com\/#organization"},"potentialAction":[{"@type":"SearchAction","target":{"@type":"EntryPoint","urlTemplate":"https:\/\/precisionaestheticsmg.com\/?s={search_term_string}"},"query-input":{"@type":"PropertyValueSpecification","valueRequired":true,"valueName":"search_term_string"}}],"inLanguage":"es"},{"@type":"Organization","@id":"https:\/\/precisionaestheticsmg.com\/#organization","name":"Precision Aesthetics Medical Group","url":"https:\/\/precisionaestheticsmg.com\/","logo":{"@type":"ImageObject","inLanguage":"es","@id":"https:\/\/precisionaestheticsmg.com\/#\/schema\/logo\/image\/","url":"https:\/\/precisionaestheticsmg.com\/wp-content\/uploads\/2018\/04\/logo-1.png","contentUrl":"https:\/\/precisionaestheticsmg.com\/wp-content\/uploads\/2018\/04\/logo-1.png","width":348,"height":99,"caption":"Precision Aesthetics Medical Group"},"image":{"@id":"https:\/\/precisionaestheticsmg.com\/#\/schema\/logo\/image\/"}}]}},"jetpack_sharing_enabled":true,"_links":{"self":[{"href":"https:\/\/precisionaestheticsmg.com\/es\/wp-json\/wp\/v2\/pages\/407","targetHints":{"allow":["GET"]}}],"collection":[{"href":"https:\/\/precisionaestheticsmg.com\/es\/wp-json\/wp\/v2\/pages"}],"about":[{"href":"https:\/\/precisionaestheticsmg.com\/es\/wp-json\/wp\/v2\/types\/page"}],"author":[{"embeddable":true,"href":"https:\/\/precisionaestheticsmg.com\/es\/wp-json\/wp\/v2\/users\/5"}],"replies":[{"embeddable":true,"href":"https:\/\/precisionaestheticsmg.com\/es\/wp-json\/wp\/v2\/comments?post=407"}],"version-history":[{"count":1,"href":"https:\/\/precisionaestheticsmg.com\/es\/wp-json\/wp\/v2\/pages\/407\/revisions"}],"predecessor-version":[{"id":556,"href":"https:\/\/precisionaestheticsmg.com\/es\/wp-json\/wp\/v2\/pages\/407\/revisions\/556"}],"wp:attachment":[{"href":"https:\/\/precisionaestheticsmg.com\/es\/wp-json\/wp\/v2\/media?parent=407"}],"curies":[{"name":"wp","href":"https:\/\/api.w.org\/{rel}","templated":true}]}}