{"id":388,"date":"2018-04-09T07:00:11","date_gmt":"2018-04-09T07:00:11","guid":{"rendered":"https:\/\/pamg.bv6bm9j6-liquidwebsites.com\/botox-specialists-santa-ana\/"},"modified":"2018-10-08T12:52:44","modified_gmt":"2018-10-08T12:52:44","slug":"botox-specialists-santa-ana","status":"publish","type":"page","link":"https:\/\/precisionaestheticsmg.com\/es\/botox-specialists-santa-ana\/","title":{"rendered":"Acerca de"},"content":{"rendered":"<div class=\"fusion-fullwidth fullwidth-box fusion-builder-row-1 nonhundred-percent-fullwidth non-hundred-percent-height-scrolling\" style=\"--awb-border-radius-top-left:0px;--awb-border-radius-top-right:0px;--awb-border-radius-bottom-right:0px;--awb-border-radius-bottom-left:0px;--awb-flex-wrap:wrap;\" ><div class=\"fusion-builder-row fusion-row\"><div class=\"fusion-layout-column fusion_builder_column fusion-builder-column-0 fusion_builder_column_1_1 1_1 fusion-one-full fusion-column-first fusion-column-last\" style=\"--awb-bg-size:cover;\"><div class=\"fusion-column-wrapper fusion-flex-column-wrapper-legacy\"><div class=\"fusion-text fusion-text-1\"><h1>Sobre Est\u00e9tica De Precisi\u00f3n<\/h1>\n<p>Bajo la direcci\u00f3n y orentaci\u00f3n de la junta de un m\u00e9dico certificado Dr. Gonstein, el personal de Precision Aesthetics Medical Group, ayada a reducir la apariencia del envejecimiento con una amplia gama de servicios est\u00e9ticos y cosm\u00e9ticos.<\/p>\n<p>Las inyecciones de belleza con botox reducir\u00e1n la aparici\u00f3n de arrugas en la cara y te har\u00e1n ver m\u00e1s joven. Juv\u00e9derm elimina las l\u00edneas finas y alisa al instante las arrugas moderadas a graves y se dobla alrededor al la nariz y la boca. Voluma agrega volumen al area de la mejilla proporcion\u00e1ndole una elevaci\u00f3n sutil, ayudando a restaurar el contorno y un perfil m\u00e1s juvenil. Para pesta\u00f1as m\u00e1s largas y m\u00e1s llenas ofrecemos Latisse.<\/p>\n<p>El equipo experto de Precision Aesthetics Medical Group tambi\u00e9n equipa a los clients con productos para el cuidado de la piel de grado m\u00e9dico que se llevan a casa. Nuestro personal altamente capacitado lo ayudar\u00e1 a determinar qu\u00e9 regimen de tratamiento es major para usted en funci\u00f3n de su estilo de vida, condici\u00f3n de la piel y procedimientos previos.<\/p>\n<p>Porque Precision Aesthetics forma parte de un gran grupo m\u00e9dico que ofrece una variedad de servicios medicos. Precision Aesthetics puede mantener sus precios altamente competitivos en el mercado regional para ajustarse a su presupuesto. Es nuestro objetivo mantener precios amigables para el paciente.<\/p>\n<h2>Especializda en Procedimientos Cosm\u00e9ticos<\/h2>\n<p>A diferencia de algunos de nuestros competidores, Precision Aesthetics se especializa en dermatolog\u00eda cosm\u00e9tica y la aplicaci\u00f3n de Botox, rellenos d\u00e9rmicos y tratamientos con laser. Al mantener un enfoque especializado, el personal m\u00e9dico de Precision Aesthetics est\u00e1 seguro si mantiene solo las t\u00e9cnicas de procedimiento de la m\u00e1s alta calidad y puede mantenerse al tanto de los \u00faltimos avances en el campo de la dermatolog\u00eda est\u00e9tica que implica r\u00e1pidamente.<\/p>\n<p>La filosof\u00eda de Precision Aesthetics es mejorar la belleza mediante la administraci\u00f3n de procedimientos cosm\u00e9ticos con resultados tan suaves y naturales que solo su m\u00e9dico sabr\u00e1.<\/p>\n<h2>Pol\u00edtica De Privacidad<\/h2>\n<p>En virtud de la ley de privacidad y porque Precision Aesthetics Medical Group es una corporaci\u00f3n m\u00e9dica, cumplimos estrictamente con todas las leyes de privacidad de informaci\u00f3n de salud (HIPAA). No compartiremos ninguna informaci\u00f3n con respecta a su informaci\u00f3n personal.<\/p>\n<\/div><div class=\"fusion-clearfix\"><\/div><\/div><\/div><\/div><\/div>\n","protected":false},"excerpt":{"rendered":"","protected":false},"author":5,"featured_media":0,"parent":0,"menu_order":0,"comment_status":"closed","ping_status":"closed","template":"","meta":{"footnotes":""},"class_list":["post-388","page","type-page","status-publish","hentry"],"yoast_head":"<!-- This site is optimized with the Yoast SEO plugin v27.3 - https:\/\/yoast.com\/product\/yoast-seo-wordpress\/ -->\n<title>About Us | Precision Aesthetics<\/title>\n<meta name=\"description\" content=\"Precision Aesthetics provides patients in the Santa Ana &amp; Irvine, CA areas with cosmetic procedures that will help enhance their overall appearance. From wrinkle correction with Botox, to laser treatments to address skin complexion issues, our experts have a solution for whatever your cosmetic needs are.\" \/>\n<meta name=\"robots\" content=\"index, follow, max-snippet:-1, max-image-preview:large, max-video-preview:-1\" \/>\n<link rel=\"canonical\" href=\"https:\/\/precisionaestheticsmg.com\/es\/botox-specialists-santa-ana\/\" \/>\n<meta name=\"twitter:label1\" content=\"Tiempo de lectura\" \/>\n\t<meta name=\"twitter:data1\" content=\"3 minutos\" \/>\n<script type=\"application\/ld+json\" class=\"yoast-schema-graph\">{\"@context\":\"https:\\\/\\\/schema.org\",\"@graph\":[{\"@type\":\"WebPage\",\"@id\":\"https:\\\/\\\/precisionaestheticsmg.com\\\/es\\\/botox-specialists-santa-ana\\\/\",\"url\":\"https:\\\/\\\/precisionaestheticsmg.com\\\/es\\\/botox-specialists-santa-ana\\\/\",\"name\":\"About Us | Precision Aesthetics\",\"isPartOf\":{\"@id\":\"https:\\\/\\\/precisionaestheticsmg.com\\\/#website\"},\"datePublished\":\"2018-04-09T07:00:11+00:00\",\"dateModified\":\"2018-10-08T12:52:44+00:00\",\"description\":\"Precision Aesthetics provides patients in the Santa Ana & Irvine, CA areas with cosmetic procedures that will help enhance their overall appearance. From wrinkle correction with Botox, to laser treatments to address skin complexion issues, our experts have a solution for whatever your cosmetic needs are.\",\"breadcrumb\":{\"@id\":\"https:\\\/\\\/precisionaestheticsmg.com\\\/es\\\/botox-specialists-santa-ana\\\/#breadcrumb\"},\"inLanguage\":\"es\",\"potentialAction\":[{\"@type\":\"ReadAction\",\"target\":[\"https:\\\/\\\/precisionaestheticsmg.com\\\/es\\\/botox-specialists-santa-ana\\\/\"]}]},{\"@type\":\"BreadcrumbList\",\"@id\":\"https:\\\/\\\/precisionaestheticsmg.com\\\/es\\\/botox-specialists-santa-ana\\\/#breadcrumb\",\"itemListElement\":[{\"@type\":\"ListItem\",\"position\":1,\"name\":\"Home\",\"item\":\"https:\\\/\\\/precisionaestheticsmg.com\\\/es\\\/\"},{\"@type\":\"ListItem\",\"position\":2,\"name\":\"Acerca de\"}]},{\"@type\":\"WebSite\",\"@id\":\"https:\\\/\\\/precisionaestheticsmg.com\\\/#website\",\"url\":\"https:\\\/\\\/precisionaestheticsmg.com\\\/\",\"name\":\"Precision Aesthetics Medical Group - Cosmetic Specialists Orange County, CA\",\"description\":\"BOTOX Specialists Santa Ana, Wrinkle Reduction Irvine, Dermal Fillers Orange County, CA\",\"publisher\":{\"@id\":\"https:\\\/\\\/precisionaestheticsmg.com\\\/#organization\"},\"potentialAction\":[{\"@type\":\"SearchAction\",\"target\":{\"@type\":\"EntryPoint\",\"urlTemplate\":\"https:\\\/\\\/precisionaestheticsmg.com\\\/?s={search_term_string}\"},\"query-input\":{\"@type\":\"PropertyValueSpecification\",\"valueRequired\":true,\"valueName\":\"search_term_string\"}}],\"inLanguage\":\"es\"},{\"@type\":\"Organization\",\"@id\":\"https:\\\/\\\/precisionaestheticsmg.com\\\/#organization\",\"name\":\"Precision Aesthetics Medical Group\",\"url\":\"https:\\\/\\\/precisionaestheticsmg.com\\\/\",\"logo\":{\"@type\":\"ImageObject\",\"inLanguage\":\"es\",\"@id\":\"https:\\\/\\\/precisionaestheticsmg.com\\\/#\\\/schema\\\/logo\\\/image\\\/\",\"url\":\"https:\\\/\\\/precisionaestheticsmg.com\\\/wp-content\\\/uploads\\\/2018\\\/04\\\/logo-1.png\",\"contentUrl\":\"https:\\\/\\\/precisionaestheticsmg.com\\\/wp-content\\\/uploads\\\/2018\\\/04\\\/logo-1.png\",\"width\":348,\"height\":99,\"caption\":\"Precision Aesthetics Medical Group\"},\"image\":{\"@id\":\"https:\\\/\\\/precisionaestheticsmg.com\\\/#\\\/schema\\\/logo\\\/image\\\/\"}}]}<\/script>\n<!-- \/ Yoast SEO plugin. -->","yoast_head_json":{"title":"About Us | Precision Aesthetics","description":"Precision Aesthetics provides patients in the Santa Ana & Irvine, CA areas with cosmetic procedures that will help enhance their overall appearance. From wrinkle correction with Botox, to laser treatments to address skin complexion issues, our experts have a solution for whatever your cosmetic needs are.","robots":{"index":"index","follow":"follow","max-snippet":"max-snippet:-1","max-image-preview":"max-image-preview:large","max-video-preview":"max-video-preview:-1"},"canonical":"https:\/\/precisionaestheticsmg.com\/es\/botox-specialists-santa-ana\/","twitter_misc":{"Tiempo de lectura":"3 minutos"},"schema":{"@context":"https:\/\/schema.org","@graph":[{"@type":"WebPage","@id":"https:\/\/precisionaestheticsmg.com\/es\/botox-specialists-santa-ana\/","url":"https:\/\/precisionaestheticsmg.com\/es\/botox-specialists-santa-ana\/","name":"About Us | Precision Aesthetics","isPartOf":{"@id":"https:\/\/precisionaestheticsmg.com\/#website"},"datePublished":"2018-04-09T07:00:11+00:00","dateModified":"2018-10-08T12:52:44+00:00","description":"Precision Aesthetics provides patients in the Santa Ana & Irvine, CA areas with cosmetic procedures that will help enhance their overall appearance. From wrinkle correction with Botox, to laser treatments to address skin complexion issues, our experts have a solution for whatever your cosmetic needs are.","breadcrumb":{"@id":"https:\/\/precisionaestheticsmg.com\/es\/botox-specialists-santa-ana\/#breadcrumb"},"inLanguage":"es","potentialAction":[{"@type":"ReadAction","target":["https:\/\/precisionaestheticsmg.com\/es\/botox-specialists-santa-ana\/"]}]},{"@type":"BreadcrumbList","@id":"https:\/\/precisionaestheticsmg.com\/es\/botox-specialists-santa-ana\/#breadcrumb","itemListElement":[{"@type":"ListItem","position":1,"name":"Home","item":"https:\/\/precisionaestheticsmg.com\/es\/"},{"@type":"ListItem","position":2,"name":"Acerca de"}]},{"@type":"WebSite","@id":"https:\/\/precisionaestheticsmg.com\/#website","url":"https:\/\/precisionaestheticsmg.com\/","name":"Precision Aesthetics Medical Group - Cosmetic Specialists Orange County, CA","description":"BOTOX Specialists Santa Ana, Wrinkle Reduction Irvine, Dermal Fillers Orange County, CA","publisher":{"@id":"https:\/\/precisionaestheticsmg.com\/#organization"},"potentialAction":[{"@type":"SearchAction","target":{"@type":"EntryPoint","urlTemplate":"https:\/\/precisionaestheticsmg.com\/?s={search_term_string}"},"query-input":{"@type":"PropertyValueSpecification","valueRequired":true,"valueName":"search_term_string"}}],"inLanguage":"es"},{"@type":"Organization","@id":"https:\/\/precisionaestheticsmg.com\/#organization","name":"Precision Aesthetics Medical Group","url":"https:\/\/precisionaestheticsmg.com\/","logo":{"@type":"ImageObject","inLanguage":"es","@id":"https:\/\/precisionaestheticsmg.com\/#\/schema\/logo\/image\/","url":"https:\/\/precisionaestheticsmg.com\/wp-content\/uploads\/2018\/04\/logo-1.png","contentUrl":"https:\/\/precisionaestheticsmg.com\/wp-content\/uploads\/2018\/04\/logo-1.png","width":348,"height":99,"caption":"Precision Aesthetics Medical Group"},"image":{"@id":"https:\/\/precisionaestheticsmg.com\/#\/schema\/logo\/image\/"}}]}},"jetpack_sharing_enabled":true,"_links":{"self":[{"href":"https:\/\/precisionaestheticsmg.com\/es\/wp-json\/wp\/v2\/pages\/388","targetHints":{"allow":["GET"]}}],"collection":[{"href":"https:\/\/precisionaestheticsmg.com\/es\/wp-json\/wp\/v2\/pages"}],"about":[{"href":"https:\/\/precisionaestheticsmg.com\/es\/wp-json\/wp\/v2\/types\/page"}],"author":[{"embeddable":true,"href":"https:\/\/precisionaestheticsmg.com\/es\/wp-json\/wp\/v2\/users\/5"}],"replies":[{"embeddable":true,"href":"https:\/\/precisionaestheticsmg.com\/es\/wp-json\/wp\/v2\/comments?post=388"}],"version-history":[{"count":0,"href":"https:\/\/precisionaestheticsmg.com\/es\/wp-json\/wp\/v2\/pages\/388\/revisions"}],"wp:attachment":[{"href":"https:\/\/precisionaestheticsmg.com\/es\/wp-json\/wp\/v2\/media?parent=388"}],"curies":[{"name":"wp","href":"https:\/\/api.w.org\/{rel}","templated":true}]}}